{"id":931,"date":"2020-01-06T19:40:03","date_gmt":"2020-01-06T18:40:03","guid":{"rendered":"http:\/\/b38jwy.myraidbox.de\/?post_type=product&#038;p=931"},"modified":"2026-04-15T16:00:59","modified_gmt":"2026-04-15T14:00:59","slug":"nippel-med-platt-huvud-16-r14","status":"publish","type":"product","link":"https:\/\/www.polymerpacker.de\/sv\/produkt\/flachkopfnippel-16-r14\/","title":{"rendered":"Platt nippel 16 med anslutningsg\u00e4nga R1\/4\u2033"},"content":{"rendered":"<p><span style=\"color: #000000;\"><span style=\"font-family: Arial, sans-serif;\"><span style=\"font-size: medium;\"><b>Standardanslutningssystem f\u00f6r injektionspackare.<\/b><\/span><\/span><\/span><\/p>\n<p><span style=\"color: #000000;\"><span style=\"font-family: Arial, sans-serif;\"><span style=\"font-size: medium;\">Kan anv\u00e4ndas f\u00f6r injektion av epoxiharts, polyuretanharts, akrylatgel, silikonemulsion, silikatkr\u00e4m. <strong>F\u00f6r maximalt insprutningstryck p\u00e5 upp till 150 bar. <\/strong><\/span><\/span><\/span><\/p>\n<p><span style=\"color: #000000;\"><span style=\"font-family: Arial, sans-serif;\"><span style=\"font-size: medium;\"><b>Bepr\u00f6vad produkt flera miljoner g\u00e5nger om, producerad av oss sedan 2007.<\/b><\/span><\/span><\/span><\/p>","protected":false},"excerpt":{"rendered":"<h3><strong>Nippel med platt huvud FKN16R14<\/strong><\/h3>\n<p><strong>Plastnippel med platt huvud<\/strong> DIN 3404 <strong>16 mm<\/strong>, med inbyggd backventil, \u00f6ppningstryck ca. <strong>2 bar<\/strong>.<\/p>\n<h4>Anslutning:<strong> Inv\u00e4ndig g\u00e4nga R1\/4\u2033 (sj\u00e4lvt\u00e4tande r\u00f6rg\u00e4nga).<\/strong><\/h4>","protected":false},"featured_media":1083,"template":"","meta":[],"product_brand":[],"product_cat":[121,42],"product_tag":[120,122,131],"class_list":{"0":"post-931","1":"product","2":"type-product","3":"status-publish","4":"has-post-thumbnail","6":"product_cat-injektionspacker-anschliessen","7":"product_cat-injektion-packer-pumpen","8":"product_tag-injektionspacker-mit-flachkopfnippel","9":"product_tag-injektionspacker-an-pumpen-anschliessen","10":"product_tag-unsere-millionenfach-bewaehrten-produkte","12":"first","13":"instock","14":"taxable","15":"shipping-taxable","16":"purchasable","17":"product-type-simple"},"tiered_pricing_type":"percentage","tiered_pricing_fixed_rules":{"100":5,"1000":10},"tiered_pricing_product_settings":{"layout":"default","base_unit_name":{"singular":null,"plural":null},"default_variation":null},"tiered_pricing_minimum_quantity":10,"tiered_pricing_roles_data":[],"tiered_pricing_percentage_rules":{"100":5,"1000":10},"tiered_pricing_maximum_quantity":null,"tiered_pricing_quantity_step":null,"_links":{"self":[{"href":"https:\/\/www.polymerpacker.de\/sv\/wp-json\/wp\/v2\/product\/931","targetHints":{"allow":["GET"]}}],"collection":[{"href":"https:\/\/www.polymerpacker.de\/sv\/wp-json\/wp\/v2\/product"}],"about":[{"href":"https:\/\/www.polymerpacker.de\/sv\/wp-json\/wp\/v2\/types\/product"}],"wp:featuredmedia":[{"embeddable":true,"href":"https:\/\/www.polymerpacker.de\/sv\/wp-json\/wp\/v2\/media\/1083"}],"wp:attachment":[{"href":"https:\/\/www.polymerpacker.de\/sv\/wp-json\/wp\/v2\/media?parent=931"}],"wp:term":[{"taxonomy":"product_brand","embeddable":true,"href":"https:\/\/www.polymerpacker.de\/sv\/wp-json\/wp\/v2\/product_brand?post=931"},{"taxonomy":"product_cat","embeddable":true,"href":"https:\/\/www.polymerpacker.de\/sv\/wp-json\/wp\/v2\/product_cat?post=931"},{"taxonomy":"product_tag","embeddable":true,"href":"https:\/\/www.polymerpacker.de\/sv\/wp-json\/wp\/v2\/product_tag?post=931"}],"curies":[{"name":"wp","href":"https:\/\/api.w.org\/{rel}","templated":true}]}}