{"id":877,"date":"2019-12-22T16:19:15","date_gmt":"2019-12-22T15:19:15","guid":{"rendered":"http:\/\/b38jwy.myraidbox.de\/?post_type=product&#038;p=877"},"modified":"2026-04-15T16:00:59","modified_gmt":"2026-04-15T14:00:59","slug":"injektionsfoerpackare-lsp18qs-foer-18-mm-borrhal","status":"publish","type":"product","link":"https:\/\/www.polymerpacker.de\/sv\/produkt\/injektionspacker-lsp18qs-fuer-bohrloch-18-mm\/","title":{"rendered":"Injekteringspackning LSP18QS f\u00f6r 18 mm borrh\u00e5l"},"content":{"rendered":"<h2><span style=\"color: #000000;\"><span style=\"font-family: Arial, sans-serif;\"><span style=\"font-size: medium;\"><b>Injekteringspacker LSP18QS f\u00f6r 18 mm borrh\u00e5l (lamell\u00e4r slagpacker) av h\u00f6gpresterande plast. <\/b><\/span><\/span><\/span><\/h2>\n<p><span style=\"color: #000000;\"><span style=\"font-family: Arial, sans-serif;\"><span style=\"font-size: medium;\">F\u00f6r anv\u00e4ndning vid injektering av gardiner med akrylatgel samt vid injektering av sprickor och h\u00e5lrum i alla vanliga byggmaterial som betong, h\u00e5lblock, tegel och sandsten. Kan anv\u00e4ndas f\u00f6r injektering av epoxiharts, polyuretanharts, akrylatgel, silikonemulsion, silikatkr\u00e4m. F\u00f6r maximalt injekteringstryck p\u00e5 upp till 50 bar. Kan f\u00e5s med gelr\u00f6r 10 x 1,5 mm som tillval, f\u00f6r anv\u00e4ndning vid injektering av akrylatgel i rid\u00e5er och p\u00e5 ytor (murbruksinjektering).<\/span><\/span><\/span><\/p>\n<p><span style=\"color: #000000;\"><span style=\"font-family: Arial, sans-serif;\"><span style=\"font-size: medium;\"><b>Bepr\u00f6vad produkt miljontals g\u00e5nger om, producerad av oss sedan 2003<\/b><\/span><\/span><\/span><\/p>\n<p><span style=\"color: #000000;\"><span style=\"font-family: Arial, sans-serif;\"><span style=\"font-size: medium;\"><b>F\u00f6r ytterligare information och s\u00e4kerhetsanvisningar kan du ladda ner det tekniska databladet f\u00f6r denna produkt h\u00e4r. <\/b><\/span><\/span><\/span><\/p>\n<p><a href=\"https:\/\/www.polymerpacker.de\/wp-content\/uploads\/2022\/06\/Polymerpacker-TM-LSP18QS-DE-EN.pdf\"><img fetchpriority=\"high\" decoding=\"async\" class=\"alignnone wp-image-1504 size-medium\" src=\"https:\/\/www.polymerpacker.de\/wp-content\/uploads\/2020\/08\/PDF-DOWNLOAD-250x400.jpg\" alt=\"\" width=\"250\" height=\"400\" srcset=\"https:\/\/www.polymerpacker.de\/wp-content\/uploads\/2020\/08\/PDF-DOWNLOAD-250x400.jpg 250w, https:\/\/www.polymerpacker.de\/wp-content\/uploads\/2020\/08\/PDF-DOWNLOAD-200x320.jpg 200w, https:\/\/www.polymerpacker.de\/wp-content\/uploads\/2020\/08\/PDF-DOWNLOAD-scaled-150x240.jpg 150w, https:\/\/www.polymerpacker.de\/wp-content\/uploads\/2020\/08\/PDF-DOWNLOAD-400x640.jpg 400w, https:\/\/www.polymerpacker.de\/wp-content\/uploads\/2020\/08\/PDF-DOWNLOAD-500x800.jpg 500w, https:\/\/www.polymerpacker.de\/wp-content\/uploads\/2020\/08\/PDF-DOWNLOAD-768x1228.jpg 768w, https:\/\/www.polymerpacker.de\/wp-content\/uploads\/2020\/08\/PDF-DOWNLOAD-961x1536.jpg 961w, https:\/\/www.polymerpacker.de\/wp-content\/uploads\/2020\/08\/PDF-DOWNLOAD-1281x2048.jpg 1281w, https:\/\/www.polymerpacker.de\/wp-content\/uploads\/2020\/08\/PDF-DOWNLOAD-scaled.jpg 1601w\" sizes=\"(max-width: 250px) 100vw, 250px\" \/><\/a><span style=\"font-family: Arial, sans-serif;\"><span style=\"font-size: medium;\">\u00a0<\/span><\/span><\/p>","protected":false},"excerpt":{"rendered":"<h3><strong>Injekteringspackning LSP18QS f\u00f6r 18 mm borrh\u00e5l<\/strong><\/h3>\n<p><strong>Slagpackare i plast, 118 mm l\u00e5ng.<\/strong><\/p>\n<h4>Anslutning: Nippel med platt huvud DIN 3404 <strong>16 mm <\/strong>med manuell tv\u00e4rg\u00e5ende skjutventil, fri passage <strong>\u00d8 4 mm.<\/strong><\/h4>\n<p><strong>Gratis f\u00f6rpackningsverktyg i varje paket<\/strong><\/p>","protected":false},"featured_media":2299,"template":"","meta":[],"product_brand":[],"product_cat":[42,112],"product_tag":[111,120,129,131,133],"class_list":{"0":"post-877","1":"product","2":"type-product","3":"status-publish","4":"has-post-thumbnail","6":"product_cat-injektion-packer-pumpen","7":"product_cat-injektionspacker-18-mm","8":"product_tag-injektionspacker-fuer-bohrung-18-mm","9":"product_tag-injektionspacker-mit-flachkopfnippel","10":"product_tag-injektionspacker-fuer-harz","11":"product_tag-unsere-millionenfach-bewaehrten-produkte","12":"product_tag-injektionspacker-fuer-gel","14":"first","15":"instock","16":"taxable","17":"shipping-taxable","18":"purchasable","19":"product-type-simple"},"tiered_pricing_type":"percentage","tiered_pricing_fixed_rules":[],"tiered_pricing_product_settings":{"layout":"default","base_unit_name":{"singular":null,"plural":null},"default_variation":null},"tiered_pricing_minimum_quantity":10,"tiered_pricing_roles_data":[],"tiered_pricing_percentage_rules":{"100":5,"1000":10},"tiered_pricing_maximum_quantity":null,"tiered_pricing_quantity_step":null,"_links":{"self":[{"href":"https:\/\/www.polymerpacker.de\/sv\/wp-json\/wp\/v2\/product\/877","targetHints":{"allow":["GET"]}}],"collection":[{"href":"https:\/\/www.polymerpacker.de\/sv\/wp-json\/wp\/v2\/product"}],"about":[{"href":"https:\/\/www.polymerpacker.de\/sv\/wp-json\/wp\/v2\/types\/product"}],"wp:featuredmedia":[{"embeddable":true,"href":"https:\/\/www.polymerpacker.de\/sv\/wp-json\/wp\/v2\/media\/2299"}],"wp:attachment":[{"href":"https:\/\/www.polymerpacker.de\/sv\/wp-json\/wp\/v2\/media?parent=877"}],"wp:term":[{"taxonomy":"product_brand","embeddable":true,"href":"https:\/\/www.polymerpacker.de\/sv\/wp-json\/wp\/v2\/product_brand?post=877"},{"taxonomy":"product_cat","embeddable":true,"href":"https:\/\/www.polymerpacker.de\/sv\/wp-json\/wp\/v2\/product_cat?post=877"},{"taxonomy":"product_tag","embeddable":true,"href":"https:\/\/www.polymerpacker.de\/sv\/wp-json\/wp\/v2\/product_tag?post=877"}],"curies":[{"name":"wp","href":"https:\/\/api.w.org\/{rel}","templated":true}]}}