{"id":426,"date":"2019-04-16T17:30:33","date_gmt":"2019-04-16T17:30:33","guid":{"rendered":"http:\/\/b38jwy.myraidbox.de\/?post_type=product&#038;p=426"},"modified":"2026-04-15T16:00:59","modified_gmt":"2026-04-15T14:00:59","slug":"injektionsfoerpackare-lsp10kn-foer-borrhal-10-mm","status":"publish","type":"product","link":"https:\/\/www.polymerpacker.de\/sv\/produkt\/injektionspacker-lsp10kn-fuer-bohrloch-10-mm\/","title":{"rendered":"Injekteringspackning LSP10KN f\u00f6r 10 mm borrh\u00e5l"},"content":{"rendered":"<h2><span style=\"color: #000000;\"><span style=\"font-family: Arial, sans-serif;\"><span style=\"font-size: medium;\"><b>Injekteringspacker LSP10KN f\u00f6r 10 mm borrh\u00e5l (lamell\u00e4r slagpacker) tillverkad av h\u00f6gpresterande plast.<\/b><\/span><\/span><\/span><\/h2>\n<p><span style=\"color: #000000;\"><span style=\"font-family: Arial, sans-serif;\"><span style=\"font-size: medium;\">Optimerad f\u00f6r anv\u00e4ndning vid injektering av sprickor i exakt borrade h\u00e5l i solida byggmaterial som betong, granit, basalt och sandsten. Kan anv\u00e4ndas f\u00f6r injektering av epoxiharts, polyuretanharts och silikonemulsion. Kan anv\u00e4ndas f\u00f6r maximala injekteringstryck p\u00e5 upp till 150 bar vid anv\u00e4ndning i m\u00e5ttnoggranna borrh\u00e5l i massiva byggnadsmaterial.<\/span><\/span><\/span><\/p>\n<p><span style=\"color: #000000;\"><span style=\"font-family: Arial, sans-serif;\"><span style=\"font-size: medium;\"><b>F\u00f6r ytterligare information och s\u00e4kerhetsanvisningar kan du ladda ner det tekniska databladet f\u00f6r denna produkt h\u00e4r. <\/b><\/span><\/span><\/span><\/p>\n<p><a href=\"https:\/\/www.polymerpacker.de\/wp-content\/uploads\/2022\/06\/Polymerpacker-TM-LSP10KN-DE-EN.pdf\"><img fetchpriority=\"high\" decoding=\"async\" class=\"alignnone wp-image-1504 size-medium\" src=\"https:\/\/www.polymerpacker.de\/wp-content\/uploads\/2020\/08\/PDF-DOWNLOAD-250x400.jpg\" alt=\"\" width=\"250\" height=\"400\" srcset=\"https:\/\/www.polymerpacker.de\/wp-content\/uploads\/2020\/08\/PDF-DOWNLOAD-250x400.jpg 250w, https:\/\/www.polymerpacker.de\/wp-content\/uploads\/2020\/08\/PDF-DOWNLOAD-200x320.jpg 200w, https:\/\/www.polymerpacker.de\/wp-content\/uploads\/2020\/08\/PDF-DOWNLOAD-scaled-150x240.jpg 150w, https:\/\/www.polymerpacker.de\/wp-content\/uploads\/2020\/08\/PDF-DOWNLOAD-400x640.jpg 400w, https:\/\/www.polymerpacker.de\/wp-content\/uploads\/2020\/08\/PDF-DOWNLOAD-500x800.jpg 500w, https:\/\/www.polymerpacker.de\/wp-content\/uploads\/2020\/08\/PDF-DOWNLOAD-768x1228.jpg 768w, https:\/\/www.polymerpacker.de\/wp-content\/uploads\/2020\/08\/PDF-DOWNLOAD-961x1536.jpg 961w, https:\/\/www.polymerpacker.de\/wp-content\/uploads\/2020\/08\/PDF-DOWNLOAD-1281x2048.jpg 1281w, https:\/\/www.polymerpacker.de\/wp-content\/uploads\/2020\/08\/PDF-DOWNLOAD-scaled.jpg 1601w\" sizes=\"(max-width: 250px) 100vw, 250px\" \/><\/a><\/p>","protected":false},"excerpt":{"rendered":"<h3><strong>Injekteringspackning LSP10KN f\u00f6r 10 mm borrh\u00e5l<\/strong><\/h3>\n<p><strong>Slagpackare i plast, 85 mm l\u00e5ng.<\/strong><\/p>\n<h4>Anslutning: Inskruvad <strong>Konisk nippel av st\u00e5l DIN 71412<\/strong> med backventil.  \u00d6ppningstryck ca. <strong>10 bar<\/strong>.<\/h4>\n<p><strong>Gratis f\u00f6rpackningsverktyg i varje paket<\/strong><\/p>","protected":false},"featured_media":2277,"template":"","meta":[],"product_brand":[],"product_cat":[42,83],"product_tag":[129,198,91],"class_list":{"0":"post-426","1":"product","2":"type-product","3":"status-publish","4":"has-post-thumbnail","6":"product_cat-injektion-packer-pumpen","7":"product_cat-injektionspacker-10-mm","8":"product_tag-injektionspacker-fuer-harz","9":"product_tag-injektionspacker-mit-kegelnippel","10":"product_tag-injektionspacker-fuer-bohrung-10-mm","12":"first","13":"instock","14":"taxable","15":"shipping-taxable","16":"purchasable","17":"product-type-simple"},"tiered_pricing_type":"percentage","tiered_pricing_fixed_rules":[],"tiered_pricing_product_settings":{"layout":"default","base_unit_name":{"singular":null,"plural":null},"default_variation":null},"tiered_pricing_minimum_quantity":10,"tiered_pricing_roles_data":[],"tiered_pricing_percentage_rules":{"100":5,"1000":10,"2000":15},"tiered_pricing_maximum_quantity":null,"tiered_pricing_quantity_step":null,"_links":{"self":[{"href":"https:\/\/www.polymerpacker.de\/sv\/wp-json\/wp\/v2\/product\/426","targetHints":{"allow":["GET"]}}],"collection":[{"href":"https:\/\/www.polymerpacker.de\/sv\/wp-json\/wp\/v2\/product"}],"about":[{"href":"https:\/\/www.polymerpacker.de\/sv\/wp-json\/wp\/v2\/types\/product"}],"wp:featuredmedia":[{"embeddable":true,"href":"https:\/\/www.polymerpacker.de\/sv\/wp-json\/wp\/v2\/media\/2277"}],"wp:attachment":[{"href":"https:\/\/www.polymerpacker.de\/sv\/wp-json\/wp\/v2\/media?parent=426"}],"wp:term":[{"taxonomy":"product_brand","embeddable":true,"href":"https:\/\/www.polymerpacker.de\/sv\/wp-json\/wp\/v2\/product_brand?post=426"},{"taxonomy":"product_cat","embeddable":true,"href":"https:\/\/www.polymerpacker.de\/sv\/wp-json\/wp\/v2\/product_cat?post=426"},{"taxonomy":"product_tag","embeddable":true,"href":"https:\/\/www.polymerpacker.de\/sv\/wp-json\/wp\/v2\/product_tag?post=426"}],"curies":[{"name":"wp","href":"https:\/\/api.w.org\/{rel}","templated":true}]}}