{"id":3811,"date":"2024-01-26T22:12:06","date_gmt":"2024-01-26T21:12:06","guid":{"rendered":"https:\/\/www.polymerpacker.de\/?post_type=product&#038;p=3811"},"modified":"2026-04-15T16:00:58","modified_gmt":"2026-04-15T14:00:58","slug":"statisk-gallerblandare-94-mm-smg94pp","status":"publish","type":"product","link":"https:\/\/www.polymerpacker.de\/sv\/produkt\/statik-gittermischer-94-mm-smg94pp\/","title":{"rendered":"Statisk gallerblandare 9,4 mm SMG94PP tillverkad av polypropylen"},"content":{"rendered":"<p><span style=\"color: #000000;\"><span style=\"font-family: Arial, sans-serif;\"><span style=\"font-size: medium;\"><b>Polymerpacker Statisk gallerblandare <\/b>har utm\u00e4rkta blandningsegenskaper och \u00e4r optimerade f\u00f6r produktion av mycket homogena konsistenser vid kontinuerlig fl\u00f6desblandning av reaktiva flerkomponentpolymerer. \u00c4ven med stora skillnader i viskositet och densitet.<\/span><\/span><\/span><\/p>\n<p><span style=\"color: #000000;\"><span style=\"font-family: Arial, sans-serif;\"><span style=\"font-size: medium;\"><b>Statisk gallerblandare 9,4 mm SMG94PP tillverkad av polypropylen <\/b>har visat sig fungera v\u00e4l i industriella m\u00e5lningssystem f\u00f6r kontinuerlig fl\u00f6desblandning av flerkomponentsf\u00e4rgsystem.<\/span><\/span><\/span><\/p>\n<p><span style=\"color: #000000;\"><span style=\"font-family: Arial, sans-serif;\"><span style=\"font-size: medium;\"><b>Bepr\u00f6vad produkt miljontals g\u00e5nger om, producerad av oss sedan 2002<\/b><\/span><\/span><\/span><\/p>","protected":false},"excerpt":{"rendered":"<h3><strong><span style=\"color: #000000;\"><span style=\"font-family: Arial, sans-serif;\"><span style=\"font-size: medium;\">Statisk gallerblandare 9,4 mm SMG94PP tillverkad av polypropylen<\/span><\/span><\/span><\/strong><\/h3>\n<p><span style=\"color: #000000;\"><span style=\"font-family: Arial, sans-serif;\"><span style=\"font-size: medium;\">Diameter 9,4 mm, l\u00e4ngd 9,4 mm, med 18 st\u00e4nger i 6 lager, st\u00e4ngtjocklek 1 mm, tryckbest\u00e4ndig upp till 80 bar.<\/span><\/span><\/span><\/p>","protected":false},"featured_media":3807,"template":"","meta":[],"product_brand":[],"product_cat":[137],"product_tag":[127,131,134],"class_list":{"0":"post-3811","1":"product","2":"type-product","3":"status-publish","4":"has-post-thumbnail","6":"product_cat-statik-gittermischer","7":"product_tag-dissolver","8":"product_tag-unsere-millionenfach-bewaehrten-produkte","9":"product_tag-statik-gittermischer","11":"first","12":"instock","13":"taxable","14":"shipping-taxable","15":"purchasable","16":"product-type-simple"},"tiered_pricing_type":"percentage","tiered_pricing_fixed_rules":[],"tiered_pricing_product_settings":{"layout":"default","base_unit_name":{"singular":null,"plural":null},"default_variation":null},"tiered_pricing_minimum_quantity":10,"tiered_pricing_roles_data":[],"tiered_pricing_percentage_rules":{"100":5,"1000":10},"tiered_pricing_maximum_quantity":null,"tiered_pricing_quantity_step":null,"_links":{"self":[{"href":"https:\/\/www.polymerpacker.de\/sv\/wp-json\/wp\/v2\/product\/3811","targetHints":{"allow":["GET"]}}],"collection":[{"href":"https:\/\/www.polymerpacker.de\/sv\/wp-json\/wp\/v2\/product"}],"about":[{"href":"https:\/\/www.polymerpacker.de\/sv\/wp-json\/wp\/v2\/types\/product"}],"wp:featuredmedia":[{"embeddable":true,"href":"https:\/\/www.polymerpacker.de\/sv\/wp-json\/wp\/v2\/media\/3807"}],"wp:attachment":[{"href":"https:\/\/www.polymerpacker.de\/sv\/wp-json\/wp\/v2\/media?parent=3811"}],"wp:term":[{"taxonomy":"product_brand","embeddable":true,"href":"https:\/\/www.polymerpacker.de\/sv\/wp-json\/wp\/v2\/product_brand?post=3811"},{"taxonomy":"product_cat","embeddable":true,"href":"https:\/\/www.polymerpacker.de\/sv\/wp-json\/wp\/v2\/product_cat?post=3811"},{"taxonomy":"product_tag","embeddable":true,"href":"https:\/\/www.polymerpacker.de\/sv\/wp-json\/wp\/v2\/product_tag?post=3811"}],"curies":[{"name":"wp","href":"https:\/\/api.w.org\/{rel}","templated":true}]}}