{"id":3792,"date":"2024-01-21T19:58:32","date_gmt":"2024-01-21T18:58:32","guid":{"rendered":"https:\/\/www.polymerpacker.de\/?post_type=product&#038;p=3792"},"modified":"2026-04-15T16:01:00","modified_gmt":"2026-04-15T14:01:00","slug":"injektionsfoerpackare-sps14116-foer-14-mm-borrhal","status":"publish","type":"product","link":"https:\/\/www.polymerpacker.de\/sv\/produkt\/injektionspacker-sps14116-fuer-bohrloch-14-mm\/","title":{"rendered":"Injekteringspackning SPS14116 f\u00f6r 14 mm borrh\u00e5l"},"content":{"rendered":"<h2><span style=\"color: #000000;\"><strong><span style=\"font-family: Arial, sans-serif;\"><span style=\"font-size: medium;\">Injekteringspackning SPS14116 f\u00f6r 14 mm borrh\u00e5l<\/span><\/span><\/strong><\/span><\/h2>\n<p><span style=\"color: #000000;\">St\u00e5lskruvspackare med sp\u00e4nnmutter av h\u00f6gpresterande plast f\u00f6r anv\u00e4ndning vid fyllning av sprickor och h\u00e5ligheter samt injektering i alla vanliga byggmaterial som betong, h\u00e5lblock, tegel och sandsten. Idealisk f\u00f6r injektering av epoxi- och polyuretanharts med h\u00f6g torrsubstanshalt, eller cementsuspension, cementpasta, injektionsbruk. F\u00f6r anv\u00e4ndning i m\u00e5ttnoggranna borrh\u00e5l i massiva byggmaterial, l\u00e4mplig f\u00f6r maximala injekteringstryck p\u00e5 upp till 100 bar.<\/span><\/p>\n<p><span style=\"color: #000000;\"><span style=\"font-family: Arial, sans-serif;\"><span style=\"font-size: medium;\"><b>F\u00f6r ytterligare information och s\u00e4kerhetsanvisningar kan du ladda ner det tekniska databladet f\u00f6r denna produkt h\u00e4r. <\/b><\/span><\/span><\/span><\/p>\n<p><a href=\"https:\/\/www.polymerpacker.de\/wp-content\/uploads\/2024\/01\/Polymerpacker-TM-SPS14116-DE-EN.pdf\"><img fetchpriority=\"high\" decoding=\"async\" class=\"alignnone wp-image-1504 size-medium\" src=\"https:\/\/www.polymerpacker.de\/wp-content\/uploads\/2020\/08\/PDF-DOWNLOAD-250x400.jpg\" alt=\"\" width=\"250\" height=\"400\" srcset=\"https:\/\/www.polymerpacker.de\/wp-content\/uploads\/2020\/08\/PDF-DOWNLOAD-250x400.jpg 250w, https:\/\/www.polymerpacker.de\/wp-content\/uploads\/2020\/08\/PDF-DOWNLOAD-200x320.jpg 200w, https:\/\/www.polymerpacker.de\/wp-content\/uploads\/2020\/08\/PDF-DOWNLOAD-scaled-150x240.jpg 150w, https:\/\/www.polymerpacker.de\/wp-content\/uploads\/2020\/08\/PDF-DOWNLOAD-400x640.jpg 400w, https:\/\/www.polymerpacker.de\/wp-content\/uploads\/2020\/08\/PDF-DOWNLOAD-500x800.jpg 500w, https:\/\/www.polymerpacker.de\/wp-content\/uploads\/2020\/08\/PDF-DOWNLOAD-768x1228.jpg 768w, https:\/\/www.polymerpacker.de\/wp-content\/uploads\/2020\/08\/PDF-DOWNLOAD-961x1536.jpg 961w, https:\/\/www.polymerpacker.de\/wp-content\/uploads\/2020\/08\/PDF-DOWNLOAD-1281x2048.jpg 1281w, https:\/\/www.polymerpacker.de\/wp-content\/uploads\/2020\/08\/PDF-DOWNLOAD-scaled.jpg 1601w\" sizes=\"(max-width: 250px) 100vw, 250px\" \/><\/a><\/p>","protected":false},"excerpt":{"rendered":"<h3><strong>Injekteringspackning f\u00f6r 14 mm borrh\u00e5l<\/strong><\/h3>\n<p><strong>Skruvpackare i st\u00e5l, 116 mm l\u00e5ng. <\/strong>Gummihylsa <strong>40 mm<\/strong> l\u00e5ng med l\u00e4ngsg\u00e5ende sp\u00e5r f\u00f6r att f\u00f6rhindra rotation n\u00e4r packaren sp\u00e4nns fast i borrh\u00e5let.<strong><span style=\"color: #00ccff;\"> Sp\u00e4nnmutter med 14 mm sexkant<\/span> tillverkad av h\u00f6gpresterande plast.<\/strong><\/p>\n<h4>Anslutning: <strong>Sj\u00e4lvt\u00e4tande r\u00f6rg\u00e4nga R1\/4\u2033<\/strong>, fri passage <strong>\u00d8 5 mm<\/strong>.<\/h4>","protected":false},"featured_media":3771,"template":"","meta":[],"product_brand":[],"product_cat":[109,42],"product_tag":[110,129],"class_list":{"0":"post-3792","1":"product","2":"type-product","3":"status-publish","4":"has-post-thumbnail","6":"product_cat-injektionspacker-14-mm","7":"product_cat-injektion-packer-pumpen","8":"product_tag-injektionspacker-fuer-bohrung-14-mm","9":"product_tag-injektionspacker-fuer-harz","11":"first","12":"instock","13":"taxable","14":"shipping-taxable","15":"purchasable","16":"product-type-simple"},"tiered_pricing_type":"percentage","tiered_pricing_fixed_rules":[],"tiered_pricing_product_settings":{"layout":"default","base_unit_name":{"singular":null,"plural":null},"default_variation":null},"tiered_pricing_minimum_quantity":10,"tiered_pricing_roles_data":[],"tiered_pricing_percentage_rules":{"100":5,"1000":10},"tiered_pricing_maximum_quantity":null,"tiered_pricing_quantity_step":null,"_links":{"self":[{"href":"https:\/\/www.polymerpacker.de\/sv\/wp-json\/wp\/v2\/product\/3792","targetHints":{"allow":["GET"]}}],"collection":[{"href":"https:\/\/www.polymerpacker.de\/sv\/wp-json\/wp\/v2\/product"}],"about":[{"href":"https:\/\/www.polymerpacker.de\/sv\/wp-json\/wp\/v2\/types\/product"}],"wp:featuredmedia":[{"embeddable":true,"href":"https:\/\/www.polymerpacker.de\/sv\/wp-json\/wp\/v2\/media\/3771"}],"wp:attachment":[{"href":"https:\/\/www.polymerpacker.de\/sv\/wp-json\/wp\/v2\/media?parent=3792"}],"wp:term":[{"taxonomy":"product_brand","embeddable":true,"href":"https:\/\/www.polymerpacker.de\/sv\/wp-json\/wp\/v2\/product_brand?post=3792"},{"taxonomy":"product_cat","embeddable":true,"href":"https:\/\/www.polymerpacker.de\/sv\/wp-json\/wp\/v2\/product_cat?post=3792"},{"taxonomy":"product_tag","embeddable":true,"href":"https:\/\/www.polymerpacker.de\/sv\/wp-json\/wp\/v2\/product_tag?post=3792"}],"curies":[{"name":"wp","href":"https:\/\/api.w.org\/{rel}","templated":true}]}}