{"id":3539,"date":"2023-10-06T16:53:51","date_gmt":"2023-10-06T14:53:51","guid":{"rendered":"https:\/\/www.polymerpacker.de\/?post_type=product&#038;p=3539"},"modified":"2026-04-15T16:01:02","modified_gmt":"2026-04-15T14:01:02","slug":"hoegpresterande-bergborr-i-hardmetall-16-x-950-mm","status":"publish","type":"product","link":"https:\/\/www.polymerpacker.de\/sv\/produkt\/hochleistungs-hartmetall-gesteinsbohrer-16-x-950-mm\/","title":{"rendered":"H\u00f6gpresterande bergborr i h\u00e5rdmetall 16 x 950 mm"},"content":{"rendered":"<p><span style=\"color: #000000;\"><strong>H\u00f6gpresterande h\u00e5rdmetallbergborr 16 x 950 mm med 4 sk\u00e4reggar av solid h\u00e5rdmetall och progressiv spiralformad design.<\/strong><br \/>\nF\u00f6r borrning av mycket exakta h\u00e5l, problemfri borrning genom j\u00e4rnlaminat, l\u00e5gvibrerande drift, bra matning av borrdamm.<br \/>\n<strong>SDS-Plus (10 mm borrskaft).<\/strong><\/span><\/p>","protected":false},"excerpt":{"rendered":"<h3><strong><span style=\"color: #000000;\">H\u00f6gpresterande bergborr i h\u00e5rdmetall 16 x 950 mm<\/span><\/strong><\/h3>\n<p><strong><span style=\"color: #000000;\">Diameter 16 mm, spirall\u00e4ngd 950 mm, total l\u00e4ngd 1000 mm, m<\/span><\/strong><strong><span style=\"color: #000000;\">med 4 sk\u00e4reggar i solid h\u00e5rdmetall och progressiv spiralformad design. <\/span><\/strong><strong><span style=\"color: #000000;\">SDS-Plus (10 mm borrskaft).<\/span><\/strong><\/p>","protected":false},"featured_media":3528,"template":"","meta":[],"product_brand":[],"product_cat":[42,233],"product_tag":[234],"class_list":{"0":"post-3539","1":"product","2":"type-product","3":"status-publish","4":"has-post-thumbnail","6":"product_cat-injektion-packer-pumpen","7":"product_cat-hartmetall-gesteinsbohrer","8":"product_tag-hochleistungs-hartmetall-gesteinsbohrer","10":"first","11":"instock","12":"taxable","13":"shipping-taxable","14":"purchasable","15":"product-type-simple"},"tiered_pricing_type":"percentage","tiered_pricing_fixed_rules":[],"tiered_pricing_product_settings":{"layout":"table","base_unit_name":{"singular":null,"plural":null},"default_variation":null},"tiered_pricing_minimum_quantity":null,"tiered_pricing_roles_data":[],"tiered_pricing_percentage_rules":[],"tiered_pricing_maximum_quantity":null,"tiered_pricing_quantity_step":null,"_links":{"self":[{"href":"https:\/\/www.polymerpacker.de\/sv\/wp-json\/wp\/v2\/product\/3539","targetHints":{"allow":["GET"]}}],"collection":[{"href":"https:\/\/www.polymerpacker.de\/sv\/wp-json\/wp\/v2\/product"}],"about":[{"href":"https:\/\/www.polymerpacker.de\/sv\/wp-json\/wp\/v2\/types\/product"}],"wp:featuredmedia":[{"embeddable":true,"href":"https:\/\/www.polymerpacker.de\/sv\/wp-json\/wp\/v2\/media\/3528"}],"wp:attachment":[{"href":"https:\/\/www.polymerpacker.de\/sv\/wp-json\/wp\/v2\/media?parent=3539"}],"wp:term":[{"taxonomy":"product_brand","embeddable":true,"href":"https:\/\/www.polymerpacker.de\/sv\/wp-json\/wp\/v2\/product_brand?post=3539"},{"taxonomy":"product_cat","embeddable":true,"href":"https:\/\/www.polymerpacker.de\/sv\/wp-json\/wp\/v2\/product_cat?post=3539"},{"taxonomy":"product_tag","embeddable":true,"href":"https:\/\/www.polymerpacker.de\/sv\/wp-json\/wp\/v2\/product_tag?post=3539"}],"curies":[{"name":"wp","href":"https:\/\/api.w.org\/{rel}","templated":true}]}}