{"id":3154,"date":"2023-04-26T21:14:04","date_gmt":"2023-04-26T19:14:04","guid":{"rendered":"https:\/\/www.polymerpacker.de\/?post_type=product&#038;p=3154"},"modified":"2026-04-15T16:00:59","modified_gmt":"2026-04-15T14:00:59","slug":"dissolver-75-mm-med-stalaxel-300-mm","status":"publish","type":"product","link":"https:\/\/www.polymerpacker.de\/sv\/produkt\/dissolver-75-mm-mit-stahlwelle-300-mm\/","title":{"rendered":"Dissolver 75 mm med st\u00e5laxel 300 mm"},"content":{"rendered":"<p lang=\"zxx\"><span style=\"color: #000000;\"><b>Polymerpacker Uppl\u00f6sare <\/b>(skivomr\u00f6rare) \u00e4r mycket effektiva verktyg med utm\u00e4rkta blandningsegenskaper f\u00f6r att producera mycket homogena konsistenser. L\u00e5g st\u00e4nkbildning, l\u00e5g lufttillf\u00f6rsel till blandningen (bubbelbildning) och enkel demontering m\u00f6jligg\u00f6r effektivt och rent arbete med h\u00f6g produktivitet. <strong>Polymerpacker - eftersom ett bra arbete b\u00f6rjar med bra verktyg.<\/strong><\/span><\/p>\n<p lang=\"zxx\"><span style=\"color: #000000;\"><b>Exempel p\u00e5 till\u00e4mpningar: <\/b> Blandning, omr\u00f6rning och dispergering av v\u00e4tskor och suspensioner (pastor), t.ex. f\u00e4rger, lacker, lim, blandningar av syntetiska hartser, olika avj\u00e4mningsmassor, puts, kalk, cement eller lerputs. Blandning av torra, l\u00e4ttflytande pulver, granulat och sand med medelh\u00f6g densitet.<\/span><\/p>\n<p><span style=\"color: #000000;\"><b>Polymerpacker Uppl\u00f6sare<\/b> finns med dissolverskivor i diametrarna 45, 75, 100 och 150 mm. De kan kombineras med ett stort urval av olika resolveraxlar f\u00f6r att t\u00e4cka in otaliga anv\u00e4ndningsomr\u00e5den. Dissolverskivan kan snabbt och enkelt f\u00e4stas p\u00e5 och tas bort fr\u00e5n en motsvarande dissolveraxel. Kommersiellt tillg\u00e4ngliga borrar \u00e4r idealiska som drivmaskiner.<\/span><\/p>","protected":false},"excerpt":{"rendered":"<h3><strong><span style=\"color: #000000;\">Dissolver 75 mm med st\u00e5laxel 300 mm<\/span><\/strong><\/h3>\n<p><strong><span style=\"color: #000000;\">Dissolveraxel 300 mm l\u00e5ng, tillverkad av 8 mm sexkantsst\u00e5l (korrosionsskyddad)<\/span><\/strong><\/p>","protected":false},"featured_media":3055,"template":"","meta":[],"product_brand":[],"product_cat":[221],"product_tag":[127],"class_list":{"0":"post-3154","1":"product","2":"type-product","3":"status-publish","4":"has-post-thumbnail","6":"product_cat-dissolver-75-mm-mit-stahlwelle","7":"product_tag-dissolver","9":"first","10":"instock","11":"taxable","12":"shipping-taxable","13":"purchasable","14":"product-type-simple"},"tiered_pricing_type":"percentage","tiered_pricing_fixed_rules":[],"tiered_pricing_product_settings":{"layout":"default","base_unit_name":{"singular":null,"plural":null},"default_variation":null},"tiered_pricing_minimum_quantity":null,"tiered_pricing_roles_data":[],"tiered_pricing_percentage_rules":{"5":3,"10":5,"25":8},"tiered_pricing_maximum_quantity":null,"tiered_pricing_quantity_step":null,"_links":{"self":[{"href":"https:\/\/www.polymerpacker.de\/sv\/wp-json\/wp\/v2\/product\/3154","targetHints":{"allow":["GET"]}}],"collection":[{"href":"https:\/\/www.polymerpacker.de\/sv\/wp-json\/wp\/v2\/product"}],"about":[{"href":"https:\/\/www.polymerpacker.de\/sv\/wp-json\/wp\/v2\/types\/product"}],"wp:featuredmedia":[{"embeddable":true,"href":"https:\/\/www.polymerpacker.de\/sv\/wp-json\/wp\/v2\/media\/3055"}],"wp:attachment":[{"href":"https:\/\/www.polymerpacker.de\/sv\/wp-json\/wp\/v2\/media?parent=3154"}],"wp:term":[{"taxonomy":"product_brand","embeddable":true,"href":"https:\/\/www.polymerpacker.de\/sv\/wp-json\/wp\/v2\/product_brand?post=3154"},{"taxonomy":"product_cat","embeddable":true,"href":"https:\/\/www.polymerpacker.de\/sv\/wp-json\/wp\/v2\/product_cat?post=3154"},{"taxonomy":"product_tag","embeddable":true,"href":"https:\/\/www.polymerpacker.de\/sv\/wp-json\/wp\/v2\/product_tag?post=3154"}],"curies":[{"name":"wp","href":"https:\/\/api.w.org\/{rel}","templated":true}]}}