{"id":3128,"date":"2023-04-25T14:29:41","date_gmt":"2023-04-25T12:29:41","guid":{"rendered":"https:\/\/www.polymerpacker.de\/?post_type=product&#038;p=3128"},"modified":"2026-04-15T16:01:00","modified_gmt":"2026-04-15T14:01:00","slug":"dissolver-100-mm-foer-livsmedels-och-medicinteknik-med-rostfritt-stalskaft-300-mm","status":"publish","type":"product","link":"https:\/\/www.polymerpacker.de\/sv\/produkt\/dissolver-100-mm-fuer-lebensmittel-und-medizintechnik-mit-edelstahlwelle-300-mm\/","title":{"rendered":"Dissolver 100 mm f\u00f6r livsmedels- och medicinteknik med rostfritt st\u00e5lskaft 300 mm"},"content":{"rendered":"<p><span style=\"color: #000000;\"><strong>Polymerpacker Uppl\u00f6sare<\/strong> \u00e4r mycket effektiva verktyg med utm\u00e4rkta blandningsegenskaper f\u00f6r att producera mycket homogena konsistenser. L\u00e5g st\u00e4nkbildning, l\u00e5g lufttillf\u00f6rsel till blandningen (bubbelbildning) och enkel demontering m\u00f6jligg\u00f6r effektivt och rent arbete med h\u00f6g produktivitet. <strong>Polymerpacker, eftersom bra arbete b\u00f6rjar med bra verktyg<\/strong>.<\/span><\/p>\n<p><span style=\"color: #000000;\">Med Polymerpacker <strong>Dissolvers f\u00f6r livsmedel och medicinteknik<\/strong> Dissolverskivorna \u00e4r tillverkade av en polyamid som uppfyller de relevanta specifikationerna fr\u00e5n FDA (US Food and Drug Administration) och EU nr 10\/2011. Dissolveraxlarna \u00e4r tillverkade av rostfritt st\u00e5l (material: 1.4305). Dissolveraxlar tillverkade av rostfritt st\u00e5l (material: 1.4404 \/ 316L) finns tillg\u00e4ngliga p\u00e5 beg\u00e4ran. Materialprovningscertifikat f\u00f6r alla anv\u00e4nda material kan erh\u00e5llas kostnadsfritt p\u00e5 beg\u00e4ran.<\/span><\/p>\n<p><span style=\"color: #000000;\"><strong>Exempel p\u00e5 livsmedelsapplikationer<\/strong>Blandning, omr\u00f6rning och dispergering av v\u00e4tskor och suspensioner (kr\u00e4mer, pastor, s\u00e5ser). Mycket l\u00e4mplig f\u00f6r degprodukter, korvblandningar, mejeriprodukter, dryckestillverkning.<\/span><\/p>\n<p><span style=\"color: #000000;\"><strong>Exempel p\u00e5 medicinska till\u00e4mpningar<\/strong>Blandning, omr\u00f6rning och dispergering av v\u00e4tskor och suspensioner (kr\u00e4mer, salvor, pastor, lotioner, emulsioner) som t.ex. desinfektionsmedel, hudv\u00e5rdsprodukter, h\u00e5rv\u00e5rdsprodukter, flytande eller pulverformiga l\u00e4kemedel och kosttillskott.<\/span><\/p>\n<h3><span style=\"color: #000000;\"><b><strong>V\u00e5r Dissolver 100 mm \u00e4r en produkt som har provats och testats miljontals g\u00e5nger. Tillverkad av oss sedan 2016.<\/strong><\/b><\/span><\/h3>","protected":false},"excerpt":{"rendered":"<h3><span style=\"color: #000000;\"><strong>Dissolver 100 mm f\u00f6r livsmedels- och medicinteknik med rostfritt st\u00e5lskaft 300 mm<\/strong><\/span><\/h3>\n<p><span style=\"color: #000000;\">Dissolveraxel 300 mm l\u00e5ng, tillverkad av 10 mm sexkantigt rostfritt st\u00e5l.<\/span><\/p>","protected":false},"featured_media":3101,"template":"","meta":[],"product_brand":[],"product_cat":[135,215],"product_tag":[127],"class_list":{"0":"post-3128","1":"product","2":"type-product","3":"status-publish","4":"has-post-thumbnail","6":"product_cat-dissolver-fuer-lebensmittel-und-medizintechnik","7":"product_cat-dissolver-100-mm-fuer-lebensmittel-und-medizintechnik","8":"product_tag-dissolver","10":"first","11":"instock","12":"taxable","13":"shipping-taxable","14":"purchasable","15":"product-type-simple"},"tiered_pricing_type":"percentage","tiered_pricing_fixed_rules":[],"tiered_pricing_product_settings":{"layout":"table","base_unit_name":{"singular":null,"plural":null},"default_variation":null},"tiered_pricing_minimum_quantity":null,"tiered_pricing_roles_data":[],"tiered_pricing_percentage_rules":{"5":3,"10":5,"25":8},"tiered_pricing_maximum_quantity":null,"tiered_pricing_quantity_step":null,"_links":{"self":[{"href":"https:\/\/www.polymerpacker.de\/sv\/wp-json\/wp\/v2\/product\/3128","targetHints":{"allow":["GET"]}}],"collection":[{"href":"https:\/\/www.polymerpacker.de\/sv\/wp-json\/wp\/v2\/product"}],"about":[{"href":"https:\/\/www.polymerpacker.de\/sv\/wp-json\/wp\/v2\/types\/product"}],"wp:featuredmedia":[{"embeddable":true,"href":"https:\/\/www.polymerpacker.de\/sv\/wp-json\/wp\/v2\/media\/3101"}],"wp:attachment":[{"href":"https:\/\/www.polymerpacker.de\/sv\/wp-json\/wp\/v2\/media?parent=3128"}],"wp:term":[{"taxonomy":"product_brand","embeddable":true,"href":"https:\/\/www.polymerpacker.de\/sv\/wp-json\/wp\/v2\/product_brand?post=3128"},{"taxonomy":"product_cat","embeddable":true,"href":"https:\/\/www.polymerpacker.de\/sv\/wp-json\/wp\/v2\/product_cat?post=3128"},{"taxonomy":"product_tag","embeddable":true,"href":"https:\/\/www.polymerpacker.de\/sv\/wp-json\/wp\/v2\/product_tag?post=3128"}],"curies":[{"name":"wp","href":"https:\/\/api.w.org\/{rel}","templated":true}]}}