{"id":3025,"date":"2023-04-19T21:41:20","date_gmt":"2023-04-19T19:41:20","guid":{"rendered":"https:\/\/www.polymerpacker.de\/?post_type=product&#038;p=3025"},"modified":"2026-04-15T16:01:00","modified_gmt":"2026-04-15T14:01:00","slug":"nippel-med-platt-huvud-16-med-anslutningsgaenga-m10x1","status":"publish","type":"product","link":"https:\/\/www.polymerpacker.de\/sv\/produkt\/flachkopfnippel-16-mit-anschlussgewinde-m10x1\/","title":{"rendered":"Nippel med platt huvud 16 med anslutningsg\u00e4nga M10x1"},"content":{"rendered":"<p><span style=\"color: #000000;\"><span style=\"font-family: Arial, sans-serif;\"><span style=\"font-size: medium;\"><b>Standardanslutningssystem f\u00f6r injektionspackare.<\/b><\/span><\/span><\/span><\/p>\n<p><span style=\"color: #000000;\"><span style=\"font-family: Arial, sans-serif;\"><span style=\"font-size: medium;\">Kan anv\u00e4ndas f\u00f6r injektion av epoxiharts, polyuretanharts, akrylatgel, silikonemulsion, silikatkr\u00e4m. <strong>F\u00f6r maximalt insprutningstryck p\u00e5 upp till 150 bar. <\/strong><\/span><\/span><\/span><\/p>\n<p><span style=\"color: #000000;\"><span style=\"font-family: Arial, sans-serif;\"><span style=\"font-size: medium;\"><b>Bepr\u00f6vad produkt flera miljoner g\u00e5nger om, producerad av oss sedan 2007.<\/b><\/span><\/span><\/span><\/p>","protected":false},"excerpt":{"rendered":"<h3><strong>Nippel med platt huvud FKN16M10<\/strong><\/h3>\n<h3><strong>Plastnippel med platt huvud<\/strong> DIN 3404 <strong>16 mm<\/strong>, med inbyggd backventil, \u00f6ppningstryck ca. <strong>2 bar<\/strong>.<\/h3>\n<h4>Anslutning:<strong> Inv\u00e4ndig g\u00e4nga M10x1 (sj\u00e4lvt\u00e4tande g\u00e4nga).<\/strong><\/h4>","protected":false},"featured_media":1083,"template":"","meta":[],"product_brand":[],"product_cat":[121,42],"product_tag":[122,120],"class_list":{"0":"post-3025","1":"product","2":"type-product","3":"status-publish","4":"has-post-thumbnail","6":"product_cat-injektionspacker-anschliessen","7":"product_cat-injektion-packer-pumpen","8":"product_tag-injektionspacker-an-pumpen-anschliessen","9":"product_tag-injektionspacker-mit-flachkopfnippel","11":"first","12":"instock","13":"taxable","14":"shipping-taxable","15":"purchasable","16":"product-type-simple"},"tiered_pricing_type":"percentage","tiered_pricing_fixed_rules":{"100":5,"1000":10},"tiered_pricing_product_settings":{"layout":"default","base_unit_name":{"singular":null,"plural":null},"default_variation":null},"tiered_pricing_minimum_quantity":10,"tiered_pricing_roles_data":[],"tiered_pricing_percentage_rules":{"100":5,"1000":10},"tiered_pricing_maximum_quantity":null,"tiered_pricing_quantity_step":null,"_links":{"self":[{"href":"https:\/\/www.polymerpacker.de\/sv\/wp-json\/wp\/v2\/product\/3025","targetHints":{"allow":["GET"]}}],"collection":[{"href":"https:\/\/www.polymerpacker.de\/sv\/wp-json\/wp\/v2\/product"}],"about":[{"href":"https:\/\/www.polymerpacker.de\/sv\/wp-json\/wp\/v2\/types\/product"}],"wp:featuredmedia":[{"embeddable":true,"href":"https:\/\/www.polymerpacker.de\/sv\/wp-json\/wp\/v2\/media\/1083"}],"wp:attachment":[{"href":"https:\/\/www.polymerpacker.de\/sv\/wp-json\/wp\/v2\/media?parent=3025"}],"wp:term":[{"taxonomy":"product_brand","embeddable":true,"href":"https:\/\/www.polymerpacker.de\/sv\/wp-json\/wp\/v2\/product_brand?post=3025"},{"taxonomy":"product_cat","embeddable":true,"href":"https:\/\/www.polymerpacker.de\/sv\/wp-json\/wp\/v2\/product_cat?post=3025"},{"taxonomy":"product_tag","embeddable":true,"href":"https:\/\/www.polymerpacker.de\/sv\/wp-json\/wp\/v2\/product_tag?post=3025"}],"curies":[{"name":"wp","href":"https:\/\/api.w.org\/{rel}","templated":true}]}}