{"id":275,"date":"2019-04-15T16:05:34","date_gmt":"2019-04-15T16:05:34","guid":{"rendered":"http:\/\/b38jwy.myraidbox.de\/?post_type=product&#038;p=275"},"modified":"2026-04-21T10:10:24","modified_gmt":"2026-04-21T08:10:24","slug":"sprickoevervakare-rma-foer-dokumentation-av-sprickor","status":"publish","type":"product","link":"https:\/\/www.polymerpacker.de\/sv\/produkt\/rissmonitor-rma-zum-dokumentieren-von-rissen\/","title":{"rendered":"RMA sprickmonitor f\u00f6r dokumentation av sprickor"},"content":{"rendered":"<h2>RMA sprickmonitor f\u00f6r dokumentation av sprickor<\/h2>\n<p><span style=\"color: #000000; font-size: 100%;\">Sprickmonitor f\u00f6r analog, numerisk registrering av f\u00f6r\u00e4ndringar i sprick- och fogbredder p\u00e5 byggnader genom differentiell m\u00e4tning. Placeringen av h\u00e5rkorset (r\u00f6tt) ovanf\u00f6r linjeskalan (svart) g\u00f6r att f\u00f6r\u00e4ndringar kan avl\u00e4sas direkt. Sprickmonitorn kan monteras snabbt och enkelt, \u00e4ven \u00f6ver breda sprickor eller regelbundna konstruktionsfogar, med hj\u00e4lp av l\u00e4mpligt lim eller de medf\u00f6ljande skruvarna av rostfritt st\u00e5l med pluggar. <\/span><span style=\"color: #000000; font-size: 100%;\">F\u00f6r\u00e4ndringar i sprick- och fogbredder kan enkelt, snabbt och exakt dokumenteras genom att ta regelbundna foton med h\u00e5rkorset placerat \u00f6ver linjeskalan. <\/span><\/p>\n<p><span style=\"color: #000000; font-size: 100%;\">Sprickmonitorsatsen best\u00e5r av 1 sprickmonitor i robust utomhusdesign, 4 rostfria skruvar DIN 7981 4,2 x 32 mm, 4 brickor 4 x 12 mm, 4 Fischerpluggar UX 6 mm.<\/span><\/p>\n<p><span style=\"color: #000000; font-size: 100%;\"><span style=\"font-family: Arial, sans-serif;\"><b><span style=\"color: #282828;\"><span style=\"color: #000000;\">F\u00f6r ytterligare information och s\u00e4kerhetsanvisningar kan du ladda ner det tekniska databladet f\u00f6r denna produkt h\u00e4r.<\/span> <\/span> <\/b><\/span><\/span><\/p>\n<p><a href=\"https:\/\/www.polymerpacker.de\/wp-content\/uploads\/2022\/02\/Polymerpacker-TM-RMA-DE-EN-FR-ES-IT-NL.pdf\"><img fetchpriority=\"high\" decoding=\"async\" class=\"alignnone wp-image-1504 size-medium\" src=\"https:\/\/www.polymerpacker.de\/wp-content\/uploads\/2020\/08\/PDF-DOWNLOAD-250x400.jpg\" alt=\"\" width=\"250\" height=\"400\" srcset=\"https:\/\/www.polymerpacker.de\/wp-content\/uploads\/2020\/08\/PDF-DOWNLOAD-250x400.jpg 250w, https:\/\/www.polymerpacker.de\/wp-content\/uploads\/2020\/08\/PDF-DOWNLOAD-200x320.jpg 200w, https:\/\/www.polymerpacker.de\/wp-content\/uploads\/2020\/08\/PDF-DOWNLOAD-scaled-150x240.jpg 150w, https:\/\/www.polymerpacker.de\/wp-content\/uploads\/2020\/08\/PDF-DOWNLOAD-400x640.jpg 400w, https:\/\/www.polymerpacker.de\/wp-content\/uploads\/2020\/08\/PDF-DOWNLOAD-500x800.jpg 500w, https:\/\/www.polymerpacker.de\/wp-content\/uploads\/2020\/08\/PDF-DOWNLOAD-768x1228.jpg 768w, https:\/\/www.polymerpacker.de\/wp-content\/uploads\/2020\/08\/PDF-DOWNLOAD-961x1536.jpg 961w, https:\/\/www.polymerpacker.de\/wp-content\/uploads\/2020\/08\/PDF-DOWNLOAD-1281x2048.jpg 1281w, https:\/\/www.polymerpacker.de\/wp-content\/uploads\/2020\/08\/PDF-DOWNLOAD-scaled.jpg 1601w\" sizes=\"(max-width: 250px) 100vw, 250px\" \/><\/a><\/p>","protected":false},"excerpt":{"rendered":"<h3><span style=\"color: #000000;\">RMA sprickmonitor f\u00f6r dokumentation av sprickor<\/span><\/h3>\n<p><span style=\"color: #000000;\">f\u00f6r att skruva eller limma fast, <\/span><span style=\"color: #000000;\">Robust design f\u00f6r utomhusbruk, <\/span><span style=\"color: #000000;\"><strong>F\u00e4stskruvssats i rostfritt st\u00e5l ing\u00e5r.<\/strong><\/span><\/p>","protected":false},"featured_media":1376,"template":"","meta":[],"product_brand":[],"product_cat":[82],"product_tag":[86],"class_list":{"0":"post-275","1":"product","2":"type-product","3":"status-publish","4":"has-post-thumbnail","6":"product_cat-rissmonitor","7":"product_tag-rissmonitor","9":"first","10":"instock","11":"taxable","12":"shipping-taxable","13":"purchasable","14":"product-type-simple"},"tiered_pricing_type":"percentage","tiered_pricing_fixed_rules":{"5":15.75,"10":14.5,"25":13.7},"tiered_pricing_product_settings":{"layout":"table","base_unit_name":{"singular":null,"plural":null},"default_variation":null},"tiered_pricing_minimum_quantity":null,"tiered_pricing_roles_data":[],"tiered_pricing_percentage_rules":{"5":5,"10":8},"tiered_pricing_maximum_quantity":null,"tiered_pricing_quantity_step":null,"_links":{"self":[{"href":"https:\/\/www.polymerpacker.de\/sv\/wp-json\/wp\/v2\/product\/275","targetHints":{"allow":["GET"]}}],"collection":[{"href":"https:\/\/www.polymerpacker.de\/sv\/wp-json\/wp\/v2\/product"}],"about":[{"href":"https:\/\/www.polymerpacker.de\/sv\/wp-json\/wp\/v2\/types\/product"}],"wp:featuredmedia":[{"embeddable":true,"href":"https:\/\/www.polymerpacker.de\/sv\/wp-json\/wp\/v2\/media\/1376"}],"wp:attachment":[{"href":"https:\/\/www.polymerpacker.de\/sv\/wp-json\/wp\/v2\/media?parent=275"}],"wp:term":[{"taxonomy":"product_brand","embeddable":true,"href":"https:\/\/www.polymerpacker.de\/sv\/wp-json\/wp\/v2\/product_brand?post=275"},{"taxonomy":"product_cat","embeddable":true,"href":"https:\/\/www.polymerpacker.de\/sv\/wp-json\/wp\/v2\/product_cat?post=275"},{"taxonomy":"product_tag","embeddable":true,"href":"https:\/\/www.polymerpacker.de\/sv\/wp-json\/wp\/v2\/product_tag?post=275"}],"curies":[{"name":"wp","href":"https:\/\/api.w.org\/{rel}","templated":true}]}}