{"id":2694,"date":"2022-09-29T17:49:18","date_gmt":"2022-09-29T15:49:18","guid":{"rendered":"https:\/\/www.polymerpacker.de\/?post_type=product&#038;p=2694"},"modified":"2026-04-15T16:01:02","modified_gmt":"2026-04-15T14:01:02","slug":"injektionspackning-lsp14dlnv-med-ventil-foer-14-mm-borrhal","status":"publish","type":"product","link":"https:\/\/www.polymerpacker.de\/sv\/produkt\/injektionspacker-lsp14dlnv-mit-ventil-fuer-bohrloch-14-mm\/","title":{"rendered":"Injekteringspackning LSP14DLNV med ventil f\u00f6r 14 mm borrh\u00e5l"},"content":{"rendered":"<h3><strong>Injekteringspackning LSP14DLNV med ventil f\u00f6r 14 mm borrh\u00e5l<\/strong><\/h3>\n<p><strong><span style=\"color: #000000;\">Lamell\u00e4r slagf\u00f6rpackare tillverkad av h\u00f6gpresterande plast<\/span><\/strong><span style=\"color: #000000;\"> F\u00f6r anv\u00e4ndning vid l\u00e5gtrycksinjektering av sprickor och h\u00e5lrum eller tryckimpregnering med epoxiharts, polyuretanharts, silikonemulsion, silikatkr\u00e4m, mikroemulsion, vattenl\u00f6sningar, silikoneringsmedel, svampd\u00f6dande medel. I alla vanliga byggmaterial som betong, h\u00e5lblock, tegel, sandsten, kalksandsten, pimpsten, lera. F\u00f6r anv\u00e4ndning i m\u00e5ttnoggranna borrh\u00e5l i massiva byggmaterial, l\u00e4mplig f\u00f6r maximala injektionstryck p\u00e5 upp till 30 bar.<\/span><\/p>\n<p><span style=\"color: #000000;\"><strong>F\u00f6r ytterligare information och s\u00e4kerhetsanvisningar kan du ladda ner det tekniska databladet f\u00f6r denna produkt h\u00e4r.<\/strong> <\/span><\/p>\n<p><a href=\"https:\/\/www.polymerpacker.de\/wp-content\/uploads\/2022\/09\/Polymerpacker-TM-LSP14DLNV-DE-EN.pdf\"><img fetchpriority=\"high\" decoding=\"async\" class=\"alignnone wp-image-1504 size-medium\" src=\"https:\/\/www.polymerpacker.de\/wp-content\/uploads\/2020\/08\/PDF-DOWNLOAD-250x400.jpg\" alt=\"\" width=\"250\" height=\"400\" srcset=\"https:\/\/www.polymerpacker.de\/wp-content\/uploads\/2020\/08\/PDF-DOWNLOAD-250x400.jpg 250w, https:\/\/www.polymerpacker.de\/wp-content\/uploads\/2020\/08\/PDF-DOWNLOAD-200x320.jpg 200w, https:\/\/www.polymerpacker.de\/wp-content\/uploads\/2020\/08\/PDF-DOWNLOAD-scaled-150x240.jpg 150w, https:\/\/www.polymerpacker.de\/wp-content\/uploads\/2020\/08\/PDF-DOWNLOAD-400x640.jpg 400w, https:\/\/www.polymerpacker.de\/wp-content\/uploads\/2020\/08\/PDF-DOWNLOAD-500x800.jpg 500w, https:\/\/www.polymerpacker.de\/wp-content\/uploads\/2020\/08\/PDF-DOWNLOAD-768x1228.jpg 768w, https:\/\/www.polymerpacker.de\/wp-content\/uploads\/2020\/08\/PDF-DOWNLOAD-961x1536.jpg 961w, https:\/\/www.polymerpacker.de\/wp-content\/uploads\/2020\/08\/PDF-DOWNLOAD-1281x2048.jpg 1281w, https:\/\/www.polymerpacker.de\/wp-content\/uploads\/2020\/08\/PDF-DOWNLOAD-scaled.jpg 1601w\" sizes=\"(max-width: 250px) 100vw, 250px\" \/><\/a><\/p>","protected":false},"excerpt":{"rendered":"<h3><strong>Injekteringspackning LSP14DLNV med ventil f\u00f6r 14 mm borrh\u00e5l<\/strong><\/h3>\n<p><strong>Slagpackare i plast, 100 mm l\u00e5ng.<\/strong><\/p>\n<h4>Anslutning: <strong>Tryckluft Euronippel DIN 14152, nominell bredd 7 mm<\/strong> med <strong>inbyggd backventil<\/strong>, \u00f6ppningstryck ca. <strong>1 bar<\/strong>.<\/h4>\n<p><strong>Gratis f\u00f6rpackningsverktyg i varje paket<\/strong><\/p>","protected":false},"featured_media":2433,"template":"","meta":[],"product_brand":[],"product_cat":[42,109],"product_tag":[110,132,197],"class_list":{"0":"post-2694","1":"product","2":"type-product","3":"status-publish","4":"has-post-thumbnail","6":"product_cat-injektion-packer-pumpen","7":"product_cat-injektionspacker-14-mm","8":"product_tag-injektionspacker-fuer-bohrung-14-mm","9":"product_tag-injektionspacker-fuer-zement","10":"product_tag-injektionspacker-mit-druckluftnippel","12":"first","13":"instock","14":"taxable","15":"shipping-taxable","16":"purchasable","17":"product-type-simple"},"tiered_pricing_type":"percentage","tiered_pricing_fixed_rules":[],"tiered_pricing_product_settings":{"layout":"default","base_unit_name":{"singular":null,"plural":null},"default_variation":null},"tiered_pricing_minimum_quantity":10,"tiered_pricing_roles_data":[],"tiered_pricing_percentage_rules":{"100":5,"1000":8},"tiered_pricing_maximum_quantity":null,"tiered_pricing_quantity_step":null,"_links":{"self":[{"href":"https:\/\/www.polymerpacker.de\/sv\/wp-json\/wp\/v2\/product\/2694","targetHints":{"allow":["GET"]}}],"collection":[{"href":"https:\/\/www.polymerpacker.de\/sv\/wp-json\/wp\/v2\/product"}],"about":[{"href":"https:\/\/www.polymerpacker.de\/sv\/wp-json\/wp\/v2\/types\/product"}],"wp:featuredmedia":[{"embeddable":true,"href":"https:\/\/www.polymerpacker.de\/sv\/wp-json\/wp\/v2\/media\/2433"}],"wp:attachment":[{"href":"https:\/\/www.polymerpacker.de\/sv\/wp-json\/wp\/v2\/media?parent=2694"}],"wp:term":[{"taxonomy":"product_brand","embeddable":true,"href":"https:\/\/www.polymerpacker.de\/sv\/wp-json\/wp\/v2\/product_brand?post=2694"},{"taxonomy":"product_cat","embeddable":true,"href":"https:\/\/www.polymerpacker.de\/sv\/wp-json\/wp\/v2\/product_cat?post=2694"},{"taxonomy":"product_tag","embeddable":true,"href":"https:\/\/www.polymerpacker.de\/sv\/wp-json\/wp\/v2\/product_tag?post=2694"}],"curies":[{"name":"wp","href":"https:\/\/api.w.org\/{rel}","templated":true}]}}