{"id":2680,"date":"2022-09-25T19:52:06","date_gmt":"2022-09-25T17:52:06","guid":{"rendered":"https:\/\/www.polymerpacker.de\/?post_type=product&#038;p=2680"},"modified":"2026-04-15T16:00:59","modified_gmt":"2026-04-15T14:00:59","slug":"injektionshaeftande-foerpackare-kp50m6","status":"publish","type":"product","link":"https:\/\/www.polymerpacker.de\/sv\/produkt\/injektions-klebepacker-kp50m6\/","title":{"rendered":"Injektionspackare med sj\u00e4lvh\u00e4ftande material KP50M6"},"content":{"rendered":"<h2><span style=\"color: #000000;\"><strong>Injektionspackare med sj\u00e4lvh\u00e4ftande material KP50M6<\/strong><\/span><\/h2>\n<p><span style=\"color: #000000;\"> f\u00f6r limning till ytor p\u00e5 byggnadsdelar d\u00e4r borrning av h\u00e5l f\u00f6r sprickinjektering inte \u00e4r \u00f6nskv\u00e4rd eller inte till\u00e5ten <strong>(ZTV-RIS).<\/strong><\/span><\/p>\n<p><span style=\"color: #000000;\"><strong>Exempel p\u00e5 anv\u00e4ndning: <\/strong>Sprickinjektering p\u00e5 konstruktionselement av f\u00f6rsp\u00e4nd betong, betong med t\u00e4t armering eller exponerade betongelement. Kan anv\u00e4ndas f\u00f6r injektering av epoxiharts, polyuretanharts och polyesterharts.<\/span><\/p>\n<p><span style=\"color: #000000;\"><strong>Polymerpacker Injektionsf\u00f6rpackare med sj\u00e4lvh\u00e4ftande material<\/strong><\/span><\/p>\n<p><span style=\"color: #000000;\">- Tillverkad av en h\u00f6gpresterande plast med h\u00f6g vidh\u00e4ftningsf\u00f6rm\u00e5ga.<\/span><\/p>\n<p><span style=\"color: #000000;\">- Adhesiv yta med en ytstruktur som \u00e4r optimerad f\u00f6r limning.<\/span><\/p>\n<p><span style=\"color: #000000;\">- Kan anv\u00e4ndas f\u00f6r maximala injektionstryck p\u00e5 upp till 60 bar vid limning p\u00e5 fasta ytor med h\u00f6gkvalitativa lim.<\/span><\/p>\n<p><span style=\"color: #000000;\"><strong>Polymerpacker Injektionspackare f\u00f6r sj\u00e4lvh\u00e4ftande material. Den ursprungliga, bepr\u00f6vade och testade produkten, som vi har tillverkat sedan 1993.<\/strong><\/span><\/p>\n<p><strong>Sprickinjektion enligt ZTV-RIS p\u00e5 ett konstruktionselement av betong, s<\/strong><strong>o s\u00e5 enkelt \u00e4r det:<\/strong><\/p>\n<p><strong>1. <\/strong>Reng\u00f6r sprickan genom sandbl\u00e4string eller st\u00e5lborstning och torka med varmluft om det beh\u00f6vs.<\/p>\n<p><img fetchpriority=\"high\" decoding=\"async\" class=\"size-medium wp-image-3590\" src=\"https:\/\/www.polymerpacker.de\/wp-content\/uploads\/2023\/10\/kp50ia1-400x400.jpg\" alt=\"Sj\u00e4lvh\u00e4ftande packare i anv\u00e4ndning Bild 1 av 9\" width=\"400\" height=\"400\" srcset=\"https:\/\/www.polymerpacker.de\/wp-content\/uploads\/2023\/10\/kp50ia1-400x400.jpg 400w, https:\/\/www.polymerpacker.de\/wp-content\/uploads\/2023\/10\/kp50ia1-200x200.jpg 200w, https:\/\/www.polymerpacker.de\/wp-content\/uploads\/2023\/10\/kp50ia1-150x150.jpg 150w, https:\/\/www.polymerpacker.de\/wp-content\/uploads\/2023\/10\/kp50ia1-800x800.jpg 800w, https:\/\/www.polymerpacker.de\/wp-content\/uploads\/2023\/10\/kp50ia1-280x280.jpg 280w, https:\/\/www.polymerpacker.de\/wp-content\/uploads\/2023\/10\/kp50ia1-768x768.jpg 768w, https:\/\/www.polymerpacker.de\/wp-content\/uploads\/2023\/10\/kp50ia1-1536x1536.jpg 1536w, https:\/\/www.polymerpacker.de\/wp-content\/uploads\/2023\/10\/kp50ia1.jpg 2000w\" sizes=\"(max-width: 400px) 100vw, 400px\" \/><\/p>\n<p><strong>2. <\/strong>F\u00f6rbered injekteringskanalerna genom att sl\u00e5 in st\u00e5lspikar minst ca 5 mm djupt i sprickan med ca 20 cm mellanrum.<\/p>\n<p><img decoding=\"async\" class=\"size-medium wp-image-3591\" src=\"https:\/\/www.polymerpacker.de\/wp-content\/uploads\/2023\/10\/kp50ia2-400x400.jpg\" alt=\"Sj\u00e4lvh\u00e4ftande packare i anv\u00e4ndning Bild 2 av 9\" width=\"400\" height=\"400\" srcset=\"https:\/\/www.polymerpacker.de\/wp-content\/uploads\/2023\/10\/kp50ia2-400x400.jpg 400w, https:\/\/www.polymerpacker.de\/wp-content\/uploads\/2023\/10\/kp50ia2-200x200.jpg 200w, https:\/\/www.polymerpacker.de\/wp-content\/uploads\/2023\/10\/kp50ia2-150x150.jpg 150w, https:\/\/www.polymerpacker.de\/wp-content\/uploads\/2023\/10\/kp50ia2-800x800.jpg 800w, https:\/\/www.polymerpacker.de\/wp-content\/uploads\/2023\/10\/kp50ia2-280x280.jpg 280w, https:\/\/www.polymerpacker.de\/wp-content\/uploads\/2023\/10\/kp50ia2-768x768.jpg 768w, https:\/\/www.polymerpacker.de\/wp-content\/uploads\/2023\/10\/kp50ia2-1536x1536.jpg 1536w, https:\/\/www.polymerpacker.de\/wp-content\/uploads\/2023\/10\/kp50ia2.jpg 2000w\" sizes=\"(max-width: 400px) 100vw, 400px\" \/><\/p>\n<p><img decoding=\"async\" class=\"size-medium wp-image-3592\" src=\"https:\/\/www.polymerpacker.de\/wp-content\/uploads\/2023\/10\/kp50ia3-400x400.jpg\" alt=\"Sj\u00e4lvh\u00e4ftande packare i anv\u00e4ndning Bild 3 av 9\" width=\"400\" height=\"400\" srcset=\"https:\/\/www.polymerpacker.de\/wp-content\/uploads\/2023\/10\/kp50ia3-400x400.jpg 400w, https:\/\/www.polymerpacker.de\/wp-content\/uploads\/2023\/10\/kp50ia3-200x200.jpg 200w, https:\/\/www.polymerpacker.de\/wp-content\/uploads\/2023\/10\/kp50ia3-150x150.jpg 150w, https:\/\/www.polymerpacker.de\/wp-content\/uploads\/2023\/10\/kp50ia3-800x800.jpg 800w, https:\/\/www.polymerpacker.de\/wp-content\/uploads\/2023\/10\/kp50ia3-280x280.jpg 280w, https:\/\/www.polymerpacker.de\/wp-content\/uploads\/2023\/10\/kp50ia3-768x768.jpg 768w, https:\/\/www.polymerpacker.de\/wp-content\/uploads\/2023\/10\/kp50ia3-1536x1536.jpg 1536w, https:\/\/www.polymerpacker.de\/wp-content\/uploads\/2023\/10\/kp50ia3.jpg 2000w\" sizes=\"(max-width: 400px) 100vw, 400px\" \/><\/p>\n<p><strong>3.<\/strong> Applicera ett l\u00e4mpligt lim p\u00e5 limpaketens limyta och tryck limpaketen \u00f6ver st\u00e5lspikarna p\u00e5 betongkomponentens yta. Limmet ska komma ut ur \u00f6ppningarna p\u00e5 baksidan av limytorna f\u00f6r att skapa den starkaste och s\u00e4kraste limbindningen som \u00e4r m\u00f6jlig. De inhamrade st\u00e5lspikarna f\u00f6rhindrar att injekteringskanalerna blockeras av lim.<\/p>\n<p><img loading=\"lazy\" decoding=\"async\" class=\"size-medium wp-image-3593\" src=\"https:\/\/www.polymerpacker.de\/wp-content\/uploads\/2023\/10\/kp50ia4-400x400.jpg\" alt=\"Sj\u00e4lvh\u00e4ftande packare i anv\u00e4ndning Bild 4 av 9\" width=\"400\" height=\"400\" srcset=\"https:\/\/www.polymerpacker.de\/wp-content\/uploads\/2023\/10\/kp50ia4-400x400.jpg 400w, https:\/\/www.polymerpacker.de\/wp-content\/uploads\/2023\/10\/kp50ia4-200x200.jpg 200w, https:\/\/www.polymerpacker.de\/wp-content\/uploads\/2023\/10\/kp50ia4-150x150.jpg 150w, https:\/\/www.polymerpacker.de\/wp-content\/uploads\/2023\/10\/kp50ia4-800x800.jpg 800w, https:\/\/www.polymerpacker.de\/wp-content\/uploads\/2023\/10\/kp50ia4-280x280.jpg 280w, https:\/\/www.polymerpacker.de\/wp-content\/uploads\/2023\/10\/kp50ia4-768x768.jpg 768w, https:\/\/www.polymerpacker.de\/wp-content\/uploads\/2023\/10\/kp50ia4-1536x1536.jpg 1536w, https:\/\/www.polymerpacker.de\/wp-content\/uploads\/2023\/10\/kp50ia4.jpg 2000w\" sizes=\"(max-width: 400px) 100vw, 400px\" \/><\/p>\n<p><img loading=\"lazy\" decoding=\"async\" class=\"size-medium wp-image-3594\" src=\"https:\/\/www.polymerpacker.de\/wp-content\/uploads\/2023\/10\/kp50ia5-400x400.jpg\" alt=\"Sj\u00e4lvh\u00e4ftande packare i anv\u00e4ndning Bild 5 av 9\" width=\"400\" height=\"400\" srcset=\"https:\/\/www.polymerpacker.de\/wp-content\/uploads\/2023\/10\/kp50ia5-400x400.jpg 400w, https:\/\/www.polymerpacker.de\/wp-content\/uploads\/2023\/10\/kp50ia5-200x200.jpg 200w, https:\/\/www.polymerpacker.de\/wp-content\/uploads\/2023\/10\/kp50ia5-150x150.jpg 150w, https:\/\/www.polymerpacker.de\/wp-content\/uploads\/2023\/10\/kp50ia5-800x800.jpg 800w, https:\/\/www.polymerpacker.de\/wp-content\/uploads\/2023\/10\/kp50ia5-280x280.jpg 280w, https:\/\/www.polymerpacker.de\/wp-content\/uploads\/2023\/10\/kp50ia5-768x768.jpg 768w, https:\/\/www.polymerpacker.de\/wp-content\/uploads\/2023\/10\/kp50ia5-1536x1536.jpg 1536w, https:\/\/www.polymerpacker.de\/wp-content\/uploads\/2023\/10\/kp50ia5.jpg 2000w\" sizes=\"(max-width: 400px) 100vw, 400px\" \/><\/p>\n<p><img loading=\"lazy\" decoding=\"async\" class=\"size-medium wp-image-3595\" src=\"https:\/\/www.polymerpacker.de\/wp-content\/uploads\/2023\/10\/kp50ia6-400x400.jpg\" alt=\"Sj\u00e4lvh\u00e4ftande packare i anv\u00e4ndning Bild 6 av 9\" width=\"400\" height=\"400\" srcset=\"https:\/\/www.polymerpacker.de\/wp-content\/uploads\/2023\/10\/kp50ia6-400x400.jpg 400w, https:\/\/www.polymerpacker.de\/wp-content\/uploads\/2023\/10\/kp50ia6-200x200.jpg 200w, https:\/\/www.polymerpacker.de\/wp-content\/uploads\/2023\/10\/kp50ia6-150x150.jpg 150w, https:\/\/www.polymerpacker.de\/wp-content\/uploads\/2023\/10\/kp50ia6-800x800.jpg 800w, https:\/\/www.polymerpacker.de\/wp-content\/uploads\/2023\/10\/kp50ia6-280x280.jpg 280w, https:\/\/www.polymerpacker.de\/wp-content\/uploads\/2023\/10\/kp50ia6-768x768.jpg 768w, https:\/\/www.polymerpacker.de\/wp-content\/uploads\/2023\/10\/kp50ia6-1536x1536.jpg 1536w, https:\/\/www.polymerpacker.de\/wp-content\/uploads\/2023\/10\/kp50ia6.jpg 2000w\" sizes=\"(max-width: 400px) 100vw, 400px\" \/><\/p>\n<p><strong>4.<\/strong> T\u00e4ta sprickan med lim, dra ut st\u00e5lspikarna n\u00e4r limmet har h\u00e4rdat och skruva in de avsmalnande nipplarna i de g\u00e4ngade h\u00e5len, men dra inte \u00e5t dem \u00e4nnu.<\/p>\n<p><img loading=\"lazy\" decoding=\"async\" class=\"size-medium wp-image-3597\" src=\"https:\/\/www.polymerpacker.de\/wp-content\/uploads\/2023\/10\/kp50iA8-400x400.jpg\" alt=\"Sj\u00e4lvh\u00e4ftande packare i anv\u00e4ndning Bild 8 av 9\" width=\"400\" height=\"400\" srcset=\"https:\/\/www.polymerpacker.de\/wp-content\/uploads\/2023\/10\/kp50iA8-400x400.jpg 400w, https:\/\/www.polymerpacker.de\/wp-content\/uploads\/2023\/10\/kp50iA8-200x200.jpg 200w, https:\/\/www.polymerpacker.de\/wp-content\/uploads\/2023\/10\/kp50iA8-150x150.jpg 150w, https:\/\/www.polymerpacker.de\/wp-content\/uploads\/2023\/10\/kp50iA8-800x800.jpg 800w, https:\/\/www.polymerpacker.de\/wp-content\/uploads\/2023\/10\/kp50iA8-280x280.jpg 280w, https:\/\/www.polymerpacker.de\/wp-content\/uploads\/2023\/10\/kp50iA8-768x768.jpg 768w, https:\/\/www.polymerpacker.de\/wp-content\/uploads\/2023\/10\/kp50iA8-1536x1536.jpg 1536w, https:\/\/www.polymerpacker.de\/wp-content\/uploads\/2023\/10\/kp50iA8.jpg 2000w\" sizes=\"(max-width: 400px) 100vw, 400px\" \/><\/p>\n<p><strong>5.<\/strong> B\u00f6rja vid b\u00f6rjan av sprickan p\u00e5 den f\u00f6rsta sj\u00e4lvh\u00e4ftande packningen, dra \u00e5t den avsmalnande nippeln och injicera harts tills skumfri harts kommer ut fr\u00e5n den andra sj\u00e4lvh\u00e4ftande packningen mellan g\u00e4ngan p\u00e5 den sj\u00e4lvh\u00e4ftande packningen och den avsmalnande nippeln. Dra nu ocks\u00e5 \u00e5t den avsmalnande nippeln p\u00e5 den andra sj\u00e4lvh\u00e4ftande packaren och spruta in harts tills skumfri harts kommer ut fr\u00e5n den tredje sj\u00e4lvh\u00e4ftande packaren mellan g\u00e4ngan p\u00e5 den sj\u00e4lvh\u00e4ftande packaren och den avsmalnande nippeln. Forts\u00e4tt i denna sekvens tills harts har sprutats in i alla limpackare. Spruta sedan in mer harts i alla limpackare. Denna procedur ska systematiskt pressa ut luften i sprickan och undvika luftfickor.<\/p>\n<p><img loading=\"lazy\" decoding=\"async\" class=\"size-medium wp-image-3598\" src=\"https:\/\/www.polymerpacker.de\/wp-content\/uploads\/2023\/10\/kp50ia9-400x400.jpg\" alt=\"Sj\u00e4lvh\u00e4ftande packare i anv\u00e4ndning Bild 9 av 9\" width=\"400\" height=\"400\" srcset=\"https:\/\/www.polymerpacker.de\/wp-content\/uploads\/2023\/10\/kp50ia9-400x400.jpg 400w, https:\/\/www.polymerpacker.de\/wp-content\/uploads\/2023\/10\/kp50ia9-200x200.jpg 200w, https:\/\/www.polymerpacker.de\/wp-content\/uploads\/2023\/10\/kp50ia9-150x150.jpg 150w, https:\/\/www.polymerpacker.de\/wp-content\/uploads\/2023\/10\/kp50ia9-800x800.jpg 800w, https:\/\/www.polymerpacker.de\/wp-content\/uploads\/2023\/10\/kp50ia9-280x280.jpg 280w, https:\/\/www.polymerpacker.de\/wp-content\/uploads\/2023\/10\/kp50ia9-768x768.jpg 768w, https:\/\/www.polymerpacker.de\/wp-content\/uploads\/2023\/10\/kp50ia9-1536x1536.jpg 1536w, https:\/\/www.polymerpacker.de\/wp-content\/uploads\/2023\/10\/kp50ia9.jpg 2000w\" sizes=\"(max-width: 400px) 100vw, 400px\" \/><\/p>\n<p><strong>V\u00e5r rekommendation:<\/strong><\/p>\n<p><strong>F\u00f6r sprickinjektion <\/strong><strong>L\u00e4gsta m\u00f6jliga viskositet<\/strong> <strong>Anv\u00e4nd epoxi-, polyuretan- eller polyesterhartser med ett maximalt insprutningstryck p\u00e5 ca 20 bar.<\/strong><strong> 2-komponents polyesterkompositbruk (ankarlim) har visat sig vara mycket framg\u00e5ngsrikt f\u00f6r att f\u00e4sta injektionslimspackare p\u00e5 betongytor.<\/strong><\/p>","protected":false},"excerpt":{"rendered":"<h3><span style=\"color: #000000;\"><strong>Injektionspackare med sj\u00e4lvh\u00e4ftande material KP50M6 - <\/strong><strong>Glasfiberarmerad sj\u00e4lvh\u00e4ftande plastpackning f\u00f6r sprickinjektering enligt ZTV-RIS.<\/strong><\/span><\/h3>\n<p><span style=\"color: #000000;\">Tillverkad av glasfiberarmerad plast - mycket robust, sj\u00e4lvh\u00e4ftande yta \u00d8 50 mm.<\/span><\/p>\n<h4><span style=\"color: #000000;\">Anslutning: Inv\u00e4ndig g\u00e4nga<strong> M6,<\/strong> fri passage \u00d8<strong> 5 mm.<\/strong><\/span><\/h4>","protected":false},"featured_media":2633,"template":"","meta":[],"product_brand":[],"product_cat":[42,205],"product_tag":[131,206],"class_list":{"0":"post-2680","1":"product","2":"type-product","3":"status-publish","4":"has-post-thumbnail","6":"product_cat-injektion-packer-pumpen","7":"product_cat-injektions-klebepacker","8":"product_tag-unsere-millionenfach-bewaehrten-produkte","9":"product_tag-klebepacker","11":"first","12":"instock","13":"taxable","14":"shipping-taxable","15":"purchasable","16":"product-type-simple"},"tiered_pricing_type":"percentage","tiered_pricing_fixed_rules":[],"tiered_pricing_product_settings":{"layout":"default","base_unit_name":{"singular":null,"plural":null},"default_variation":null},"tiered_pricing_minimum_quantity":10,"tiered_pricing_roles_data":[],"tiered_pricing_percentage_rules":{"100":5,"1000":8,"2000":10,"5000":12},"tiered_pricing_maximum_quantity":null,"tiered_pricing_quantity_step":null,"_links":{"self":[{"href":"https:\/\/www.polymerpacker.de\/sv\/wp-json\/wp\/v2\/product\/2680","targetHints":{"allow":["GET"]}}],"collection":[{"href":"https:\/\/www.polymerpacker.de\/sv\/wp-json\/wp\/v2\/product"}],"about":[{"href":"https:\/\/www.polymerpacker.de\/sv\/wp-json\/wp\/v2\/types\/product"}],"wp:featuredmedia":[{"embeddable":true,"href":"https:\/\/www.polymerpacker.de\/sv\/wp-json\/wp\/v2\/media\/2633"}],"wp:attachment":[{"href":"https:\/\/www.polymerpacker.de\/sv\/wp-json\/wp\/v2\/media?parent=2680"}],"wp:term":[{"taxonomy":"product_brand","embeddable":true,"href":"https:\/\/www.polymerpacker.de\/sv\/wp-json\/wp\/v2\/product_brand?post=2680"},{"taxonomy":"product_cat","embeddable":true,"href":"https:\/\/www.polymerpacker.de\/sv\/wp-json\/wp\/v2\/product_cat?post=2680"},{"taxonomy":"product_tag","embeddable":true,"href":"https:\/\/www.polymerpacker.de\/sv\/wp-json\/wp\/v2\/product_tag?post=2680"}],"curies":[{"name":"wp","href":"https:\/\/api.w.org\/{rel}","templated":true}]}}