{"id":2679,"date":"2022-09-25T16:27:44","date_gmt":"2022-09-25T14:27:44","guid":{"rendered":"https:\/\/www.polymerpacker.de\/?post_type=product&#038;p=2679"},"modified":"2026-04-15T16:01:02","modified_gmt":"2026-04-15T14:01:02","slug":"injektionsvinkel-sjaelvhaeftande-packare-kpwkn","status":"publish","type":"product","link":"https:\/\/www.polymerpacker.de\/sv\/produkt\/injektions-winkel-klebepacker-kpwkn\/","title":{"rendered":"Insprutningsvinkel limpackare KPWKN"},"content":{"rendered":"<h2><span style=\"color: #000000;\"><strong>Insprutningsvinkel limpackare KPWKN<\/strong><\/span><\/h2>\n<p><span style=\"color: #000000;\"> f\u00f6r limning till ytor p\u00e5 byggnadsdelar d\u00e4r borrning av h\u00e5l f\u00f6r sprickinjektering inte \u00e4r \u00f6nskv\u00e4rd eller inte till\u00e5ten <strong>(ZTV-RIS).<\/strong><\/span><\/p>\n<p><span style=\"color: #000000;\"><strong>Exempel p\u00e5 anv\u00e4ndning: <\/strong>Sprickinjektering p\u00e5 konstruktionselement av f\u00f6rsp\u00e4nd betong, betong med t\u00e4t armering eller exponerade betongelement. Kan anv\u00e4ndas f\u00f6r injektering av epoxiharts, polyuretanharts och polyesterharts.<\/span><\/p>\n<p><span style=\"color: #000000;\"><strong>Polymerpacker Injektionspackning med sj\u00e4lvh\u00e4ftande material<\/strong><\/span><\/p>\n<p><span style=\"color: #000000;\">- Tillverkad av en h\u00f6gpresterande plast med h\u00f6g vidh\u00e4ftningsf\u00f6rm\u00e5ga.<\/span><\/p>\n<p><span style=\"color: #000000;\">- Adhesiv yta med en ytstruktur som \u00e4r optimerad f\u00f6r limning.<\/span><\/p>\n<p><span style=\"color: #000000;\">- Kan anv\u00e4ndas f\u00f6r maximala injektionstryck p\u00e5 upp till 60 bar vid limning p\u00e5 fasta ytor med h\u00f6gkvalitativa lim.<\/span><\/p>\n<p><span style=\"color: #000000;\"><strong>Polymerpacker Injektionsf\u00f6rpackare f\u00f6r sj\u00e4lvh\u00e4ftande material. Den ursprungliga, bepr\u00f6vade och testade produkten, som vi har tillverkat sedan 1993.<\/strong><\/span><\/p>","protected":false},"excerpt":{"rendered":"<h3><span style=\"color: #000000;\"><strong>Injektionsvinkel f\u00f6r sj\u00e4lvh\u00e4ftande packare KPWKN <\/strong><strong>Sj\u00e4lvh\u00e4ftande plastpackare (glasfiberarmerad) f\u00f6r sprickinjektering i h\u00f6rn.<\/strong><\/span><\/h3>\n<p><span style=\"color: #000000;\">Tillverkad av glasfiberarmerad plast - mycket robust.<\/span><\/p>\n<h4><span style=\"color: #000000;\">Anslutning: Inskruvad <strong>Konisk nippel av st\u00e5l DIN 71412<\/strong> med backventil. \u00d6ppningstryck ca. <strong>10 bar.<\/strong><\/span><\/h4>","protected":false},"featured_media":2661,"template":"","meta":[],"product_brand":[],"product_cat":[42,205],"product_tag":[206],"class_list":{"0":"post-2679","1":"product","2":"type-product","3":"status-publish","4":"has-post-thumbnail","6":"product_cat-injektion-packer-pumpen","7":"product_cat-injektions-klebepacker","8":"product_tag-klebepacker","10":"first","11":"instock","12":"taxable","13":"shipping-taxable","14":"purchasable","15":"product-type-simple"},"tiered_pricing_type":"percentage","tiered_pricing_fixed_rules":[],"tiered_pricing_product_settings":{"layout":"default","base_unit_name":{"singular":null,"plural":null},"default_variation":null},"tiered_pricing_minimum_quantity":10,"tiered_pricing_roles_data":[],"tiered_pricing_percentage_rules":{"100":5,"1000":8,"2000":10},"tiered_pricing_maximum_quantity":null,"tiered_pricing_quantity_step":null,"_links":{"self":[{"href":"https:\/\/www.polymerpacker.de\/sv\/wp-json\/wp\/v2\/product\/2679","targetHints":{"allow":["GET"]}}],"collection":[{"href":"https:\/\/www.polymerpacker.de\/sv\/wp-json\/wp\/v2\/product"}],"about":[{"href":"https:\/\/www.polymerpacker.de\/sv\/wp-json\/wp\/v2\/types\/product"}],"wp:featuredmedia":[{"embeddable":true,"href":"https:\/\/www.polymerpacker.de\/sv\/wp-json\/wp\/v2\/media\/2661"}],"wp:attachment":[{"href":"https:\/\/www.polymerpacker.de\/sv\/wp-json\/wp\/v2\/media?parent=2679"}],"wp:term":[{"taxonomy":"product_brand","embeddable":true,"href":"https:\/\/www.polymerpacker.de\/sv\/wp-json\/wp\/v2\/product_brand?post=2679"},{"taxonomy":"product_cat","embeddable":true,"href":"https:\/\/www.polymerpacker.de\/sv\/wp-json\/wp\/v2\/product_cat?post=2679"},{"taxonomy":"product_tag","embeddable":true,"href":"https:\/\/www.polymerpacker.de\/sv\/wp-json\/wp\/v2\/product_tag?post=2679"}],"curies":[{"name":"wp","href":"https:\/\/api.w.org\/{rel}","templated":true}]}}