{"id":1848,"date":"2021-04-13T15:23:57","date_gmt":"2021-04-13T13:23:57","guid":{"rendered":"https:\/\/www.polymerpacker.de\/?post_type=product&#038;p=1848"},"modified":"2026-04-15T16:01:02","modified_gmt":"2026-04-15T14:01:02","slug":"injektionspackare-kp18kn-foer-hamring-i-sprickor","status":"publish","type":"product","link":"https:\/\/www.polymerpacker.de\/sv\/produkt\/injektions-keilpacker-kp18kn-zum-einschlagen-in-risse\/","title":{"rendered":"Injekteringspackare KP18KN f\u00f6r hamring i sprickor"},"content":{"rendered":"<h2><span style=\"color: #000000;\"><span style=\"font-family: Arial, sans-serif;\"><span style=\"font-size: medium;\"><b>Injekteringspackare KP18KN f\u00f6r hamring i sprickor<\/b><\/span><\/span><\/span><\/h2>\n<p><span style=\"color: #000000;\"><span style=\"font-family: Arial, sans-serif;\"><span style=\"font-size: medium;\"><b>Injekteringspackning med kil (kilformad injekteringspackning) <\/b><\/span><\/span><\/span><span style=\"color: #000000;\"><span style=\"font-family: Arial, sans-serif;\"><span style=\"font-size: medium;\">F\u00f6r direkt injektering i sprickor. F\u00f6r anv\u00e4ndning vid injektering av sprickor i alla vanliga byggmaterial som betong, granit, h\u00e5lblock, tegel, sandsten. Kan anv\u00e4ndas f\u00f6r injektering av epoxiharts, polyuretanharts, mikrocementsuspension. Mycket v\u00e4l l\u00e4mpad f\u00f6r direkt hamring i tr\u00e4, f\u00f6r tryckimpregnering, med tr\u00e4skyddsmedel eller med epoxiharts f\u00f6r tr\u00e4konsolidering. <b>Kilpackare kan enkelt avl\u00e4gsnas fr\u00e5n byggmaterialet utan att l\u00e4mna n\u00e5gra rester<\/b>. Kan anv\u00e4ndas f\u00f6r maximala insprutningstryck p\u00e5 upp till 50 bar n\u00e4r den sitter ordentligt fast. <\/span><\/span><\/span><\/p>\n<p><span style=\"color: #000000;\"><span style=\"font-family: Arial, sans-serif;\"><span style=\"font-size: medium;\"><b>F\u00f6r ytterligare information och s\u00e4kerhetsanvisningar kan du ladda ner det tekniska databladet f\u00f6r denna produkt h\u00e4r. <\/b><\/span><\/span><\/span><\/p>\n<p><a href=\"https:\/\/www.polymerpacker.de\/wp-content\/uploads\/2021\/05\/Polymerpacker-TM-KP18KN-DE-EN.pdf\"><img fetchpriority=\"high\" decoding=\"async\" class=\"alignnone wp-image-1504 size-medium\" src=\"https:\/\/www.polymerpacker.de\/wp-content\/uploads\/2020\/08\/PDF-DOWNLOAD-250x400.jpg\" alt=\"\" width=\"250\" height=\"400\" srcset=\"https:\/\/www.polymerpacker.de\/wp-content\/uploads\/2020\/08\/PDF-DOWNLOAD-250x400.jpg 250w, https:\/\/www.polymerpacker.de\/wp-content\/uploads\/2020\/08\/PDF-DOWNLOAD-200x320.jpg 200w, https:\/\/www.polymerpacker.de\/wp-content\/uploads\/2020\/08\/PDF-DOWNLOAD-scaled-150x240.jpg 150w, https:\/\/www.polymerpacker.de\/wp-content\/uploads\/2020\/08\/PDF-DOWNLOAD-400x640.jpg 400w, https:\/\/www.polymerpacker.de\/wp-content\/uploads\/2020\/08\/PDF-DOWNLOAD-500x800.jpg 500w, https:\/\/www.polymerpacker.de\/wp-content\/uploads\/2020\/08\/PDF-DOWNLOAD-768x1228.jpg 768w, https:\/\/www.polymerpacker.de\/wp-content\/uploads\/2020\/08\/PDF-DOWNLOAD-961x1536.jpg 961w, https:\/\/www.polymerpacker.de\/wp-content\/uploads\/2020\/08\/PDF-DOWNLOAD-1281x2048.jpg 1281w, https:\/\/www.polymerpacker.de\/wp-content\/uploads\/2020\/08\/PDF-DOWNLOAD-scaled.jpg 1601w\" sizes=\"(max-width: 250px) 100vw, 250px\" \/><\/a><\/p>","protected":false},"excerpt":{"rendered":"<h3><strong>Injekteringspackare kilpackare KP18KN f\u00f6r sprickbredder fr\u00e5n 1,8 mm<\/strong><\/h3>\n<p><strong>Kilpackare av plast, 40 mm l\u00e5ng.<\/strong><\/p>\n<h4>Anslutning: <strong>Konisk nippel av st\u00e5l DIN 71412<\/strong> med backventil, \u00f6ppningstryck ca. <strong>10 bar<\/strong>.<\/h4>\n<p><strong>Gratis f\u00f6rpackningsverktyg i varje paket<\/strong><\/p>","protected":false},"featured_media":1811,"template":"","meta":[],"product_brand":[],"product_cat":[42,138],"product_tag":[129,139,196,198],"class_list":{"0":"post-1848","1":"product","2":"type-product","3":"status-publish","4":"has-post-thumbnail","6":"product_cat-injektion-packer-pumpen","7":"product_cat-injektions-keilpacker","8":"product_tag-injektionspacker-fuer-harz","9":"product_tag-keilpacker","10":"product_tag-injektionspacker-fuer-holzschutzmittel","11":"product_tag-injektionspacker-mit-kegelnippel","13":"first","14":"instock","15":"taxable","16":"shipping-taxable","17":"purchasable","18":"product-type-simple"},"tiered_pricing_type":"percentage","tiered_pricing_fixed_rules":[],"tiered_pricing_product_settings":{"layout":"default","base_unit_name":{"singular":null,"plural":null},"default_variation":null},"tiered_pricing_minimum_quantity":10,"tiered_pricing_roles_data":[],"tiered_pricing_percentage_rules":{"100":5,"1000":10},"tiered_pricing_maximum_quantity":null,"tiered_pricing_quantity_step":null,"_links":{"self":[{"href":"https:\/\/www.polymerpacker.de\/sv\/wp-json\/wp\/v2\/product\/1848","targetHints":{"allow":["GET"]}}],"collection":[{"href":"https:\/\/www.polymerpacker.de\/sv\/wp-json\/wp\/v2\/product"}],"about":[{"href":"https:\/\/www.polymerpacker.de\/sv\/wp-json\/wp\/v2\/types\/product"}],"wp:featuredmedia":[{"embeddable":true,"href":"https:\/\/www.polymerpacker.de\/sv\/wp-json\/wp\/v2\/media\/1811"}],"wp:attachment":[{"href":"https:\/\/www.polymerpacker.de\/sv\/wp-json\/wp\/v2\/media?parent=1848"}],"wp:term":[{"taxonomy":"product_brand","embeddable":true,"href":"https:\/\/www.polymerpacker.de\/sv\/wp-json\/wp\/v2\/product_brand?post=1848"},{"taxonomy":"product_cat","embeddable":true,"href":"https:\/\/www.polymerpacker.de\/sv\/wp-json\/wp\/v2\/product_cat?post=1848"},{"taxonomy":"product_tag","embeddable":true,"href":"https:\/\/www.polymerpacker.de\/sv\/wp-json\/wp\/v2\/product_tag?post=1848"}],"curies":[{"name":"wp","href":"https:\/\/api.w.org\/{rel}","templated":true}]}}