{"id":446,"date":"2019-04-16T18:39:35","date_gmt":"2019-04-16T18:39:35","guid":{"rendered":"http:\/\/b38jwy.myraidbox.de\/?page_id=446"},"modified":"2025-05-07T11:02:31","modified_gmt":"2025-05-07T09:02:31","slug":"om-oss","status":"publish","type":"page","link":"https:\/\/www.polymerpacker.de\/sv\/ueber-uns\/","title":{"rendered":"Om oss"},"content":{"rendered":"<h3 class=\"wp-block-heading\" id=\"h-uber-uns\"><\/h3>\n\n\n\n<p><strong>Sedan 1993<\/strong> har vi utvecklat och tillverkat verktyg och insprutningsutrustning f\u00f6r renovering av byggnader p\u00e5 v\u00e5r anl\u00e4ggning i centrala Tyskland. V\u00e5ra produkter har bevisat sig miljontals g\u00e5nger i v\u00e4rldsomsp\u00e4nnande anv\u00e4ndning i \u00e5rtionden. <\/p>\n\n\n\n<p>V\u00e5r direktf\u00f6rs\u00e4ljning g\u00f6r det m\u00f6jligt f\u00f6r dig som<strong> Kund<\/strong> direktkontakt med tillverkaren, som vi g\u00e4rna vill utnyttja f\u00f6r att kunna erbjuda dig mer som kund och anv\u00e4ndare av v\u00e5ra produkter. Mer kvalitet, mer produktivitet, mer innovation, mer service, mer prisf\u00f6rdelar. <\/p>\n\n\n\n<p class=\"has-medium-font-size\"><strong>Polymerpacker - eftersom ett bra arbete b\u00f6rjar med bra verktyg.<\/strong><\/p>\n\n\n\n<h3 class=\"wp-block-heading\" id=\"h-unsere-qualitatsgarantie-an-sie\">V\u00e5r kvalitetsgaranti till dig<\/h3>\n\n\n\n<p>V\u00e5r produktion \u00e4r certifierad enligt DIN EN ISO 9001:2015 (T\u00dcV Hessen, certifikat - registreringsnummer: 73 100 5871)<br>Den tekniska konstruktionen och s\u00e4kerhetstestningen av v\u00e5ra slipskivor med h\u00e5rdmetallkorn f\u00f6r vinkelslipar baseras p\u00e5 DIN EN 13236:2010<br>De externa s\u00e4kerhetstesterna utf\u00f6rdes av MPA Hannover. (MPA - Certifikat Z-13760\/15, Z-13760-1\/16, Z-13761-1\/16, Z-13762-1\/16, Z-13763-1\/16)<\/p>\n\n\n\n<figure class=\"wp-block-image size-large is-resized\"><img fetchpriority=\"high\" decoding=\"async\" width=\"956\" height=\"800\" src=\"http:\/\/b38jwy.myraidbox.de\/wp-content\/uploads\/2020\/04\/T\u00dcV_WZ180401-956x800.jpg\" alt=\"\" class=\"wp-image-1015\" style=\"width:243px;height:203px\" srcset=\"https:\/\/www.polymerpacker.de\/wp-content\/uploads\/2020\/04\/T\u00dcV_WZ180401-956x800.jpg 956w, https:\/\/www.polymerpacker.de\/wp-content\/uploads\/2020\/04\/T\u00dcV_WZ180401-200x167.jpg 200w, https:\/\/www.polymerpacker.de\/wp-content\/uploads\/2020\/04\/T\u00dcV_WZ180401-150x125.jpg 150w, https:\/\/www.polymerpacker.de\/wp-content\/uploads\/2020\/04\/T\u00dcV_WZ180401-400x335.jpg 400w, https:\/\/www.polymerpacker.de\/wp-content\/uploads\/2020\/04\/T\u00dcV_WZ180401-478x400.jpg 478w, https:\/\/www.polymerpacker.de\/wp-content\/uploads\/2020\/04\/T\u00dcV_WZ180401-768x642.jpg 768w, https:\/\/www.polymerpacker.de\/wp-content\/uploads\/2020\/04\/T\u00dcV_WZ180401.jpg 1181w\" sizes=\"(max-width: 956px) 100vw, 956px\" \/><\/figure>\n\n\n\n<p><strong>Polymerpacker GmbH &amp; Co. KG<\/strong><br>Am Fuldaer Kreuz 9<br>DE 97786 Motten <br>Telefon +49 9748 863 99 20<br>E-post: info@polymerpacker.de<\/p>","protected":false},"excerpt":{"rendered":"<p>Seit 1993 besch\u00e4ftigen wir uns an unserem Standort mitten in Deutschland mit der Entwicklung und der Herstellung von Werkzeugen und Injektionsausr\u00fcstung f\u00fcr die Bausanierung. Unsere Produkte haben sich \u00fcber Jahrzehnte millionenfach im weltweiten Einsatz bew\u00e4hrt. Unser Direktvertrieb erm\u00f6glicht Ihnen als Kunde den direkten Kontakt zum Hersteller, den wir nutzen m\u00f6chten, um Ihnen als Kunde und [&hellip;]<\/p>\n","protected":false},"author":1,"featured_media":0,"parent":0,"menu_order":0,"comment_status":"closed","ping_status":"closed","template":"","meta":{"footnotes":""},"class_list":["post-446","page","type-page","status-publish","hentry"],"_links":{"self":[{"href":"https:\/\/www.polymerpacker.de\/sv\/wp-json\/wp\/v2\/pages\/446","targetHints":{"allow":["GET"]}}],"collection":[{"href":"https:\/\/www.polymerpacker.de\/sv\/wp-json\/wp\/v2\/pages"}],"about":[{"href":"https:\/\/www.polymerpacker.de\/sv\/wp-json\/wp\/v2\/types\/page"}],"author":[{"embeddable":true,"href":"https:\/\/www.polymerpacker.de\/sv\/wp-json\/wp\/v2\/users\/1"}],"replies":[{"embeddable":true,"href":"https:\/\/www.polymerpacker.de\/sv\/wp-json\/wp\/v2\/comments?post=446"}],"version-history":[{"count":2,"href":"https:\/\/www.polymerpacker.de\/sv\/wp-json\/wp\/v2\/pages\/446\/revisions"}],"predecessor-version":[{"id":4640,"href":"https:\/\/www.polymerpacker.de\/sv\/wp-json\/wp\/v2\/pages\/446\/revisions\/4640"}],"wp:attachment":[{"href":"https:\/\/www.polymerpacker.de\/sv\/wp-json\/wp\/v2\/media?parent=446"}],"curies":[{"name":"wp","href":"https:\/\/api.w.org\/{rel}","templated":true}]}}