{"id":291,"date":"2019-04-16T08:45:56","date_gmt":"2019-04-16T08:45:56","guid":{"rendered":"http:\/\/b38jwy.myraidbox.de\/?page_id=291"},"modified":"2022-08-24T15:33:23","modified_gmt":"2022-08-24T13:33:23","slug":"avtryck","status":"publish","type":"page","link":"https:\/\/www.polymerpacker.de\/sv\/impressum\/","title":{"rendered":"Avtryck"},"content":{"rendered":"<h3 class=\"wp-block-heading\" id=\"h-polymerpacker-werkzeuge-fur-die-bausanierung\">Polymerpacker - Verktyg f\u00f6r renovering av byggnader<\/h3>\n\n\n\n<p><strong>Polymerpacker GmbH &amp; Co. KG<\/strong><br>Am Fuldaer Kreuz 9<br>DE 97786 Motten<br>Telefon +49 9748 863 99 20<br><a href=\"mailto:rmoeller@polymerpacker.de\">info@polymerpacker.de<\/a><\/p>\n\n\n\n<p>Personligt ansvarig del\u00e4gare: Polymerpacker Beteiligungs GmbH<\/p>\n\n\n\n<p>Registreringsdomstol: Schweinfurt HRA 9867 HRB 7602<\/p>\n\n\n\n<p>Verkst\u00e4llande direkt\u00f6r: R\u00fcdiger M\u00f6ller (VD)<\/p>\n\n\n\n<p>MOMSREGISTRERINGSNUMMER: DE 313477910<\/p>\n\n\n\n<p>Ansvarig enligt \u00a75 TMG och ansvarig enligt \u00a7 55 Abs. 2 RStV: R\u00fcdiger M\u00f6ller. &nbsp; <a href=\"https:\/\/www.polymerpacker.de\/sv\/\">www.polymerpacker.de<\/a><\/p>\n\n\n\n<p><strong>Ansvarsfriskrivning:<\/strong><br>Upphovsr\u00e4tt<br>Alla artiklar och illustrationer som publiceras p\u00e5 denna webbplats \u00e4r upphovsr\u00e4ttsligt skyddade. All anv\u00e4ndning kr\u00e4ver f\u00f6rhandsgodk\u00e4nnande, i synnerhet kopiering, redigering, bearbetning, lagring, \u00f6vers\u00e4ttning eller reproduktion av databaser eller andra elektroniska medier och system.<br>Fotokopior och nedladdningar f\u00e5r endast g\u00f6ras f\u00f6r personligt, privat och icke-kommersiellt bruk.<\/p>\n\n\n\n<p><strong>E-post:<\/strong><br>Kommunikation via e-post kan ha s\u00e4kerhetsbrister. Om du kommunicerar med oss via e-post f\u00f6ruts\u00e4tter vi att vi ocks\u00e5 kan svara dig via e-post. Om du inte vill att vi ska g\u00f6ra det, m\u00e5ste du informera oss om detta.<\/p>\n\n\n\n<p><strong>Externa l\u00e4nkar:<\/strong><br>Inneh\u00e5llet p\u00e5 externa webbplatser som vi h\u00e4nvisar till direkt eller indirekt p\u00e5 v\u00e5r webbplats (genom \u201ehyperl\u00e4nkar\u201c eller \u201edjupl\u00e4nkar\u201c) ligger utanf\u00f6r v\u00e5rt ansvarsomr\u00e5de och vi g\u00f6r oss inte till tolk f\u00f6r det. Vi kan dock meddela att inget olagligt inneh\u00e5ll kunde identifieras p\u00e5 de l\u00e4nkade webbplatserna vid den tidpunkt d\u00e5 l\u00e4nkarna skapades. Vi har inget som helst inflytande p\u00e5 den nuvarande och framtida utformningen, inneh\u00e5llet eller upphovsmannaskapet p\u00e5 de l\u00e4nkade webbplatserna. Vi tar d\u00e4rf\u00f6r uttryckligen avst\u00e5nd fr\u00e5n allt inneh\u00e5ll p\u00e5 alla l\u00e4nkade webbplatser som har \u00e4ndrats efter att l\u00e4nken skapades. Detta uttalande g\u00e4ller f\u00f6r alla l\u00e4nkar och h\u00e4nvisningar som finns p\u00e5 v\u00e5r egen hemsida. Leverant\u00f6ren av den l\u00e4nkade webbplatsen \u00e4r ensam ansvarig f\u00f6r olagligt, felaktigt eller ofullst\u00e4ndigt inneh\u00e5ll och i synnerhet f\u00f6r skador som uppst\u00e5r till f\u00f6ljd av anv\u00e4ndningen av den information som finns tillg\u00e4nglig p\u00e5 de l\u00e4nkade webbplatserna. Om vi f\u00e5r k\u00e4nnedom om olagligt, otill\u00e5tet eller felaktigt inneh\u00e5ll p\u00e5 webbplatser som vi l\u00e4nkar till, kommer vi att ta bort l\u00e4nken.<\/p>\n\n\n\n<p><strong>Skydd av personuppgifter:<\/strong><\/p>\n\n\n\n<p><a href=\"\/sv\/dataskydd\/\">Klicka h\u00e4r f\u00f6r v\u00e5r information om dataskydd.<\/a><\/p>\n\n\n<div class=\"woocommerce woocommerce-gzd woocommerce-gzd-complaints-shortcode\">\n\t\t\t<h3>Alternativ tvistl\u00f6sning i enlighet med artikel 14.1 i ODR-VO och \u00a7 36 i VSBG:<\/h3>\n\t\nVi \u00e4r inte skyldiga eller villiga att delta i tvistl\u00f6sningsf\u00f6rfaranden inf\u00f6r en skiljen\u00e4mnd f\u00f6r konsumenter.<\/div>\n\n\n<p><\/p>","protected":false},"excerpt":{"rendered":"<p>Polymerpacker &#8211;&nbsp;Werkzeuge f\u00fcr die Bausanierung Polymerpacker GmbH &amp; Co. KGAm Fuldaer Kreuz 9DE 97786 MottenTel. +49 9748 863 99 20info@polymerpacker.de Pers\u00f6nlich haftende Gesellschafterin: Polymerpacker Beteiligungs GmbH Registriergericht: Schweinfurt&nbsp; HRA 9867&nbsp; HRB 7602 Gesch\u00e4ftsf\u00fchrer: R\u00fcdiger M\u00f6ller (CEO) Ust.ID: DE 313477910 Verantwortlicher nach \u00a75 TMG und Verantwortlicher i.S.d. \u00a7 55 Abs. 2 RStV:&nbsp; R\u00fcdiger M\u00f6ller. &nbsp; www.polymerpacker.de [&hellip;]<\/p>\n","protected":false},"author":1,"featured_media":0,"parent":0,"menu_order":0,"comment_status":"closed","ping_status":"closed","template":"","meta":{"footnotes":""},"class_list":["post-291","page","type-page","status-publish","hentry"],"_links":{"self":[{"href":"https:\/\/www.polymerpacker.de\/sv\/wp-json\/wp\/v2\/pages\/291","targetHints":{"allow":["GET"]}}],"collection":[{"href":"https:\/\/www.polymerpacker.de\/sv\/wp-json\/wp\/v2\/pages"}],"about":[{"href":"https:\/\/www.polymerpacker.de\/sv\/wp-json\/wp\/v2\/types\/page"}],"author":[{"embeddable":true,"href":"https:\/\/www.polymerpacker.de\/sv\/wp-json\/wp\/v2\/users\/1"}],"replies":[{"embeddable":true,"href":"https:\/\/www.polymerpacker.de\/sv\/wp-json\/wp\/v2\/comments?post=291"}],"version-history":[{"count":0,"href":"https:\/\/www.polymerpacker.de\/sv\/wp-json\/wp\/v2\/pages\/291\/revisions"}],"wp:attachment":[{"href":"https:\/\/www.polymerpacker.de\/sv\/wp-json\/wp\/v2\/media?parent=291"}],"curies":[{"name":"wp","href":"https:\/\/api.w.org\/{rel}","templated":true}]}}