{"id":2521,"date":"2022-08-16T16:15:04","date_gmt":"2022-08-16T14:15:04","guid":{"rendered":"https:\/\/www.polymerpacker.de\/?page_id=2521"},"modified":"2023-05-12T11:57:48","modified_gmt":"2023-05-12T09:57:48","slug":"avsaendande-betalning","status":"publish","type":"page","link":"https:\/\/www.polymerpacker.de\/sv\/versand-zahlung\/","title":{"rendered":"Frakt - Betalning - Returer"},"content":{"rendered":"<h3 class=\"wp-block-heading\"><\/h3>\n\n\n\n<p>K\u00e4ra kund,<\/p>\n\n\n\n<p>Du kan l\u00e4gga din best\u00e4llning i v\u00e5r webbshop p\u00e5<strong> \u201eUtcheckning\u201c<\/strong> genom att ange leveransadressen <strong>(Land)<\/strong> kan levereras till alla EU-l\u00e4nder.<\/p>\n\n\n\n<p>Belgien, Bulgarien, Cypern, Danmark, Estland, Finland, Frankrike, Grekland, Irland, Italien, Kroatien, Lettland, Litauen, Luxemburg, Malta, Nederl\u00e4nderna, Polen, Rum\u00e4nien, Slovakien, Slovenien, Spanien, Sverige, Tjeckien, Tyskland, Ungern, \u00d6sterrike.<\/p>\n\n\n\n<p>Om du vill ha leverans till ett land utanf\u00f6r EU, v\u00e4nligen kontakta oss.<\/p>\n\n\n\n<h3 class=\"wp-block-heading\">Frakt<\/h3>\n\n\n\n<p>Vi skickar uteslutande med UPS (United Parcel Service).<\/p>\n\n\n\n<p><strong>F\u00f6r att s\u00e4kerst\u00e4lla att din best\u00e4llning levereras s\u00e5 smidigt som m\u00f6jligt ber vi dig att ange ett telefonnummer vid utcheckningen d\u00e4r du kan n\u00e5s av UPS-paketservicef\u00f6raren i h\u00e4ndelse av leveransproblem.<\/strong><\/p>\n\n\n\n<h3 class=\"wp-block-heading\">Fraktkostnader<\/h3>\n\n\n\n<p>Vi debiterar dig endast de fraktkostnader som faktureras till oss av pakettj\u00e4nstleverant\u00f6ren (UPS) som fraktkostnader. F\u00f6r varje best\u00e4llning ber\u00e4knas automatiskt fraktkostnaderna f\u00f6r det leveransland som du har angett.<\/p>\n\n\n\n<h3 class=\"wp-block-heading\">Merv\u00e4rdesskatt<\/h3>\n\n\n\n<p>F\u00f6r varje best\u00e4llning ber\u00e4knas automatiskt den lagstadgade merv\u00e4rdesskatten i det leveransland som du anger i enlighet med EU:s best\u00e4mmelser.<\/p>\n\n\n\n<h4 class=\"wp-block-heading\">F\u00f6r en momsfri exportleverans, v\u00e4nligen ange ditt momsregistreringsnummer vid utcheckningen.<\/h4>\n\n\n\n<h3 class=\"wp-block-heading\">Leveranstider<\/h3>\n\n\n\n<p>Alla best\u00e4llningar behandlas av oss inom en till tv\u00e5 arbetsdagar och \u00f6verl\u00e4mnas till fraktleverant\u00f6ren (UPS).<\/p>\n\n\n\n<p>S\u00e5 snart vi har \u00f6verl\u00e4mnat din f\u00f6rs\u00e4ndelse till fraktleverant\u00f6ren (UPS) kommer du att f\u00e5 ett e-postmeddelande fr\u00e5n oss med <strong>Ditt UPS-sp\u00e5rningsnummer.<\/strong><\/p>\n\n\n\n<p><strong>Om du vill f\u00f6lja hur det g\u00e5r med din s\u00e4ndning klickar du p\u00e5 l\u00e4nken i e-postmeddelandet till UPS webbplats och anger ditt s\u00e4ndningsnummer.<\/strong><\/p>\n\n\n\n<p><\/p>\n\n\n\n<h3 class=\"wp-block-heading\">Betalningsalternativ<\/h3>\n\n\n\n<p>F\u00f6ljande betalningsalternativ \u00e4r tillg\u00e4ngliga f\u00f6r dig<\/p>\n\n\n\n<p><strong>F\u00f6rskottsbetalning via bank\u00f6verf\u00f6ring<\/strong><\/p>\n\n\n\n<p><strong>Betalning via PayPal<\/strong><br><br><strong>Via Stripe<\/strong><br>Betalning med kreditkort<br>Betalning via Google pay<\/p>\n\n\n\n<h3 class=\"wp-block-heading\">Returer (\u00e5terl\u00e4mnande av varor)<\/h3>\n\n\n\n<p>Om du vill returnera en vara som vi har levererat ska du skicka tillbaka varan till oss fraktfritt. Bifoga en kopia av v\u00e5r f\u00f6ljesedel med din retur, m\u00e4rkt \u201eRetur\u201c. N\u00e4r vi har mottagit varorna \u00e5terbetalar vi ink\u00f6pspriset s\u00e5 snabbt som m\u00f6jligt. Observera att vi endast kan acceptera returer av oanv\u00e4nda varor i originalf\u00f6rpackningen.<\/p>\n\n\n\n<p><strong>Tack f\u00f6r ditt intresse f\u00f6r v\u00e5ra produkter<\/strong><\/p>\n\n\n\n<p><strong>Polymerpacker GmbH &amp; Co. KG<\/strong><br>Am Fuldaer Kreuz 9<br>DE 97786 Motten<br>Telefon +49 9748 863 99 20<br><a href=\"mailto:rmoeller@polymerpacker.de\">info@polymerpacker.de<\/a><\/p>","protected":false},"excerpt":{"rendered":"<p>Sehr geehrter Kunde, Ihre Bestellung in unserem Webshop k\u00f6nnen Sie beim \u201eCheck-out\u201c durch Eingabe der Lieferadresse (Land) in alle EU-L\u00e4nder ausliefern lassen. Belgien, Bulgarien, D\u00e4nemark, Deutschland, Estland, Finnland, Frankreich, Griechenland, Irland, Italien, Kroatien, Lettland, Litauen, Luxemburg, Malta, Niederlande, \u00d6sterreich, Polen, Rum\u00e4nien, Schweden, Slowakei, Slowenien, Spanien, Tschechien, Ungarn, Zypern. Wenn Sie eine Lieferung in ein nicht [&hellip;]<\/p>\n","protected":false},"author":1,"featured_media":0,"parent":0,"menu_order":0,"comment_status":"closed","ping_status":"closed","template":"","meta":{"footnotes":""},"class_list":["post-2521","page","type-page","status-publish","hentry"],"_links":{"self":[{"href":"https:\/\/www.polymerpacker.de\/sv\/wp-json\/wp\/v2\/pages\/2521","targetHints":{"allow":["GET"]}}],"collection":[{"href":"https:\/\/www.polymerpacker.de\/sv\/wp-json\/wp\/v2\/pages"}],"about":[{"href":"https:\/\/www.polymerpacker.de\/sv\/wp-json\/wp\/v2\/types\/page"}],"author":[{"embeddable":true,"href":"https:\/\/www.polymerpacker.de\/sv\/wp-json\/wp\/v2\/users\/1"}],"replies":[{"embeddable":true,"href":"https:\/\/www.polymerpacker.de\/sv\/wp-json\/wp\/v2\/comments?post=2521"}],"version-history":[{"count":0,"href":"https:\/\/www.polymerpacker.de\/sv\/wp-json\/wp\/v2\/pages\/2521\/revisions"}],"wp:attachment":[{"href":"https:\/\/www.polymerpacker.de\/sv\/wp-json\/wp\/v2\/media?parent=2521"}],"curies":[{"name":"wp","href":"https:\/\/api.w.org\/{rel}","templated":true}]}}