{"id":944,"date":"2020-01-06T20:05:46","date_gmt":"2020-01-06T19:05:46","guid":{"rendered":"http:\/\/b38jwy.myraidbox.de\/?post_type=product&#038;p=944"},"modified":"2026-04-18T12:57:01","modified_gmt":"2026-04-18T10:57:01","slug":"zlacze-uchwytu-dla-zlaczki-stozkowej","status":"publish","type":"product","link":"https:\/\/www.polymerpacker.de\/pl\/produkt\/greifkupplung-fuer-kegelnippel\/","title":{"rendered":"Z\u0142\u0105cze przy\u0142\u0105czeniowe (z\u0142\u0105cze zaciskowe) dla z\u0142\u0105czki sto\u017ckowej"},"content":{"rendered":"<h2><strong>Z\u0142\u0105cze przy\u0142\u0105czeniowe (z\u0142\u0105cze zaciskowe) dla z\u0142\u0105czki sto\u017ckowej<\/strong><\/h2>\n<p><strong>Standardowy system po\u0142\u0105cze\u0144 dla paker\u00f3w wtryskowych.<\/strong><\/p>\n<p>Mo\u017ce by\u0107 stosowany do wtrysku \u017cywicy epoksydowej, \u017cywicy poliuretanowej, \u017celu akrylowego, emulsji silikonowej. <strong>Maksymalne ci\u015bnienie wtrysku do 250 bar.<\/strong><\/p>\n<p><b>Aby uzyska\u0107 wi\u0119cej informacji i instrukcji dotycz\u0105cych bezpiecze\u0144stwa, mo\u017cna pobra\u0107 arkusz danych technicznych tego produktu tutaj. <\/b><\/p>\n<p><a href=\"https:\/\/www.polymerpacker.de\/wp-content\/uploads\/2024\/01\/Polymerpacker-TM-KNKG18-DE-EN.pdf\"><img fetchpriority=\"high\" decoding=\"async\" class=\"alignnone wp-image-1504 size-medium\" src=\"https:\/\/www.polymerpacker.de\/wp-content\/uploads\/2020\/08\/PDF-DOWNLOAD-250x400.jpg\" alt=\"\" width=\"250\" height=\"400\" srcset=\"https:\/\/www.polymerpacker.de\/wp-content\/uploads\/2020\/08\/PDF-DOWNLOAD-250x400.jpg 250w, https:\/\/www.polymerpacker.de\/wp-content\/uploads\/2020\/08\/PDF-DOWNLOAD-200x320.jpg 200w, https:\/\/www.polymerpacker.de\/wp-content\/uploads\/2020\/08\/PDF-DOWNLOAD-scaled-150x240.jpg 150w, https:\/\/www.polymerpacker.de\/wp-content\/uploads\/2020\/08\/PDF-DOWNLOAD-400x640.jpg 400w, https:\/\/www.polymerpacker.de\/wp-content\/uploads\/2020\/08\/PDF-DOWNLOAD-500x800.jpg 500w, https:\/\/www.polymerpacker.de\/wp-content\/uploads\/2020\/08\/PDF-DOWNLOAD-768x1228.jpg 768w, https:\/\/www.polymerpacker.de\/wp-content\/uploads\/2020\/08\/PDF-DOWNLOAD-961x1536.jpg 961w, https:\/\/www.polymerpacker.de\/wp-content\/uploads\/2020\/08\/PDF-DOWNLOAD-1281x2048.jpg 1281w, https:\/\/www.polymerpacker.de\/wp-content\/uploads\/2020\/08\/PDF-DOWNLOAD-scaled.jpg 1601w\" sizes=\"(max-width: 250px) 100vw, 250px\" \/><\/a><\/p>","protected":false},"excerpt":{"rendered":"<h3><strong>Z\u0142\u0105cze KNKG18<\/strong><\/h3>\n<p><strong>Z\u0142\u0105cze zaciskowe do z\u0142\u0105czki sto\u017ckowej<\/strong> <strong>DIN 71412<\/strong>.<\/p>\n<h4>Po\u0142\u0105czenie: <strong>Gwint wewn\u0119trzny G1\/8\u2033<\/strong>, swobodny przejazd <strong>\u00d8 2 mm<\/strong>, W zestawie aluminiowy pier\u015bcie\u0144 uszczelniaj\u0105cy.<\/h4>","protected":false},"featured_media":907,"template":"","meta":[],"product_brand":[],"product_cat":[42,121],"product_tag":[198,119,122],"class_list":{"0":"post-944","1":"product","2":"type-product","3":"status-publish","4":"has-post-thumbnail","6":"product_cat-injektion-packer-pumpen","7":"product_cat-injektionspacker-anschliessen","8":"product_tag-injektionspacker-mit-kegelnippel","9":"product_tag-kupplung-fuer-kegelnippel","10":"product_tag-injektionspacker-an-pumpen-anschliessen","12":"first","13":"instock","14":"taxable","15":"shipping-taxable","16":"purchasable","17":"product-type-simple"},"tiered_pricing_type":"percentage","tiered_pricing_fixed_rules":[],"tiered_pricing_product_settings":{"layout":"default","base_unit_name":{"singular":null,"plural":null},"default_variation":null},"tiered_pricing_minimum_quantity":null,"tiered_pricing_roles_data":[],"tiered_pricing_percentage_rules":{"5":5,"10":10},"tiered_pricing_maximum_quantity":null,"tiered_pricing_quantity_step":null,"_links":{"self":[{"href":"https:\/\/www.polymerpacker.de\/pl\/wp-json\/wp\/v2\/product\/944","targetHints":{"allow":["GET"]}}],"collection":[{"href":"https:\/\/www.polymerpacker.de\/pl\/wp-json\/wp\/v2\/product"}],"about":[{"href":"https:\/\/www.polymerpacker.de\/pl\/wp-json\/wp\/v2\/types\/product"}],"wp:featuredmedia":[{"embeddable":true,"href":"https:\/\/www.polymerpacker.de\/pl\/wp-json\/wp\/v2\/media\/907"}],"wp:attachment":[{"href":"https:\/\/www.polymerpacker.de\/pl\/wp-json\/wp\/v2\/media?parent=944"}],"wp:term":[{"taxonomy":"product_brand","embeddable":true,"href":"https:\/\/www.polymerpacker.de\/pl\/wp-json\/wp\/v2\/product_brand?post=944"},{"taxonomy":"product_cat","embeddable":true,"href":"https:\/\/www.polymerpacker.de\/pl\/wp-json\/wp\/v2\/product_cat?post=944"},{"taxonomy":"product_tag","embeddable":true,"href":"https:\/\/www.polymerpacker.de\/pl\/wp-json\/wp\/v2\/product_tag?post=944"}],"curies":[{"name":"wp","href":"https:\/\/api.w.org\/{rel}","templated":true}]}}