{"id":941,"date":"2020-01-06T19:52:31","date_gmt":"2020-01-06T18:52:31","guid":{"rendered":"http:\/\/b38jwy.myraidbox.de\/?post_type=product&#038;p=941"},"modified":"2026-04-15T16:00:59","modified_gmt":"2026-04-15T14:00:59","slug":"zlacze-przesuwne-do-zlaczki-z-plaskim-lbem-16","status":"publish","type":"product","link":"https:\/\/www.polymerpacker.de\/pl\/produkt\/anschlusskupplung-schiebekupplung-fuer-flachkopfnippel-16\/","title":{"rendered":"Z\u0142\u0105cze przy\u0142\u0105czeniowe (z\u0142\u0105cze przesuwne) dla z\u0142\u0105czki z p\u0142askim \u0142bem 16"},"content":{"rendered":"<p><strong><span style=\"color: #000000;\"><span style=\"font-family: Arial, sans-serif;\"><span style=\"font-size: medium;\">Standardowy system po\u0142\u0105cze\u0144 dla paker\u00f3w wtryskowych. <\/span><\/span><\/span><\/strong><\/p>\n<p><span style=\"font-family: Arial, sans-serif;\"><span style=\"font-size: medium;\"><span style=\"color: #000000;\">Mo\u017ce by\u0107 stosowany do wstrzykiwania \u017cywicy epoksydowej, \u017cywicy poliuretanowej, \u017celu akrylowego, emulsji silikonowej, kremu krzemianowego. <strong>Maksymalne ci\u015bnienie wtrysku do 150 bar\u00f3w.<\/strong><\/span><\/span><\/span><b><\/b><\/p>","protected":false},"excerpt":{"rendered":"<h3><strong>Z\u0142\u0105cze FKNK16G18<\/strong><\/h3>\n<p><strong>Sprz\u0119g\u0142o po\u015blizgowe<\/strong> do <strong>DIN 1283 <\/strong>dla <strong>Nypel p\u0142aski DIN 3404 \/ 16 mm<\/strong>.<\/p>\n<h4>Po\u0142\u0105czenie: <strong>Gwint wewn\u0119trzny G1\/8<\/strong><strong>\u201e, <\/strong>dla po\u0142\u0105czenia <strong>Gwint wewn\u0119trzny M10x1<\/strong> Adapter gwintu <strong>(czarny)<\/strong> Usu\u0144, wolne przej\u015bcie <strong>\u00d8 4 mm, <\/strong>W zestawie aluminiowy pier\u015bcie\u0144 uszczelniaj\u0105cy.<\/h4>","protected":false},"featured_media":905,"template":"","meta":[],"product_brand":[],"product_cat":[42,121],"product_tag":[116,120,122],"class_list":{"0":"post-941","1":"product","2":"type-product","3":"status-publish","4":"has-post-thumbnail","6":"product_cat-injektion-packer-pumpen","7":"product_cat-injektionspacker-anschliessen","8":"product_tag-kupplung-fuer-flachkopfnippel-16","9":"product_tag-injektionspacker-mit-flachkopfnippel","10":"product_tag-injektionspacker-an-pumpen-anschliessen","12":"first","13":"instock","14":"taxable","15":"shipping-taxable","16":"purchasable","17":"product-type-simple"},"tiered_pricing_type":"percentage","tiered_pricing_fixed_rules":[],"tiered_pricing_product_settings":{"layout":"default","base_unit_name":{"singular":null,"plural":null},"default_variation":null},"tiered_pricing_minimum_quantity":null,"tiered_pricing_roles_data":[],"tiered_pricing_percentage_rules":{"5":5,"10":10},"tiered_pricing_maximum_quantity":null,"tiered_pricing_quantity_step":null,"_links":{"self":[{"href":"https:\/\/www.polymerpacker.de\/pl\/wp-json\/wp\/v2\/product\/941","targetHints":{"allow":["GET"]}}],"collection":[{"href":"https:\/\/www.polymerpacker.de\/pl\/wp-json\/wp\/v2\/product"}],"about":[{"href":"https:\/\/www.polymerpacker.de\/pl\/wp-json\/wp\/v2\/types\/product"}],"wp:featuredmedia":[{"embeddable":true,"href":"https:\/\/www.polymerpacker.de\/pl\/wp-json\/wp\/v2\/media\/905"}],"wp:attachment":[{"href":"https:\/\/www.polymerpacker.de\/pl\/wp-json\/wp\/v2\/media?parent=941"}],"wp:term":[{"taxonomy":"product_brand","embeddable":true,"href":"https:\/\/www.polymerpacker.de\/pl\/wp-json\/wp\/v2\/product_brand?post=941"},{"taxonomy":"product_cat","embeddable":true,"href":"https:\/\/www.polymerpacker.de\/pl\/wp-json\/wp\/v2\/product_cat?post=941"},{"taxonomy":"product_tag","embeddable":true,"href":"https:\/\/www.polymerpacker.de\/pl\/wp-json\/wp\/v2\/product_tag?post=941"}],"curies":[{"name":"wp","href":"https:\/\/api.w.org\/{rel}","templated":true}]}}