{"id":931,"date":"2020-01-06T19:40:03","date_gmt":"2020-01-06T18:40:03","guid":{"rendered":"http:\/\/b38jwy.myraidbox.de\/?post_type=product&#038;p=931"},"modified":"2026-04-15T16:00:59","modified_gmt":"2026-04-15T14:00:59","slug":"zlaczka-z-plaskim-lbem-16-r14","status":"publish","type":"product","link":"https:\/\/www.polymerpacker.de\/pl\/produkt\/flachkopfnippel-16-r14\/","title":{"rendered":"Nypel p\u0142aski 16 z gwintem przy\u0142\u0105czeniowym R1\/4\u2033"},"content":{"rendered":"<p><span style=\"color: #000000;\"><span style=\"font-family: Arial, sans-serif;\"><span style=\"font-size: medium;\"><b>Standardowy system po\u0142\u0105cze\u0144 dla paker\u00f3w wtryskowych.<\/b><\/span><\/span><\/span><\/p>\n<p><span style=\"color: #000000;\"><span style=\"font-family: Arial, sans-serif;\"><span style=\"font-size: medium;\">Mo\u017ce by\u0107 stosowany do wstrzykiwania \u017cywicy epoksydowej, \u017cywicy poliuretanowej, \u017celu akrylowego, emulsji silikonowej, kremu krzemianowego. <strong>Maksymalne ci\u015bnienie wtrysku do 150 bar\u00f3w. <\/strong><\/span><\/span><\/span><\/p>\n<p><span style=\"color: #000000;\"><span style=\"font-family: Arial, sans-serif;\"><span style=\"font-size: medium;\"><b>Sprawdzony milion razy produkt, produkowany przez nas od 2007 roku.<\/b><\/span><\/span><\/span><\/p>","protected":false},"excerpt":{"rendered":"<h3><strong>Z\u0142\u0105czka z p\u0142askim \u0142bem FKN16R14<\/strong><\/h3>\n<p><strong>Plastikowa z\u0142\u0105czka z p\u0142ask\u0105 g\u0142\u00f3wk\u0105<\/strong> DIN 3404 \/ <strong>16 mm<\/strong>, z wbudowanym zaworem zwrotnym, ci\u015bnienie otwarcia ok. <strong>2 pasek<\/strong>.<\/p>\n<h4>Po\u0142\u0105czenie:<strong> Gwint wewn\u0119trzny R1\/4\u2033 (samouszczelniaj\u0105cy gwint rurowy).<\/strong><\/h4>","protected":false},"featured_media":1083,"template":"","meta":[],"product_brand":[],"product_cat":[42,121],"product_tag":[131,120,122],"class_list":{"0":"post-931","1":"product","2":"type-product","3":"status-publish","4":"has-post-thumbnail","6":"product_cat-injektion-packer-pumpen","7":"product_cat-injektionspacker-anschliessen","8":"product_tag-unsere-millionenfach-bewaehrten-produkte","9":"product_tag-injektionspacker-mit-flachkopfnippel","10":"product_tag-injektionspacker-an-pumpen-anschliessen","12":"first","13":"instock","14":"taxable","15":"shipping-taxable","16":"purchasable","17":"product-type-simple"},"tiered_pricing_type":"percentage","tiered_pricing_fixed_rules":{"100":5,"1000":10},"tiered_pricing_product_settings":{"layout":"default","base_unit_name":{"singular":null,"plural":null},"default_variation":null},"tiered_pricing_minimum_quantity":10,"tiered_pricing_roles_data":[],"tiered_pricing_percentage_rules":{"100":5,"1000":10},"tiered_pricing_maximum_quantity":null,"tiered_pricing_quantity_step":null,"_links":{"self":[{"href":"https:\/\/www.polymerpacker.de\/pl\/wp-json\/wp\/v2\/product\/931","targetHints":{"allow":["GET"]}}],"collection":[{"href":"https:\/\/www.polymerpacker.de\/pl\/wp-json\/wp\/v2\/product"}],"about":[{"href":"https:\/\/www.polymerpacker.de\/pl\/wp-json\/wp\/v2\/types\/product"}],"wp:featuredmedia":[{"embeddable":true,"href":"https:\/\/www.polymerpacker.de\/pl\/wp-json\/wp\/v2\/media\/1083"}],"wp:attachment":[{"href":"https:\/\/www.polymerpacker.de\/pl\/wp-json\/wp\/v2\/media?parent=931"}],"wp:term":[{"taxonomy":"product_brand","embeddable":true,"href":"https:\/\/www.polymerpacker.de\/pl\/wp-json\/wp\/v2\/product_brand?post=931"},{"taxonomy":"product_cat","embeddable":true,"href":"https:\/\/www.polymerpacker.de\/pl\/wp-json\/wp\/v2\/product_cat?post=931"},{"taxonomy":"product_tag","embeddable":true,"href":"https:\/\/www.polymerpacker.de\/pl\/wp-json\/wp\/v2\/product_tag?post=931"}],"curies":[{"name":"wp","href":"https:\/\/api.w.org\/{rel}","templated":true}]}}