{"id":929,"date":"2020-01-06T19:26:27","date_gmt":"2020-01-06T18:26:27","guid":{"rendered":"http:\/\/b38jwy.myraidbox.de\/?post_type=product&#038;p=929"},"modified":"2026-04-15T16:00:59","modified_gmt":"2026-04-15T14:00:59","slug":"szczypce-do-szybkozlaczy-vss17skz","status":"publish","type":"product","link":"https:\/\/www.polymerpacker.de\/pl\/produkt\/schnellkupplungszange-vss17skz\/","title":{"rendered":"Szczypce do szybkoz\u0142\u0105czek VSS17SKZ"},"content":{"rendered":"<h2><strong><span style=\"font-family: Arial, sans-serif; color: #282828;\"><span style=\"font-size: medium;\">Szczypce do szybkoz\u0142\u0105czy VSS17SKZ (szybkoz\u0142\u0105cze zatrzaskowe) z gwintem przy\u0142\u0105czeniowym R 1\/4\u2033<br \/>\n<\/span><\/span><\/strong><\/h2>\n<p><span style=\"font-family: Arial, sans-serif; color: #282828;\"><span style=\"font-size: medium;\"><b>W po\u0142\u0105czeniu z prowadnic\u0105 krzy\u017cow\u0105 <strong>Element blokuj\u0105cy 17 u<\/strong>Uniwersalny system po\u0142\u0105cze\u0144 dla paker\u00f3w wtryskowych. <\/b><\/span><\/span><\/p>\n<p><span style=\"font-family: Arial, sans-serif; color: #282828;\"><span style=\"font-size: medium;\">Mo\u017ce by\u0107 stosowany do \u017cywicy epoksydowej, \u017cywicy poliuretanowej, \u017celu akrylowego, emulsji silikonowej, kremu silikatowego, zawiesiny cementowej, pasty cementowej, zaprawy iniekcyjnej. <strong>Maksymalne ci\u015bnienie wtrysku do 50 bar\u00f3w.<\/strong><\/span><\/span><\/p>\n<p><span style=\"color: #000000;\"><span style=\"font-family: Arial, sans-serif;\"><span style=\"font-size: medium;\"><b>Aby uzyska\u0107 wi\u0119cej informacji i instrukcji dotycz\u0105cych bezpiecze\u0144stwa, mo\u017cna pobra\u0107 arkusz danych technicznych tego produktu tutaj. <\/b><\/span><\/span><\/span><\/p>\n<p><a href=\"https:\/\/www.polymerpacker.de\/wp-content\/uploads\/2022\/06\/Polymerpacker-TM-VSS17SKZ-DE-EN.pdf\"><img fetchpriority=\"high\" decoding=\"async\" class=\"alignnone wp-image-1504 size-medium\" src=\"https:\/\/www.polymerpacker.de\/wp-content\/uploads\/2020\/08\/PDF-DOWNLOAD-250x400.jpg\" alt=\"\" width=\"250\" height=\"400\" srcset=\"https:\/\/www.polymerpacker.de\/wp-content\/uploads\/2020\/08\/PDF-DOWNLOAD-250x400.jpg 250w, https:\/\/www.polymerpacker.de\/wp-content\/uploads\/2020\/08\/PDF-DOWNLOAD-200x320.jpg 200w, https:\/\/www.polymerpacker.de\/wp-content\/uploads\/2020\/08\/PDF-DOWNLOAD-scaled-150x240.jpg 150w, https:\/\/www.polymerpacker.de\/wp-content\/uploads\/2020\/08\/PDF-DOWNLOAD-400x640.jpg 400w, https:\/\/www.polymerpacker.de\/wp-content\/uploads\/2020\/08\/PDF-DOWNLOAD-500x800.jpg 500w, https:\/\/www.polymerpacker.de\/wp-content\/uploads\/2020\/08\/PDF-DOWNLOAD-768x1228.jpg 768w, https:\/\/www.polymerpacker.de\/wp-content\/uploads\/2020\/08\/PDF-DOWNLOAD-961x1536.jpg 961w, https:\/\/www.polymerpacker.de\/wp-content\/uploads\/2020\/08\/PDF-DOWNLOAD-1281x2048.jpg 1281w, https:\/\/www.polymerpacker.de\/wp-content\/uploads\/2020\/08\/PDF-DOWNLOAD-scaled.jpg 1601w\" sizes=\"(max-width: 250px) 100vw, 250px\" \/><\/a><\/p>\n<p>&nbsp;<\/p>","protected":false},"excerpt":{"rendered":"<h3><strong>Szczypce do szybkoz\u0142\u0105czek VSS17SKZ<\/strong><\/h3>\n<p>Szybkoz\u0142\u0105czka pasuj\u0105ca do wszystkich dost\u0119pnych na rynku produkt\u00f3w <strong>Elementy blokuj\u0105ce 17 mm. <\/strong>(na przyk\u0142ad: Desoi, Wiwa, Vorek, Remmers, Sopro, TPH i wiele innych).<\/p>\n<h4>Po\u0142\u0105czenie:<strong> Gwint zewn\u0119trzny R1\/4\u2033 (samouszczelniaj\u0105cy gwint rurowy)<\/strong>, swobodny przejazd<strong> \u00d8 7 mm.<\/strong><\/h4>","protected":false},"featured_media":1086,"template":"","meta":[],"product_brand":[],"product_cat":[42,121],"product_tag":[114,122,128],"class_list":{"0":"post-929","1":"product","2":"type-product","3":"status-publish","4":"has-post-thumbnail","6":"product_cat-injektion-packer-pumpen","7":"product_cat-injektionspacker-anschliessen","8":"product_tag-verschlussstueck","9":"product_tag-injektionspacker-an-pumpen-anschliessen","10":"product_tag-schnellschnappanschluss","12":"first","13":"instock","14":"taxable","15":"shipping-taxable","16":"purchasable","17":"product-type-simple"},"tiered_pricing_type":"percentage","tiered_pricing_fixed_rules":{"10":5,"100":10},"tiered_pricing_product_settings":{"layout":"default","base_unit_name":{"singular":null,"plural":null},"default_variation":null},"tiered_pricing_minimum_quantity":null,"tiered_pricing_roles_data":[],"tiered_pricing_percentage_rules":{"5":5,"10":10},"tiered_pricing_maximum_quantity":null,"tiered_pricing_quantity_step":null,"_links":{"self":[{"href":"https:\/\/www.polymerpacker.de\/pl\/wp-json\/wp\/v2\/product\/929","targetHints":{"allow":["GET"]}}],"collection":[{"href":"https:\/\/www.polymerpacker.de\/pl\/wp-json\/wp\/v2\/product"}],"about":[{"href":"https:\/\/www.polymerpacker.de\/pl\/wp-json\/wp\/v2\/types\/product"}],"wp:featuredmedia":[{"embeddable":true,"href":"https:\/\/www.polymerpacker.de\/pl\/wp-json\/wp\/v2\/media\/1086"}],"wp:attachment":[{"href":"https:\/\/www.polymerpacker.de\/pl\/wp-json\/wp\/v2\/media?parent=929"}],"wp:term":[{"taxonomy":"product_brand","embeddable":true,"href":"https:\/\/www.polymerpacker.de\/pl\/wp-json\/wp\/v2\/product_brand?post=929"},{"taxonomy":"product_cat","embeddable":true,"href":"https:\/\/www.polymerpacker.de\/pl\/wp-json\/wp\/v2\/product_cat?post=929"},{"taxonomy":"product_tag","embeddable":true,"href":"https:\/\/www.polymerpacker.de\/pl\/wp-json\/wp\/v2\/product_tag?post=929"}],"curies":[{"name":"wp","href":"https:\/\/api.w.org\/{rel}","templated":true}]}}