{"id":856,"date":"2019-11-28T18:28:23","date_gmt":"2019-11-28T17:28:23","guid":{"rendered":"http:\/\/b38jwy.myraidbox.de\/?post_type=product&#038;p=856"},"modified":"2026-04-15T16:00:59","modified_gmt":"2026-04-15T14:00:59","slug":"paker-wtryskowy-lsp14qs-do-otworow-o-srednicy-14-mm","status":"publish","type":"product","link":"https:\/\/www.polymerpacker.de\/pl\/produkt\/injektionspacker-lsp14qs-fuer-bohrloch-14-mm\/","title":{"rendered":"Paker iniekcyjny LSP14QS do otwor\u00f3w o \u015brednicy 14 mm"},"content":{"rendered":"<h2><span style=\"color: #000000;\"><span style=\"font-family: Arial, sans-serif;\"><span style=\"font-size: medium;\"><b>Paker iniekcyjny LSP14QS do otwor\u00f3w o \u015brednicy 14 mm (lamelarny paker udarowy) wykonany z wysokowydajnego tworzywa sztucznego. <\/b><\/span><\/span><\/span><\/h2>\n<p><span style=\"color: #000000;\"><span style=\"font-family: Arial, sans-serif;\"><span style=\"font-size: medium;\">Do stosowania w iniekcji kurtynowej z \u017celem akrylowym, a tak\u017ce do iniekcji p\u0119kni\u0119\u0107 i ubytk\u00f3w we wszystkich popularnych materia\u0142ach budowlanych, takich jak beton, pustaki, ceg\u0142y i piaskowiec. Mo\u017ce by\u0107 stosowany do iniekcji \u017cywicy epoksydowej, \u017cywicy poliuretanowej, \u017celu akrylowego, emulsji silikonowej, kremu silikatowego. Maksymalne ci\u015bnienie wtrysku do 50 bar. Dost\u0119pny z opcjonaln\u0105 rurk\u0105 \u017celow\u0105 10 x 1,5 mm, do stosowania w iniekcji kurtynowej i powierzchniowej (spoinowanie mur\u00f3w) z \u017celem akrylowym.<\/span><\/span><\/span><\/p>\n<p><span style=\"color: #000000;\"><span style=\"font-family: Arial, sans-serif;\"><span style=\"font-size: medium;\"><b>Aby uzyska\u0107 wi\u0119cej informacji i instrukcji dotycz\u0105cych bezpiecze\u0144stwa, mo\u017cna pobra\u0107 arkusz danych technicznych tego produktu tutaj. <\/b><\/span><\/span><\/span><\/p>\n<p><a href=\"https:\/\/www.polymerpacker.de\/wp-content\/uploads\/2022\/07\/Polymerpacker-TM-LSP14QS-DE-EN.pdf\"><img fetchpriority=\"high\" decoding=\"async\" class=\"alignnone wp-image-1504 size-medium\" src=\"https:\/\/www.polymerpacker.de\/wp-content\/uploads\/2020\/08\/PDF-DOWNLOAD-250x400.jpg\" alt=\"\" width=\"250\" height=\"400\" srcset=\"https:\/\/www.polymerpacker.de\/wp-content\/uploads\/2020\/08\/PDF-DOWNLOAD-250x400.jpg 250w, https:\/\/www.polymerpacker.de\/wp-content\/uploads\/2020\/08\/PDF-DOWNLOAD-200x320.jpg 200w, https:\/\/www.polymerpacker.de\/wp-content\/uploads\/2020\/08\/PDF-DOWNLOAD-scaled-150x240.jpg 150w, https:\/\/www.polymerpacker.de\/wp-content\/uploads\/2020\/08\/PDF-DOWNLOAD-400x640.jpg 400w, https:\/\/www.polymerpacker.de\/wp-content\/uploads\/2020\/08\/PDF-DOWNLOAD-500x800.jpg 500w, https:\/\/www.polymerpacker.de\/wp-content\/uploads\/2020\/08\/PDF-DOWNLOAD-768x1228.jpg 768w, https:\/\/www.polymerpacker.de\/wp-content\/uploads\/2020\/08\/PDF-DOWNLOAD-961x1536.jpg 961w, https:\/\/www.polymerpacker.de\/wp-content\/uploads\/2020\/08\/PDF-DOWNLOAD-1281x2048.jpg 1281w, https:\/\/www.polymerpacker.de\/wp-content\/uploads\/2020\/08\/PDF-DOWNLOAD-scaled.jpg 1601w\" sizes=\"(max-width: 250px) 100vw, 250px\" \/><\/a><\/p>","protected":false},"excerpt":{"rendered":"<h3><strong>Paker iniekcyjny LSP14QS do otwor\u00f3w o \u015brednicy 14 mm<\/strong><\/h3>\n<p><strong>Plastikowy paker udarowy o d\u0142ugo\u015bci 108 mm.<\/strong><\/p>\n<h4>Pod\u0142\u0105czenie: Z\u0142\u0105czka z p\u0142askim \u0142bem DIN 3404 <strong>16 mm <\/strong>z r\u0119cznym zaworem suwakowym, swobodny przep\u0142yw <strong>\u00d8 4 mm.<\/strong><\/h4>\n<p><strong>Bezp\u0142atne narz\u0119dzie do owijania w ka\u017cdym opakowaniu<\/strong><\/p>\n<p>&nbsp;<\/p>\n<p>&nbsp;<\/p>","protected":false},"featured_media":2341,"template":"","meta":[],"product_brand":[],"product_cat":[42,109],"product_tag":[110,129,132,133],"class_list":{"0":"post-856","1":"product","2":"type-product","3":"status-publish","4":"has-post-thumbnail","6":"product_cat-injektion-packer-pumpen","7":"product_cat-injektionspacker-14-mm","8":"product_tag-injektionspacker-fuer-bohrung-14-mm","9":"product_tag-injektionspacker-fuer-harz","10":"product_tag-injektionspacker-fuer-zement","11":"product_tag-injektionspacker-fuer-gel","13":"first","14":"instock","15":"taxable","16":"shipping-taxable","17":"purchasable","18":"product-type-simple"},"tiered_pricing_type":"percentage","tiered_pricing_fixed_rules":[],"tiered_pricing_product_settings":{"layout":"default","base_unit_name":{"singular":null,"plural":null},"default_variation":null},"tiered_pricing_minimum_quantity":10,"tiered_pricing_roles_data":[],"tiered_pricing_percentage_rules":{"100":5,"1000":10},"tiered_pricing_maximum_quantity":null,"tiered_pricing_quantity_step":null,"_links":{"self":[{"href":"https:\/\/www.polymerpacker.de\/pl\/wp-json\/wp\/v2\/product\/856","targetHints":{"allow":["GET"]}}],"collection":[{"href":"https:\/\/www.polymerpacker.de\/pl\/wp-json\/wp\/v2\/product"}],"about":[{"href":"https:\/\/www.polymerpacker.de\/pl\/wp-json\/wp\/v2\/types\/product"}],"wp:featuredmedia":[{"embeddable":true,"href":"https:\/\/www.polymerpacker.de\/pl\/wp-json\/wp\/v2\/media\/2341"}],"wp:attachment":[{"href":"https:\/\/www.polymerpacker.de\/pl\/wp-json\/wp\/v2\/media?parent=856"}],"wp:term":[{"taxonomy":"product_brand","embeddable":true,"href":"https:\/\/www.polymerpacker.de\/pl\/wp-json\/wp\/v2\/product_brand?post=856"},{"taxonomy":"product_cat","embeddable":true,"href":"https:\/\/www.polymerpacker.de\/pl\/wp-json\/wp\/v2\/product_cat?post=856"},{"taxonomy":"product_tag","embeddable":true,"href":"https:\/\/www.polymerpacker.de\/pl\/wp-json\/wp\/v2\/product_tag?post=856"}],"curies":[{"name":"wp","href":"https:\/\/api.w.org\/{rel}","templated":true}]}}