{"id":735,"date":"2019-05-02T10:43:10","date_gmt":"2019-05-02T10:43:10","guid":{"rendered":"http:\/\/b38jwy.myraidbox.de\/?post_type=product&#038;p=735"},"modified":"2026-04-15T16:01:00","modified_gmt":"2026-04-15T14:01:00","slug":"tarcza-szlifierska-z-weglikow-spiekanych-115-mm-zakrzywiona","status":"publish","type":"product","link":"https:\/\/www.polymerpacker.de\/pl\/produkt\/hartmetallsplitt-schleifscheibe-115-mm-gewoelbt\/","title":{"rendered":"Tarcza szlifierska z w\u0119glik\u00f3w spiekanych 115 mm o zakrzywionej konstrukcji"},"content":{"rendered":"<p><strong>Tarcze szlifierskie z ziarnem w\u0119glikowym<\/strong> od Polymerpacker to narz\u0119dzia wysokiej jako\u015bci <em>\u201eMade in Germany\u201c<\/em> oraz <strong>Prawdziwi rozwi\u0105zywacze problem\u00f3w<\/strong>.<\/p>\n<p><strong>Bardzo dobrze dopasowany<\/strong> Do skutecznego usuwania r\u00f3\u017cnego rodzaju tynk\u00f3w, farb, pow\u0142ok z tworzyw sztucznych, pow\u0142ok bitumicznych, PVC i pozosta\u0142o\u015bci kleju z powierzchni murowanych, betonowych, drewnianych lub metalowych.<\/p>\n<p><strong>Bardzo dobrze dopasowany<\/strong> Do solidnej obr\u00f3bki (zgrubnej) materia\u0142\u00f3w takich jak gazobeton, ceg\u0142a wapienno-piaskowa, piaskowiec, p\u0142yty pil\u015bniowe, drewno, guma i tworzywa sztuczne.<\/p>\n<p><strong>Dobrze dopasowany<\/strong> Do p\u00f3\u017aniejszego szorstkowania g\u0142adkich powierzchni betonowych, granitowych lub marmurowych na schodach i podestach w celu zmniejszenia ryzyka po\u015blizgni\u0119cia.<\/p>\n<p><span style=\"color: #000000;\"><span style=\"font-family: Arial, sans-serif;\"><span style=\"font-size: medium;\"><b>Aby uzyska\u0107 wi\u0119cej informacji i instrukcji dotycz\u0105cych bezpiecze\u0144stwa, mo\u017cna pobra\u0107 arkusz danych technicznych tego produktu tutaj. <\/b><\/span><\/span><\/span><\/p>\n<p><a href=\"https:\/\/www.polymerpacker.de\/wp-content\/uploads\/2019\/05\/Hartmetallsplitt-Schleifscheiben-SicherheitsVerwendunghinweise-1833.pdf\"><img fetchpriority=\"high\" decoding=\"async\" class=\"alignnone size-medium wp-image-1504\" src=\"https:\/\/www.polymerpacker.de\/wp-content\/uploads\/2020\/08\/PDF-DOWNLOAD-250x400.jpg\" alt=\"\" width=\"250\" height=\"400\" srcset=\"https:\/\/www.polymerpacker.de\/wp-content\/uploads\/2020\/08\/PDF-DOWNLOAD-250x400.jpg 250w, https:\/\/www.polymerpacker.de\/wp-content\/uploads\/2020\/08\/PDF-DOWNLOAD-200x320.jpg 200w, https:\/\/www.polymerpacker.de\/wp-content\/uploads\/2020\/08\/PDF-DOWNLOAD-scaled-150x240.jpg 150w, https:\/\/www.polymerpacker.de\/wp-content\/uploads\/2020\/08\/PDF-DOWNLOAD-400x640.jpg 400w, https:\/\/www.polymerpacker.de\/wp-content\/uploads\/2020\/08\/PDF-DOWNLOAD-500x800.jpg 500w, https:\/\/www.polymerpacker.de\/wp-content\/uploads\/2020\/08\/PDF-DOWNLOAD-768x1228.jpg 768w, https:\/\/www.polymerpacker.de\/wp-content\/uploads\/2020\/08\/PDF-DOWNLOAD-961x1536.jpg 961w, https:\/\/www.polymerpacker.de\/wp-content\/uploads\/2020\/08\/PDF-DOWNLOAD-1281x2048.jpg 1281w, https:\/\/www.polymerpacker.de\/wp-content\/uploads\/2020\/08\/PDF-DOWNLOAD-scaled.jpg 1601w\" sizes=\"(max-width: 250px) 100vw, 250px\" \/><\/a><\/p>","protected":false},"excerpt":{"rendered":"<p>Tarcza szlifierska z ziarnem w\u0119glikowym <strong>do szlifierki k\u0105towej 115 mm.<\/strong><br \/>\nDost\u0119pne z wielko\u015bci\u0105 ziarna: 1,4 - 1,8 mm (drobne) 1,8 - 2,2 mm (\u015brednie) 2,2 - 3,2 mm (grube) 3,2 - 4,5 mm (bardzo grube)<\/p>\n<p><strong>Zakrzywiona konstrukcja:<\/strong><br \/>\nDo szlifowania grubych, twardych i mi\u0119kkich pow\u0142ok.<br \/>\nDoskonale nadaje si\u0119 r\u00f3wnie\u017c do tworzenia rze\u017ab z drewna lub kamienia.<\/p>","protected":false},"featured_media":693,"template":"","meta":[],"product_brand":[],"product_cat":[47],"product_tag":[105,106,107,108],"class_list":{"0":"post-735","1":"product","2":"type-product","3":"status-publish","4":"has-post-thumbnail","6":"product_cat-hartmetallsplitt-schleifscheiben","7":"product_tag-hartmetallsplitt-schleifscheiben","8":"product_tag-bitumen-abschleifen","9":"product_tag-kleber-abschleifen","10":"product_tag-harzreste-abschleifen","12":"first","13":"instock","14":"taxable","15":"shipping-taxable","16":"purchasable","17":"product-type-variable"},"tiered_pricing_type":"fixed","tiered_pricing_fixed_rules":[],"tiered_pricing_product_settings":{"layout":"default","base_unit_name":{"singular":null,"plural":null},"default_variation":null},"tiered_pricing_minimum_quantity":null,"tiered_pricing_roles_data":[],"tiered_pricing_percentage_rules":[],"tiered_pricing_maximum_quantity":null,"tiered_pricing_quantity_step":null,"_links":{"self":[{"href":"https:\/\/www.polymerpacker.de\/pl\/wp-json\/wp\/v2\/product\/735","targetHints":{"allow":["GET"]}}],"collection":[{"href":"https:\/\/www.polymerpacker.de\/pl\/wp-json\/wp\/v2\/product"}],"about":[{"href":"https:\/\/www.polymerpacker.de\/pl\/wp-json\/wp\/v2\/types\/product"}],"wp:featuredmedia":[{"embeddable":true,"href":"https:\/\/www.polymerpacker.de\/pl\/wp-json\/wp\/v2\/media\/693"}],"wp:attachment":[{"href":"https:\/\/www.polymerpacker.de\/pl\/wp-json\/wp\/v2\/media?parent=735"}],"wp:term":[{"taxonomy":"product_brand","embeddable":true,"href":"https:\/\/www.polymerpacker.de\/pl\/wp-json\/wp\/v2\/product_brand?post=735"},{"taxonomy":"product_cat","embeddable":true,"href":"https:\/\/www.polymerpacker.de\/pl\/wp-json\/wp\/v2\/product_cat?post=735"},{"taxonomy":"product_tag","embeddable":true,"href":"https:\/\/www.polymerpacker.de\/pl\/wp-json\/wp\/v2\/product_tag?post=735"}],"curies":[{"name":"wp","href":"https:\/\/api.w.org\/{rel}","templated":true}]}}