{"id":634,"date":"2019-04-22T12:23:42","date_gmt":"2019-04-22T12:23:42","guid":{"rendered":"http:\/\/b38jwy.myraidbox.de\/?post_type=product&#038;p=634"},"modified":"2026-04-15T16:00:59","modified_gmt":"2026-04-15T14:00:59","slug":"paker-wtryskowy-sbp12kn-do-otworow-12-mm","status":"publish","type":"product","link":"https:\/\/www.polymerpacker.de\/pl\/produkt\/injektionspacker-sbp12kn-fuer-bohrloch-12-mm\/","title":{"rendered":"Paker iniekcyjny SBP12KN do otwor\u00f3w o \u015brednicy 12 mm"},"content":{"rendered":"<h2><span style=\"color: #000000;\"><span style=\"font-family: Arial, sans-serif;\"><span style=\"font-size: medium;\"><b>Paker iniekcyjny SBP12KN do otworu wiertniczego 12 mm Niskoci\u015bnieniowy paker iniekcyjny (lamelowy paker wydmuchowy) wykonany z wysokowydajnego tworzywa sztucznego.<\/b><\/span><\/span><\/span><\/h2>\n<p><span style=\"color: #000000;\"><span style=\"font-family: Arial, sans-serif;\"><span style=\"font-size: medium;\">Do stosowania w impregnacji ci\u015bnieniowej materia\u0142\u00f3w budowlanych, takich jak ceg\u0142a, ceg\u0142a wapienno-piaskowa, pustak, piaskowiec, pumeks, glina, drewno. Mo\u017ce by\u0107 stosowany do iniekcji \u017cywicy epoksydowej, \u017cywicy poliuretanowej, emulsji silikonowej, mikroemulsji, roztwor\u00f3w wodnych. \u015arodek krzemionkuj\u0105cy, \u015brodek przeciwgrzybiczy, \u015brodek do konserwacji drewna. Mo\u017ce by\u0107 stosowany do maksymalnego ci\u015bnienia wtrysku do 80 bar\u00f3w, gdy jest u\u017cywany do wiercenia otwor\u00f3w o dok\u0142adnych wymiarach w litych materia\u0142ach budowlanych. <\/span><\/span><\/span><\/p>\n<p><span style=\"color: #000000;\"><span style=\"font-family: Arial, sans-serif;\"><span style=\"font-size: medium;\"><b>Nasza maszyna do pakowania z rozdmuchiwaniem. Oryginalny, wypr\u00f3bowany i przetestowany produkt, produkowany przez nas od 1998 roku.<\/b><\/span><\/span><\/span><\/p>\n<p><span style=\"color: #000000;\"><span style=\"font-family: Arial, sans-serif;\"><span style=\"font-size: medium;\"><b>Aby uzyska\u0107 wi\u0119cej informacji i instrukcji dotycz\u0105cych bezpiecze\u0144stwa, mo\u017cna pobra\u0107 arkusz danych technicznych tego produktu tutaj. <\/b><\/span><\/span><\/span><\/p>\n<p><a href=\"https:\/\/www.polymerpacker.de\/wp-content\/uploads\/2022\/07\/Polymerpacker-TM-SBP12KN-DE-EN.pdf\"><img fetchpriority=\"high\" decoding=\"async\" class=\"alignnone wp-image-1504 size-medium\" src=\"https:\/\/www.polymerpacker.de\/wp-content\/uploads\/2020\/08\/PDF-DOWNLOAD-250x400.jpg\" alt=\"\" width=\"250\" height=\"400\" srcset=\"https:\/\/www.polymerpacker.de\/wp-content\/uploads\/2020\/08\/PDF-DOWNLOAD-250x400.jpg 250w, https:\/\/www.polymerpacker.de\/wp-content\/uploads\/2020\/08\/PDF-DOWNLOAD-200x320.jpg 200w, https:\/\/www.polymerpacker.de\/wp-content\/uploads\/2020\/08\/PDF-DOWNLOAD-scaled-150x240.jpg 150w, https:\/\/www.polymerpacker.de\/wp-content\/uploads\/2020\/08\/PDF-DOWNLOAD-400x640.jpg 400w, https:\/\/www.polymerpacker.de\/wp-content\/uploads\/2020\/08\/PDF-DOWNLOAD-500x800.jpg 500w, https:\/\/www.polymerpacker.de\/wp-content\/uploads\/2020\/08\/PDF-DOWNLOAD-768x1228.jpg 768w, https:\/\/www.polymerpacker.de\/wp-content\/uploads\/2020\/08\/PDF-DOWNLOAD-961x1536.jpg 961w, https:\/\/www.polymerpacker.de\/wp-content\/uploads\/2020\/08\/PDF-DOWNLOAD-1281x2048.jpg 1281w, https:\/\/www.polymerpacker.de\/wp-content\/uploads\/2020\/08\/PDF-DOWNLOAD-scaled.jpg 1601w\" sizes=\"(max-width: 250px) 100vw, 250px\" \/><\/a><\/p>","protected":false},"excerpt":{"rendered":"<h3><strong>Paker iniekcyjny SBP12KN do otwor\u00f3w o \u015brednicy 12 mm<\/strong><\/h3>\n<p><strong>Plastikowy paker udarowy o d\u0142ugo\u015bci 75 mm.<\/strong><\/p>\n<h4>Po\u0142\u0105czenie: <strong>Plastikowa z\u0142\u0105czka sto\u017ckowa DIN 71412<\/strong> z wbudowanym zaworem zwrotnym, ci\u015bnienie otwarcia ok. <strong>2 pasek<\/strong>.<\/h4>\n<p><strong>Bezp\u0142atne narz\u0119dzie do owijania w ka\u017cdym opakowaniu<\/strong><\/p>","protected":false},"featured_media":2372,"template":"","meta":[],"product_brand":[],"product_cat":[42,84],"product_tag":[97,129,131,196,198],"class_list":{"0":"post-634","1":"product","2":"type-product","3":"status-publish","4":"has-post-thumbnail","6":"product_cat-injektion-packer-pumpen","7":"product_cat-injektionspacker-12-mm","8":"product_tag-injektionspacker-fuer-bohrung-12-mm","9":"product_tag-injektionspacker-fuer-harz","10":"product_tag-unsere-millionenfach-bewaehrten-produkte","11":"product_tag-injektionspacker-fuer-holzschutzmittel","12":"product_tag-injektionspacker-mit-kegelnippel","14":"first","15":"instock","16":"taxable","17":"shipping-taxable","18":"purchasable","19":"product-type-simple"},"tiered_pricing_type":"percentage","tiered_pricing_fixed_rules":[],"tiered_pricing_product_settings":{"layout":"default","base_unit_name":{"singular":null,"plural":null},"default_variation":null},"tiered_pricing_minimum_quantity":10,"tiered_pricing_roles_data":[],"tiered_pricing_percentage_rules":{"100":5,"1000":10,"2000":15,"5000":20},"tiered_pricing_maximum_quantity":null,"tiered_pricing_quantity_step":null,"_links":{"self":[{"href":"https:\/\/www.polymerpacker.de\/pl\/wp-json\/wp\/v2\/product\/634","targetHints":{"allow":["GET"]}}],"collection":[{"href":"https:\/\/www.polymerpacker.de\/pl\/wp-json\/wp\/v2\/product"}],"about":[{"href":"https:\/\/www.polymerpacker.de\/pl\/wp-json\/wp\/v2\/types\/product"}],"wp:featuredmedia":[{"embeddable":true,"href":"https:\/\/www.polymerpacker.de\/pl\/wp-json\/wp\/v2\/media\/2372"}],"wp:attachment":[{"href":"https:\/\/www.polymerpacker.de\/pl\/wp-json\/wp\/v2\/media?parent=634"}],"wp:term":[{"taxonomy":"product_brand","embeddable":true,"href":"https:\/\/www.polymerpacker.de\/pl\/wp-json\/wp\/v2\/product_brand?post=634"},{"taxonomy":"product_cat","embeddable":true,"href":"https:\/\/www.polymerpacker.de\/pl\/wp-json\/wp\/v2\/product_cat?post=634"},{"taxonomy":"product_tag","embeddable":true,"href":"https:\/\/www.polymerpacker.de\/pl\/wp-json\/wp\/v2\/product_tag?post=634"}],"curies":[{"name":"wp","href":"https:\/\/api.w.org\/{rel}","templated":true}]}}