{"id":532,"date":"2019-04-18T10:05:59","date_gmt":"2019-04-18T10:05:59","guid":{"rendered":"http:\/\/b38jwy.myraidbox.de\/?post_type=product&#038;p=532"},"modified":"2026-04-15T16:01:00","modified_gmt":"2026-04-15T14:01:00","slug":"reczna-pompa-wtryskowa-do-wtrysku-wysokocisnieniowego","status":"publish","type":"product","link":"https:\/\/www.polymerpacker.de\/pl\/produkt\/hand-injektionspumpe-fuer-hochdruckinjektion\/","title":{"rendered":"R\u0119czna pompa wtryskowa do wtrysku wysokoci\u015bnieniowego"},"content":{"rendered":"<h3><span style=\"color: #000000;\"><strong>R\u0119czna pompa wtryskowa<\/strong> do wtrysku pod wysokim ci\u015bnieniem <\/span><\/h3>\n<h4><span style=\"color: #000000;\">z <strong>\u017bywica epoksydowa, \u017cywica poliuretanowa, \u017cel akrylowy, emulsja silikonowa, krem krzemianowy<\/strong> poprzez pakery wtryskowe w elementach budowlanych \/ materia\u0142ach budowlanych. <\/span><\/h4>\n<h4><span style=\"color: #000000;\">Dost\u0119pny u nas jako kompletny zestaw, sk\u0142adaj\u0105cy si\u0119 z <\/span><\/h4>\n<p><span style=\"color: #000000;\"><strong>1 szt.<\/strong> Pompa t\u0142okowa z d\u017awigni\u0105 r\u0119czn\u0105 (gwint przy\u0142\u0105czeniowy G1\/8\u201c), obj\u0119to\u015b\u0107 t\u0142oczenia ok. 2 cm\u00b3\/skok, ci\u015bnienie robocze maks. 400 bar, pojemno\u015b\u0107 nape\u0142niania 550 cm\u00b3, szczeg\u00f3lnie szybkie nape\u0142nianie dzi\u0119ki \u0142atwo zdejmowanej pokrywie z tworzywa sztucznego.<\/span><\/p>\n<p><span style=\"color: #000000;\"><strong> 1 szt.<\/strong> W\u0105\u017c wysokoci\u015bnieniowy <strong>500 mm d\u0142ugo\u015bci<\/strong>, (gwint przy\u0142\u0105czeniowy G1\/8\u201c) z aluminiowymi pier\u015bcieniami uszczelniaj\u0105cymi. <\/span><\/p>\n<p><span style=\"color: #000000;\"><strong>1 szt.<\/strong> 4-szcz\u0119kowe z\u0142\u0105cze chwytakowe (gwint przy\u0142\u0105czeniowy G1\/8\u201c) dla <strong>Z\u0142\u0105czka sto\u017ckowa DIN 71412<\/strong> oraz <\/span><\/p>\n<p><span style=\"color: #000000;\"><strong>1 szt.<\/strong> Zestaw rozpuszczaj\u0105cy sk\u0142adaj\u0105cy si\u0119 z 2 tarcz rozpuszczaj\u0105cych po 45 mm i 75 mm oraz 1 wa\u0142ka rozpuszczaj\u0105cego wykonanego ze stali o grubo\u015bci 8 mm (sze\u015bciok\u0105tnego), o d\u0142ugo\u015bci 300 mm, do optymalnego mieszania materia\u0142u wtryskowego przed wtryskiem.<\/span><\/p>\n<p><b>Aby uzyska\u0107 wi\u0119cej informacji i instrukcji dotycz\u0105cych bezpiecze\u0144stwa, mo\u017cna pobra\u0107 arkusz danych technicznych tego produktu tutaj. <\/b><\/p>\n<p><a href=\"https:\/\/www.polymerpacker.de\/wp-content\/uploads\/2024\/01\/Polymerpacker-TM-KNKG18-DE-EN.pdf\"><img fetchpriority=\"high\" decoding=\"async\" class=\"alignnone wp-image-1504 size-medium\" src=\"https:\/\/www.polymerpacker.de\/wp-content\/uploads\/2020\/08\/PDF-DOWNLOAD-250x400.jpg\" alt=\"\" width=\"250\" height=\"400\" srcset=\"https:\/\/www.polymerpacker.de\/wp-content\/uploads\/2020\/08\/PDF-DOWNLOAD-250x400.jpg 250w, https:\/\/www.polymerpacker.de\/wp-content\/uploads\/2020\/08\/PDF-DOWNLOAD-200x320.jpg 200w, https:\/\/www.polymerpacker.de\/wp-content\/uploads\/2020\/08\/PDF-DOWNLOAD-scaled-150x240.jpg 150w, https:\/\/www.polymerpacker.de\/wp-content\/uploads\/2020\/08\/PDF-DOWNLOAD-400x640.jpg 400w, https:\/\/www.polymerpacker.de\/wp-content\/uploads\/2020\/08\/PDF-DOWNLOAD-500x800.jpg 500w, https:\/\/www.polymerpacker.de\/wp-content\/uploads\/2020\/08\/PDF-DOWNLOAD-768x1228.jpg 768w, https:\/\/www.polymerpacker.de\/wp-content\/uploads\/2020\/08\/PDF-DOWNLOAD-961x1536.jpg 961w, https:\/\/www.polymerpacker.de\/wp-content\/uploads\/2020\/08\/PDF-DOWNLOAD-1281x2048.jpg 1281w, https:\/\/www.polymerpacker.de\/wp-content\/uploads\/2020\/08\/PDF-DOWNLOAD-scaled.jpg 1601w\" sizes=\"(max-width: 250px) 100vw, 250px\" \/><\/a><\/p>","protected":false},"excerpt":{"rendered":"<h3 data-padding=\"5px\"><span style=\"color: #000000;\"><strong>R\u0119czna pompa wtryskowa do wtrysku wysokoci\u015bnieniowego<\/strong> ze z\u0142\u0105czk\u0105 przy\u0142\u0105czeniow\u0105 do z\u0142\u0105czki sto\u017ckowej<\/span><\/h3>\n<h4 data-padding=\"5px\"><span style=\"color: #000000;\">Z nami w komplecie.<\/span><\/h4>","protected":false},"featured_media":1943,"template":"","meta":[],"product_brand":[],"product_cat":[42,95],"product_tag":[94],"class_list":{"0":"post-532","1":"product","2":"type-product","3":"status-publish","4":"has-post-thumbnail","6":"product_cat-injektion-packer-pumpen","7":"product_cat-injektionspumpen","8":"product_tag-handpumpe-fuer-harz","10":"first","11":"instock","12":"taxable","13":"shipping-taxable","14":"purchasable","15":"product-type-simple"},"tiered_pricing_type":"fixed","tiered_pricing_fixed_rules":[],"tiered_pricing_product_settings":{"layout":"default","base_unit_name":{"singular":null,"plural":null},"default_variation":null},"tiered_pricing_minimum_quantity":null,"tiered_pricing_roles_data":[],"tiered_pricing_percentage_rules":[],"tiered_pricing_maximum_quantity":null,"tiered_pricing_quantity_step":null,"_links":{"self":[{"href":"https:\/\/www.polymerpacker.de\/pl\/wp-json\/wp\/v2\/product\/532","targetHints":{"allow":["GET"]}}],"collection":[{"href":"https:\/\/www.polymerpacker.de\/pl\/wp-json\/wp\/v2\/product"}],"about":[{"href":"https:\/\/www.polymerpacker.de\/pl\/wp-json\/wp\/v2\/types\/product"}],"wp:featuredmedia":[{"embeddable":true,"href":"https:\/\/www.polymerpacker.de\/pl\/wp-json\/wp\/v2\/media\/1943"}],"wp:attachment":[{"href":"https:\/\/www.polymerpacker.de\/pl\/wp-json\/wp\/v2\/media?parent=532"}],"wp:term":[{"taxonomy":"product_brand","embeddable":true,"href":"https:\/\/www.polymerpacker.de\/pl\/wp-json\/wp\/v2\/product_brand?post=532"},{"taxonomy":"product_cat","embeddable":true,"href":"https:\/\/www.polymerpacker.de\/pl\/wp-json\/wp\/v2\/product_cat?post=532"},{"taxonomy":"product_tag","embeddable":true,"href":"https:\/\/www.polymerpacker.de\/pl\/wp-json\/wp\/v2\/product_tag?post=532"}],"curies":[{"name":"wp","href":"https:\/\/api.w.org\/{rel}","templated":true}]}}