{"id":3811,"date":"2024-01-26T22:12:06","date_gmt":"2024-01-26T21:12:06","guid":{"rendered":"https:\/\/www.polymerpacker.de\/?post_type=product&#038;p=3811"},"modified":"2026-04-15T16:00:58","modified_gmt":"2026-04-15T14:00:58","slug":"statyczny-mikser-siatkowy-94-mm-smg94pp","status":"publish","type":"product","link":"https:\/\/www.polymerpacker.de\/pl\/produkt\/statik-gittermischer-94-mm-smg94pp\/","title":{"rendered":"Statyczny mikser siatkowy 9,4 mm SMG94PP wykonany z polipropylenu"},"content":{"rendered":"<p><span style=\"color: #000000;\"><span style=\"font-family: Arial, sans-serif;\"><span style=\"font-size: medium;\"><b>Polymerpacker Statyczny mikser siatkowy <\/b>maj\u0105 doskona\u0142e w\u0142a\u015bciwo\u015bci mieszania i s\u0105 zoptymalizowane do wytwarzania bardzo jednorodnych konsystencji w ci\u0105g\u0142ym mieszaniu przep\u0142ywowym wielosk\u0142adnikowych polimer\u00f3w reaktywnych. Nawet przy du\u017cych r\u00f3\u017cnicach w lepko\u015bci i g\u0119sto\u015bci.<\/span><\/span><\/span><\/p>\n<p><span style=\"color: #000000;\"><span style=\"font-family: Arial, sans-serif;\"><span style=\"font-size: medium;\"><b>Statyczny mikser siatkowy 9,4 mm SMG94PP wykonany z polipropylenu <\/b>sprawdzi\u0142y si\u0119 w przemys\u0142owych systemach malarskich do ci\u0105g\u0142ego mieszania wielosk\u0142adnikowych system\u00f3w malarskich.<\/span><\/span><\/span><\/p>\n<p><span style=\"color: #000000;\"><span style=\"font-family: Arial, sans-serif;\"><span style=\"font-size: medium;\"><b>Sprawdzony milion razy produkt, produkowany przez nas od 2002 roku<\/b><\/span><\/span><\/span><\/p>","protected":false},"excerpt":{"rendered":"<h3><strong><span style=\"color: #000000;\"><span style=\"font-family: Arial, sans-serif;\"><span style=\"font-size: medium;\">Statyczny mikser siatkowy 9,4 mm SMG94PP wykonany z polipropylenu<\/span><\/span><\/span><\/strong><\/h3>\n<p><span style=\"color: #000000;\"><span style=\"font-family: Arial, sans-serif;\"><span style=\"font-size: medium;\">\u015arednica 9,4 mm, d\u0142ugo\u015b\u0107 9,4 mm, z 18 pr\u0119tami w 6 warstwach, grubo\u015b\u0107 pr\u0119ta 1 mm, odporno\u015b\u0107 na ci\u015bnienie do 80 bar\u00f3w.<\/span><\/span><\/span><\/p>","protected":false},"featured_media":3807,"template":"","meta":[],"product_brand":[],"product_cat":[137],"product_tag":[131,134,127],"class_list":{"0":"post-3811","1":"product","2":"type-product","3":"status-publish","4":"has-post-thumbnail","6":"product_cat-statik-gittermischer","7":"product_tag-unsere-millionenfach-bewaehrten-produkte","8":"product_tag-statik-gittermischer","9":"product_tag-dissolver","11":"first","12":"instock","13":"taxable","14":"shipping-taxable","15":"purchasable","16":"product-type-simple"},"tiered_pricing_type":"percentage","tiered_pricing_fixed_rules":[],"tiered_pricing_product_settings":{"layout":"default","base_unit_name":{"singular":null,"plural":null},"default_variation":null},"tiered_pricing_minimum_quantity":10,"tiered_pricing_roles_data":[],"tiered_pricing_percentage_rules":{"100":5,"1000":10},"tiered_pricing_maximum_quantity":null,"tiered_pricing_quantity_step":null,"_links":{"self":[{"href":"https:\/\/www.polymerpacker.de\/pl\/wp-json\/wp\/v2\/product\/3811","targetHints":{"allow":["GET"]}}],"collection":[{"href":"https:\/\/www.polymerpacker.de\/pl\/wp-json\/wp\/v2\/product"}],"about":[{"href":"https:\/\/www.polymerpacker.de\/pl\/wp-json\/wp\/v2\/types\/product"}],"wp:featuredmedia":[{"embeddable":true,"href":"https:\/\/www.polymerpacker.de\/pl\/wp-json\/wp\/v2\/media\/3807"}],"wp:attachment":[{"href":"https:\/\/www.polymerpacker.de\/pl\/wp-json\/wp\/v2\/media?parent=3811"}],"wp:term":[{"taxonomy":"product_brand","embeddable":true,"href":"https:\/\/www.polymerpacker.de\/pl\/wp-json\/wp\/v2\/product_brand?post=3811"},{"taxonomy":"product_cat","embeddable":true,"href":"https:\/\/www.polymerpacker.de\/pl\/wp-json\/wp\/v2\/product_cat?post=3811"},{"taxonomy":"product_tag","embeddable":true,"href":"https:\/\/www.polymerpacker.de\/pl\/wp-json\/wp\/v2\/product_tag?post=3811"}],"curies":[{"name":"wp","href":"https:\/\/api.w.org\/{rel}","templated":true}]}}