{"id":3792,"date":"2024-01-21T19:58:32","date_gmt":"2024-01-21T18:58:32","guid":{"rendered":"https:\/\/www.polymerpacker.de\/?post_type=product&#038;p=3792"},"modified":"2026-04-15T16:01:00","modified_gmt":"2026-04-15T14:01:00","slug":"paker-wtryskowy-sps14116-do-otworow-o-srednicy-14-mm","status":"publish","type":"product","link":"https:\/\/www.polymerpacker.de\/pl\/produkt\/injektionspacker-sps14116-fuer-bohrloch-14-mm\/","title":{"rendered":"Paker iniekcyjny SPS14116 do otwor\u00f3w o \u015brednicy 14 mm"},"content":{"rendered":"<h2><span style=\"color: #000000;\"><strong><span style=\"font-family: Arial, sans-serif;\"><span style=\"font-size: medium;\">Paker iniekcyjny SPS14116 do otwor\u00f3w o \u015brednicy 14 mm<\/span><\/span><\/strong><\/span><\/h2>\n<p><span style=\"color: #000000;\">Stalowy paker \u015brubowy z nakr\u0119tk\u0105 zaciskow\u0105 wykonany z wysokowydajnego tworzywa sztucznego do stosowania przy wype\u0142nianiu p\u0119kni\u0119\u0107 i ubytk\u00f3w oraz fugowaniu we wszystkich popularnych materia\u0142ach budowlanych, takich jak beton, pustaki, ceg\u0142y i piaskowiec. Idealny do wstrzykiwania \u017cywicy epoksydowej i poliuretanowej o wysokiej zawarto\u015bci cia\u0142 sta\u0142ych lub zawiesiny cementowej, pasty cementowej, zaprawy iniekcyjnej. Do stosowania w precyzyjnych otworach w litych materia\u0142ach budowlanych, odpowiednie do maksymalnego ci\u015bnienia wtrysku do 100 bar\u00f3w.<\/span><\/p>\n<p><span style=\"color: #000000;\"><span style=\"font-family: Arial, sans-serif;\"><span style=\"font-size: medium;\"><b>Aby uzyska\u0107 wi\u0119cej informacji i instrukcji dotycz\u0105cych bezpiecze\u0144stwa, mo\u017cna pobra\u0107 arkusz danych technicznych tego produktu tutaj. <\/b><\/span><\/span><\/span><\/p>\n<p><a href=\"https:\/\/www.polymerpacker.de\/wp-content\/uploads\/2024\/01\/Polymerpacker-TM-SPS14116-DE-EN.pdf\"><img fetchpriority=\"high\" decoding=\"async\" class=\"alignnone wp-image-1504 size-medium\" src=\"https:\/\/www.polymerpacker.de\/wp-content\/uploads\/2020\/08\/PDF-DOWNLOAD-250x400.jpg\" alt=\"\" width=\"250\" height=\"400\" srcset=\"https:\/\/www.polymerpacker.de\/wp-content\/uploads\/2020\/08\/PDF-DOWNLOAD-250x400.jpg 250w, https:\/\/www.polymerpacker.de\/wp-content\/uploads\/2020\/08\/PDF-DOWNLOAD-200x320.jpg 200w, https:\/\/www.polymerpacker.de\/wp-content\/uploads\/2020\/08\/PDF-DOWNLOAD-scaled-150x240.jpg 150w, https:\/\/www.polymerpacker.de\/wp-content\/uploads\/2020\/08\/PDF-DOWNLOAD-400x640.jpg 400w, https:\/\/www.polymerpacker.de\/wp-content\/uploads\/2020\/08\/PDF-DOWNLOAD-500x800.jpg 500w, https:\/\/www.polymerpacker.de\/wp-content\/uploads\/2020\/08\/PDF-DOWNLOAD-768x1228.jpg 768w, https:\/\/www.polymerpacker.de\/wp-content\/uploads\/2020\/08\/PDF-DOWNLOAD-961x1536.jpg 961w, https:\/\/www.polymerpacker.de\/wp-content\/uploads\/2020\/08\/PDF-DOWNLOAD-1281x2048.jpg 1281w, https:\/\/www.polymerpacker.de\/wp-content\/uploads\/2020\/08\/PDF-DOWNLOAD-scaled.jpg 1601w\" sizes=\"(max-width: 250px) 100vw, 250px\" \/><\/a><\/p>","protected":false},"excerpt":{"rendered":"<h3><strong>Paker wtryskowy do otwor\u00f3w o \u015brednicy 14 mm<\/strong><\/h3>\n<p><strong>Stalowy wa\u0142 \u015brubowy o d\u0142ugo\u015bci 116 mm. <\/strong>Gumowa tuleja <strong>40 mm<\/strong> z pod\u0142u\u017cnymi rowkami zapobiegaj\u0105cymi obracaniu si\u0119 podczas zaciskania pakera w wierconym otworze.<strong><span style=\"color: #00ccff;\"> Nakr\u0119tka mocuj\u0105ca z sze\u015bciok\u0105tem 14 mm<\/span> wykonany z wysokowydajnego tworzywa sztucznego.<\/strong><\/p>\n<h4>Po\u0142\u0105czenie: <strong>Samouszczelniaj\u0105cy gwint rurowy R1\/4\u2033<\/strong>, swobodny przejazd <strong>\u00d8 5 mm<\/strong>.<\/h4>","protected":false},"featured_media":3771,"template":"","meta":[],"product_brand":[],"product_cat":[42,109],"product_tag":[110,129],"class_list":{"0":"post-3792","1":"product","2":"type-product","3":"status-publish","4":"has-post-thumbnail","6":"product_cat-injektion-packer-pumpen","7":"product_cat-injektionspacker-14-mm","8":"product_tag-injektionspacker-fuer-bohrung-14-mm","9":"product_tag-injektionspacker-fuer-harz","11":"first","12":"instock","13":"taxable","14":"shipping-taxable","15":"purchasable","16":"product-type-simple"},"tiered_pricing_type":"percentage","tiered_pricing_fixed_rules":[],"tiered_pricing_product_settings":{"layout":"default","base_unit_name":{"singular":null,"plural":null},"default_variation":null},"tiered_pricing_minimum_quantity":10,"tiered_pricing_roles_data":[],"tiered_pricing_percentage_rules":{"100":5,"1000":10},"tiered_pricing_maximum_quantity":null,"tiered_pricing_quantity_step":null,"_links":{"self":[{"href":"https:\/\/www.polymerpacker.de\/pl\/wp-json\/wp\/v2\/product\/3792","targetHints":{"allow":["GET"]}}],"collection":[{"href":"https:\/\/www.polymerpacker.de\/pl\/wp-json\/wp\/v2\/product"}],"about":[{"href":"https:\/\/www.polymerpacker.de\/pl\/wp-json\/wp\/v2\/types\/product"}],"wp:featuredmedia":[{"embeddable":true,"href":"https:\/\/www.polymerpacker.de\/pl\/wp-json\/wp\/v2\/media\/3771"}],"wp:attachment":[{"href":"https:\/\/www.polymerpacker.de\/pl\/wp-json\/wp\/v2\/media?parent=3792"}],"wp:term":[{"taxonomy":"product_brand","embeddable":true,"href":"https:\/\/www.polymerpacker.de\/pl\/wp-json\/wp\/v2\/product_brand?post=3792"},{"taxonomy":"product_cat","embeddable":true,"href":"https:\/\/www.polymerpacker.de\/pl\/wp-json\/wp\/v2\/product_cat?post=3792"},{"taxonomy":"product_tag","embeddable":true,"href":"https:\/\/www.polymerpacker.de\/pl\/wp-json\/wp\/v2\/product_tag?post=3792"}],"curies":[{"name":"wp","href":"https:\/\/api.w.org\/{rel}","templated":true}]}}