{"id":3790,"date":"2024-01-21T19:31:48","date_gmt":"2024-01-21T18:31:48","guid":{"rendered":"https:\/\/www.polymerpacker.de\/?post_type=product&#038;p=3790"},"modified":"2026-04-15T16:01:02","modified_gmt":"2026-04-15T14:01:02","slug":"klucz-nasadowy-do-pakerow-wtryskowych-14-mm","status":"publish","type":"product","link":"https:\/\/www.polymerpacker.de\/pl\/produkt\/injektionspacker-steckschluessel-14-mm\/","title":{"rendered":"Klucz nasadowy do paker\u00f3w wtryskowych 14 mm"},"content":{"rendered":"<h3><span style=\"color: #000000;\"><strong>Klucz nasadowy do paker\u00f3w wtryskowych 14 mm<\/strong><\/span><\/h3>\n<p><span style=\"color: #000000;\">Specjalny klucz sze\u015bciok\u0105tny 14 mm, idealny do wszystkich paker\u00f3w wtryskowych (stalowych paker\u00f3w \u015brubowych) z sze\u015bciok\u0105tn\u0105 nakr\u0119tk\u0105 zaciskow\u0105 14 mm z przy\u0142\u0105czem: gwint rurowy R1\/4\u2033. <\/span><span style=\"color: #000000;\">Specjalnie zaprojektowany luz w kluczu nasadowym niezawodnie zapobiega uszkodzeniu gwintu rury R1\/4\u2033 podczas dokr\u0119cania nakr\u0119tki zaciskowej.<\/span><\/p>\n<h3><span style=\"color: #000000;\"><strong>Poniewa\u017c dobra praca zaczyna si\u0119 od dobrych narz\u0119dzi<span style=\"font-family: 'Arial', sans-serif;\">.<\/span><\/strong><\/span><\/h3>","protected":false},"excerpt":{"rendered":"<h3><strong>Pakowarka wtryskowa Klucz nasadowy sze\u015bciok\u0105tny 14 mm<\/strong><\/h3>\n<h4>dla sze\u015bciok\u0105tnej nakr\u0119tki zaciskowej z przy\u0142\u0105czem: gwint rurowy R1\/4\u2033<\/h4>","protected":false},"featured_media":3778,"template":"","meta":[],"product_brand":[],"product_cat":[199,42],"product_tag":[141],"class_list":{"0":"post-3790","1":"product","2":"type-product","3":"status-publish","4":"has-post-thumbnail","6":"product_cat-injektionspacker-montagewerkzeuge","7":"product_cat-injektion-packer-pumpen","8":"product_tag-steckschluessel-fuer-injektionspacker","10":"first","11":"instock","12":"taxable","13":"shipping-taxable","14":"purchasable","15":"product-type-simple"},"tiered_pricing_type":"fixed","tiered_pricing_fixed_rules":[],"tiered_pricing_product_settings":{"layout":"default","base_unit_name":{"singular":null,"plural":null},"default_variation":null},"tiered_pricing_minimum_quantity":null,"tiered_pricing_roles_data":[],"tiered_pricing_percentage_rules":[],"tiered_pricing_maximum_quantity":null,"tiered_pricing_quantity_step":null,"_links":{"self":[{"href":"https:\/\/www.polymerpacker.de\/pl\/wp-json\/wp\/v2\/product\/3790","targetHints":{"allow":["GET"]}}],"collection":[{"href":"https:\/\/www.polymerpacker.de\/pl\/wp-json\/wp\/v2\/product"}],"about":[{"href":"https:\/\/www.polymerpacker.de\/pl\/wp-json\/wp\/v2\/types\/product"}],"wp:featuredmedia":[{"embeddable":true,"href":"https:\/\/www.polymerpacker.de\/pl\/wp-json\/wp\/v2\/media\/3778"}],"wp:attachment":[{"href":"https:\/\/www.polymerpacker.de\/pl\/wp-json\/wp\/v2\/media?parent=3790"}],"wp:term":[{"taxonomy":"product_brand","embeddable":true,"href":"https:\/\/www.polymerpacker.de\/pl\/wp-json\/wp\/v2\/product_brand?post=3790"},{"taxonomy":"product_cat","embeddable":true,"href":"https:\/\/www.polymerpacker.de\/pl\/wp-json\/wp\/v2\/product_cat?post=3790"},{"taxonomy":"product_tag","embeddable":true,"href":"https:\/\/www.polymerpacker.de\/pl\/wp-json\/wp\/v2\/product_tag?post=3790"}],"curies":[{"name":"wp","href":"https:\/\/api.w.org\/{rel}","templated":true}]}}