{"id":3485,"date":"2023-09-23T13:45:51","date_gmt":"2023-09-23T11:45:51","guid":{"rendered":"https:\/\/www.polymerpacker.de\/?post_type=product&#038;p=3485"},"modified":"2026-04-22T15:36:32","modified_gmt":"2026-04-22T13:36:32","slug":"wysokowydajne-wiertlo-z-weglikow-spiekanych-12-x-200-mm","status":"publish","type":"product","link":"https:\/\/www.polymerpacker.de\/pl\/produkt\/hochleistungs-hartmetall-gesteinsbohrer-12-x-200-mm\/","title":{"rendered":"Wysokowydajne wiert\u0142o do ska\u0142 z w\u0119glik\u00f3w spiekanych 12 x 200 mm"},"content":{"rendered":"<p><span style=\"color: #000000;\"><strong>Wysokowydajne wiert\u0142o z w\u0119glik\u00f3w spiekanych 12 x 200 mm z 4 kraw\u0119dziami tn\u0105cymi z w\u0119glik\u00f3w spiekanych i progresywn\u0105 konstrukcj\u0105 spiraln\u0105.<\/strong><br \/>\nDo wiercenia bardzo dok\u0142adnych wymiarowo otwor\u00f3w, \u0142atwego wiercenia w ok\u0142adzinach \u017celaznych, pracy z niskimi wibracjami, dobrego posuwu py\u0142u wiertniczego.<br \/>\n<strong>SDS-Plus (chwyt wiert\u0142a 10 mm).<\/strong><\/span><\/p>","protected":false},"excerpt":{"rendered":"<h3><strong><span style=\"color: #000000;\">Wysokowydajne wiert\u0142o do ska\u0142 z w\u0119glik\u00f3w spiekanych 12 x 200 mm<\/span><\/strong><\/h3>\n<p><strong><span style=\"color: #000000;\">\u015arednica 12 mm, d\u0142ugo\u015b\u0107 spirali 200 mm, d\u0142ugo\u015b\u0107 ca\u0142kowita 260 mm, m<\/span><\/strong><strong><span style=\"color: #000000;\">z 4 kraw\u0119dziami tn\u0105cymi z w\u0119glik\u00f3w spiekanych i progresywn\u0105 konstrukcj\u0105 spiraln\u0105. <\/span><\/strong><strong><span style=\"color: #000000;\">SDS-Plus (chwyt wiert\u0142a 10 mm).<\/span><\/strong><\/p>","protected":false},"featured_media":3517,"template":"","meta":[],"product_brand":[],"product_cat":[233,42],"product_tag":[234],"class_list":{"0":"post-3485","1":"product","2":"type-product","3":"status-publish","4":"has-post-thumbnail","6":"product_cat-hartmetall-gesteinsbohrer","7":"product_cat-injektion-packer-pumpen","8":"product_tag-hochleistungs-hartmetall-gesteinsbohrer","10":"first","11":"instock","12":"taxable","13":"shipping-taxable","14":"purchasable","15":"product-type-simple"},"tiered_pricing_type":"percentage","tiered_pricing_fixed_rules":[],"tiered_pricing_product_settings":{"layout":"table","base_unit_name":{"singular":null,"plural":null},"default_variation":null},"tiered_pricing_minimum_quantity":null,"tiered_pricing_roles_data":[],"tiered_pricing_percentage_rules":[],"tiered_pricing_maximum_quantity":null,"tiered_pricing_quantity_step":null,"_links":{"self":[{"href":"https:\/\/www.polymerpacker.de\/pl\/wp-json\/wp\/v2\/product\/3485","targetHints":{"allow":["GET"]}}],"collection":[{"href":"https:\/\/www.polymerpacker.de\/pl\/wp-json\/wp\/v2\/product"}],"about":[{"href":"https:\/\/www.polymerpacker.de\/pl\/wp-json\/wp\/v2\/types\/product"}],"wp:featuredmedia":[{"embeddable":true,"href":"https:\/\/www.polymerpacker.de\/pl\/wp-json\/wp\/v2\/media\/3517"}],"wp:attachment":[{"href":"https:\/\/www.polymerpacker.de\/pl\/wp-json\/wp\/v2\/media?parent=3485"}],"wp:term":[{"taxonomy":"product_brand","embeddable":true,"href":"https:\/\/www.polymerpacker.de\/pl\/wp-json\/wp\/v2\/product_brand?post=3485"},{"taxonomy":"product_cat","embeddable":true,"href":"https:\/\/www.polymerpacker.de\/pl\/wp-json\/wp\/v2\/product_cat?post=3485"},{"taxonomy":"product_tag","embeddable":true,"href":"https:\/\/www.polymerpacker.de\/pl\/wp-json\/wp\/v2\/product_tag?post=3485"}],"curies":[{"name":"wp","href":"https:\/\/api.w.org\/{rel}","templated":true}]}}