{"id":3151,"date":"2023-04-26T20:51:06","date_gmt":"2023-04-26T18:51:06","guid":{"rendered":"https:\/\/www.polymerpacker.de\/?post_type=product&#038;p=3151"},"modified":"2026-04-15T16:01:00","modified_gmt":"2026-04-15T14:01:00","slug":"rozpuszczalnik-45-mm-z-walem-ze-stali-nierdzewnej-300-mm","status":"publish","type":"product","link":"https:\/\/www.polymerpacker.de\/pl\/produkt\/dissolver-45-mm-mit-edelstahlwelle-300-mm\/","title":{"rendered":"Rozpuszczalnik 45 mm z wa\u0142em ze stali nierdzewnej 300 mm"},"content":{"rendered":"<p lang=\"zxx\"><span style=\"color: #000000;\"><b>Polymerpacker Dissolver <\/b>(mieszad\u0142a tarczowe) s\u0105 bardzo skutecznymi narz\u0119dziami o doskona\u0142ych w\u0142a\u015bciwo\u015bciach mieszania do wytwarzania bardzo jednorodnych konsystencji. Niski poziom rozprysk\u00f3w, niski stopie\u0144 porywania powietrza do mieszanki (tworzenie si\u0119 p\u0119cherzyk\u00f3w) i \u0142atwy demonta\u017c umo\u017cliwiaj\u0105 efektywn\u0105 i czyst\u0105 prac\u0119 z wysok\u0105 wydajno\u015bci\u0105. <strong>Polymerpacker - poniewa\u017c dobra praca zaczyna si\u0119 od dobrych narz\u0119dzi.<\/strong><\/span><\/p>\n<p lang=\"zxx\"><span style=\"color: #000000;\"><b>Przyk\u0142ady zastosowa\u0144: <\/b> Mieszanie, mieszanie i dyspergowanie cieczy i zawiesin (past), takich jak farby, lakiery, kleje, mieszanki \u017cywic syntetycznych, r\u00f3\u017cne masy szpachlowe, gips, wapno, tynk cementowy lub gliniany. Mieszanie suchych, sypkich proszk\u00f3w, granulat\u00f3w i piask\u00f3w o \u015bredniej g\u0119sto\u015bci.<\/span><\/p>\n<p><span style=\"color: #000000;\"><b>Polymerpacker Dissolver<\/b> s\u0105 dost\u0119pne z tarczami rozpuszczaj\u0105cymi o \u015brednicach 45, 75, 100 i 150 mm. Ka\u017cdy z nich mo\u017cna po\u0142\u0105czy\u0107 z szerokim wyborem r\u00f3\u017cnych wa\u0142k\u00f3w resolwera, aby pokry\u0107 niezliczone obszary zastosowa\u0144. Tarcza rozpuszczaj\u0105ca mo\u017ce by\u0107 szybko i \u0142atwo zamocowana i zdj\u0119ta z odpowiedniego wa\u0142ka rozpuszczaj\u0105cego. Dost\u0119pne na rynku wiertarki idealnie nadaj\u0105 si\u0119 jako maszyny nap\u0119dowe.<\/span><\/p>","protected":false},"excerpt":{"rendered":"<h3><strong><span style=\"color: #000000;\">Rozpuszczalnik 45 mm z wa\u0142em ze stali nierdzewnej 300 mm<\/span><\/strong><\/h3>\n<p><strong><span style=\"color: #000000;\">Wa\u0142 rozpuszczalnika o d\u0142ugo\u015bci 300 mm, wykonany z sze\u015bciok\u0105tnej stali nierdzewnej o \u015brednicy 8 mm<\/span><\/strong><\/p>","protected":false},"featured_media":3050,"template":"","meta":[],"product_brand":[],"product_cat":[217],"product_tag":[127],"class_list":{"0":"post-3151","1":"product","2":"type-product","3":"status-publish","4":"has-post-thumbnail","6":"product_cat-dissolver-45-mm-mit-edelstahlwelle","7":"product_tag-dissolver","9":"first","10":"instock","11":"taxable","12":"shipping-taxable","13":"purchasable","14":"product-type-simple"},"tiered_pricing_type":"percentage","tiered_pricing_fixed_rules":[],"tiered_pricing_product_settings":{"layout":"default","base_unit_name":{"singular":null,"plural":null},"default_variation":null},"tiered_pricing_minimum_quantity":null,"tiered_pricing_roles_data":[],"tiered_pricing_percentage_rules":{"5":3,"10":5,"25":8},"tiered_pricing_maximum_quantity":null,"tiered_pricing_quantity_step":null,"_links":{"self":[{"href":"https:\/\/www.polymerpacker.de\/pl\/wp-json\/wp\/v2\/product\/3151","targetHints":{"allow":["GET"]}}],"collection":[{"href":"https:\/\/www.polymerpacker.de\/pl\/wp-json\/wp\/v2\/product"}],"about":[{"href":"https:\/\/www.polymerpacker.de\/pl\/wp-json\/wp\/v2\/types\/product"}],"wp:featuredmedia":[{"embeddable":true,"href":"https:\/\/www.polymerpacker.de\/pl\/wp-json\/wp\/v2\/media\/3050"}],"wp:attachment":[{"href":"https:\/\/www.polymerpacker.de\/pl\/wp-json\/wp\/v2\/media?parent=3151"}],"wp:term":[{"taxonomy":"product_brand","embeddable":true,"href":"https:\/\/www.polymerpacker.de\/pl\/wp-json\/wp\/v2\/product_brand?post=3151"},{"taxonomy":"product_cat","embeddable":true,"href":"https:\/\/www.polymerpacker.de\/pl\/wp-json\/wp\/v2\/product_cat?post=3151"},{"taxonomy":"product_tag","embeddable":true,"href":"https:\/\/www.polymerpacker.de\/pl\/wp-json\/wp\/v2\/product_tag?post=3151"}],"curies":[{"name":"wp","href":"https:\/\/api.w.org\/{rel}","templated":true}]}}