{"id":3112,"date":"2023-04-25T11:19:15","date_gmt":"2023-04-25T09:19:15","guid":{"rendered":"https:\/\/www.polymerpacker.de\/?post_type=product&#038;p=3112"},"modified":"2026-04-15T16:01:00","modified_gmt":"2026-04-15T14:01:00","slug":"rozpuszczalnik-45-mm-dla-przemyslu-spozywczego-i-medycznego","status":"publish","type":"product","link":"https:\/\/www.polymerpacker.de\/pl\/produkt\/dissolver-45-mm-fuer-lebensmittel-und-medizintechnik\/","title":{"rendered":"Rozpuszczalnik 45 mm do \u017cywno\u015bci i technologii medycznej bez wa\u0142ka rozpuszczaj\u0105cego"},"content":{"rendered":"<p><span style=\"color: #000000;\"><strong>Polymerpacker Dissolver<\/strong> s\u0105 bardzo skutecznymi narz\u0119dziami o doskona\u0142ych w\u0142a\u015bciwo\u015bciach mieszania do wytwarzania bardzo jednorodnych konsystencji. Niski poziom rozprysk\u00f3w, niski stopie\u0144 porywania powietrza do mieszanki (tworzenie si\u0119 p\u0119cherzyk\u00f3w powietrza) oraz \u0142atwy demonta\u017c umo\u017cliwiaj\u0105 efektywn\u0105 i czyst\u0105 prac\u0119 z wysok\u0105 wydajno\u015bci\u0105. <strong>Polymerpacker, poniewa\u017c dobra praca zaczyna si\u0119 od dobrych narz\u0119dzi<\/strong>.<\/span><\/p>\n<p><span style=\"color: #000000;\">Z Polymerpacker <strong>Rozpuszczalniki do \u017cywno\u015bci i technologii medycznych<\/strong> Tarcze rozpuszczaj\u0105ce s\u0105 wykonane z poliamidu, kt\u00f3ry jest zgodny z odpowiednimi specyfikacjami FDA (Ameryka\u0144ska Agencja ds. \u017bywno\u015bci i Lek\u00f3w) i UE nr 10\/2011. Wa\u0142ki rozpuszczaj\u0105ce s\u0105 wykonane ze stali nierdzewnej (materia\u0142: 1.4305). Wa\u0142ki rozpuszczalnika wykonane ze stali nierdzewnej (materia\u0142: 1.4404 \/ 316L) s\u0105 dost\u0119pne na \u017cyczenie. Certyfikaty test\u00f3w materia\u0142owych dla wszystkich u\u017cytych materia\u0142\u00f3w s\u0105 dost\u0119pne bezp\u0142atnie na \u017c\u0105danie.<\/span><\/p>\n<p><span style=\"color: #000000;\"><strong>Przyk\u0142ady zastosowa\u0144 spo\u017cywczych<\/strong>Mieszanie i dyspergowanie cieczy i zawiesin (krem\u00f3w, past, sos\u00f3w). Bardzo dobrze nadaje si\u0119 do produkt\u00f3w ciastkarskich, mieszanek w\u0119dliniarskich, produkt\u00f3w mlecznych, produkcji napoj\u00f3w.<\/span><\/p>\n<p><span style=\"color: #000000;\"><strong>Przyk\u0142ady zastosowa\u0144 medycznych<\/strong>Mieszanie, miksowanie i dyspergowanie p\u0142yn\u00f3w i zawiesin (krem\u00f3w, ma\u015bci, past, balsam\u00f3w, emulsji), takich jak \u015brodki dezynfekuj\u0105ce, produkty do piel\u0119gnacji sk\u00f3ry, produkty do piel\u0119gnacji w\u0142os\u00f3w, p\u0142ynne lub sproszkowane leki i suplementy diety.<\/span><\/p>","protected":false},"excerpt":{"rendered":"<h3><span style=\"color: #000000;\"><strong>Rozpuszczalnik 45 mm do \u017cywno\u015bci i technologii medycznej bez wa\u0142ka rozpuszczaj\u0105cego<\/strong><\/span><\/h3>\n<p><span style=\"color: #000000;\"><strong>Nale\u017cy u\u017cy\u0107 sze\u015bciok\u0105tnego wa\u0142ka rozpuszczaj\u0105cego 8 mm.<\/strong><\/span><\/p>","protected":false},"featured_media":3089,"template":"","meta":[],"product_brand":[],"product_cat":[135,213],"product_tag":[127],"class_list":{"0":"post-3112","1":"product","2":"type-product","3":"status-publish","4":"has-post-thumbnail","6":"product_cat-dissolver-fuer-lebensmittel-und-medizintechnik","7":"product_cat-dissolver-45-mm-fuer-lebensmittel-und-medizintechnik","8":"product_tag-dissolver","10":"first","11":"instock","12":"taxable","13":"shipping-taxable","14":"purchasable","15":"product-type-simple"},"tiered_pricing_type":"percentage","tiered_pricing_fixed_rules":[],"tiered_pricing_product_settings":{"layout":"table","base_unit_name":{"singular":null,"plural":null},"default_variation":null},"tiered_pricing_minimum_quantity":null,"tiered_pricing_roles_data":[],"tiered_pricing_percentage_rules":{"5":3,"10":5,"25":8},"tiered_pricing_maximum_quantity":null,"tiered_pricing_quantity_step":null,"_links":{"self":[{"href":"https:\/\/www.polymerpacker.de\/pl\/wp-json\/wp\/v2\/product\/3112","targetHints":{"allow":["GET"]}}],"collection":[{"href":"https:\/\/www.polymerpacker.de\/pl\/wp-json\/wp\/v2\/product"}],"about":[{"href":"https:\/\/www.polymerpacker.de\/pl\/wp-json\/wp\/v2\/types\/product"}],"wp:featuredmedia":[{"embeddable":true,"href":"https:\/\/www.polymerpacker.de\/pl\/wp-json\/wp\/v2\/media\/3089"}],"wp:attachment":[{"href":"https:\/\/www.polymerpacker.de\/pl\/wp-json\/wp\/v2\/media?parent=3112"}],"wp:term":[{"taxonomy":"product_brand","embeddable":true,"href":"https:\/\/www.polymerpacker.de\/pl\/wp-json\/wp\/v2\/product_brand?post=3112"},{"taxonomy":"product_cat","embeddable":true,"href":"https:\/\/www.polymerpacker.de\/pl\/wp-json\/wp\/v2\/product_cat?post=3112"},{"taxonomy":"product_tag","embeddable":true,"href":"https:\/\/www.polymerpacker.de\/pl\/wp-json\/wp\/v2\/product_tag?post=3112"}],"curies":[{"name":"wp","href":"https:\/\/api.w.org\/{rel}","templated":true}]}}