{"id":2827,"date":"2022-12-04T20:24:54","date_gmt":"2022-12-04T19:24:54","guid":{"rendered":"https:\/\/www.polymerpacker.de\/?post_type=product&#038;p=2827"},"modified":"2026-04-15T16:01:02","modified_gmt":"2026-04-15T14:01:02","slug":"strzykawka-do-wstrzykiwania-kleju-z-polimeru-akrylowego","status":"publish","type":"product","link":"https:\/\/www.polymerpacker.de\/pl\/produkt\/acrylpolymer-kleber-injektionsspritze\/","title":{"rendered":"Akrylowy klej polimerowy w 30 ml strzykawce iniekcyjnej"},"content":{"rendered":"<h2>Akrylowy klej polimerowy w 30 ml strzykawce iniekcyjnej<\/h2>\n<p><span style=\"color: #000000;\"><strong>Cechy produktu<\/strong><\/span><\/p>\n<p><span style=\"color: #000000;\">Gotowy do u\u017cycia, wysoce skoncentrowany, jednosk\u0142adnikowy i bezrozpuszczalnikowy <strong>Emulsja polimeru akrylowego<\/strong> o doskona\u0142ych w\u0142a\u015bciwo\u015bciach wi\u0105\u017c\u0105cych i adhezyjnych na powierzchniach mineralnych. Niska lepko\u015b\u0107 i niskie napi\u0119cie powierzchniowe emulsji polimeru akrylowego umo\u017cliwiaj\u0105 bardzo g\u0142\u0119bok\u0105 penetracj\u0119 najdrobniejszych p\u0119kni\u0119\u0107 i por\u00f3w.<\/span><\/p>\n<p><span style=\"color: #000000;\"><strong>Przyk\u0142ady zastosowa\u0144<\/strong><\/span><\/p>\n<p><span style=\"color: #000000;\">Bardzo dobrze nadaje si\u0119 do niepozytywnego wype\u0142niania i uszczelniania ubytk\u00f3w, p\u0119kni\u0119\u0107 i p\u0119kni\u0119\u0107 w\u0142oskowatych w elementach budowlanych wykonanych z betonu, tynku i jastrychu. Jak r\u00f3wnie\u017c klinkieru i p\u0142ytek wykonanych z ceramiki, terakoty, lastryko, kamienia naturalnego lub sztucznego na wewn\u0119trznych i zewn\u0119trznych pod\u0142ogach i \u015bcianach.<\/span><\/p>\n<h4><b><span style=\"color: #000000;\">Aby uzyska\u0107 wi\u0119cej informacji i instrukcji dotycz\u0105cych bezpiecze\u0144stwa, mo\u017cna pobra\u0107 kart\u0119 danych technicznych tego produktu tutaj<\/span> <\/b><\/h4>\n<p><a href=\"https:\/\/www.polymerpacker.de\/wp-content\/uploads\/2022\/12\/Polymerpacker-TM-BC-APE-DE.pdf\"><img fetchpriority=\"high\" decoding=\"async\" class=\"size-medium wp-image-1504\" src=\"https:\/\/www.polymerpacker.de\/wp-content\/uploads\/2020\/08\/PDF-DOWNLOAD-250x400.jpg\" alt=\"Kliknij, aby pobra\u0107 plik pdf\" width=\"250\" height=\"400\" srcset=\"https:\/\/www.polymerpacker.de\/wp-content\/uploads\/2020\/08\/PDF-DOWNLOAD-250x400.jpg 250w, https:\/\/www.polymerpacker.de\/wp-content\/uploads\/2020\/08\/PDF-DOWNLOAD-200x320.jpg 200w, https:\/\/www.polymerpacker.de\/wp-content\/uploads\/2020\/08\/PDF-DOWNLOAD-scaled-150x240.jpg 150w, https:\/\/www.polymerpacker.de\/wp-content\/uploads\/2020\/08\/PDF-DOWNLOAD-400x640.jpg 400w, https:\/\/www.polymerpacker.de\/wp-content\/uploads\/2020\/08\/PDF-DOWNLOAD-500x800.jpg 500w, https:\/\/www.polymerpacker.de\/wp-content\/uploads\/2020\/08\/PDF-DOWNLOAD-768x1228.jpg 768w, https:\/\/www.polymerpacker.de\/wp-content\/uploads\/2020\/08\/PDF-DOWNLOAD-961x1536.jpg 961w, https:\/\/www.polymerpacker.de\/wp-content\/uploads\/2020\/08\/PDF-DOWNLOAD-1281x2048.jpg 1281w, https:\/\/www.polymerpacker.de\/wp-content\/uploads\/2020\/08\/PDF-DOWNLOAD-scaled.jpg 1601w\" sizes=\"(max-width: 250px) 100vw, 250px\" \/><\/a><\/p>","protected":false},"excerpt":{"rendered":"<p>Acrylpolymer- Kleber in 30 ml Injektionsspritze Produkteigenschaften Gebrauchsfertige, hochkonzentrierte, ein-komponentige und l\u00f6semittelfreie Acrylpolymer- Emulsion mit exzellentem Binde und Haftverm\u00f6gen an mineralischen Oberfl\u00e4chen. Die niedrige Viskosit\u00e4t und geringe Oberfl\u00e4chenspannung der Acrylpolymer- Emulsion erm\u00f6glichen ein sehr tiefes eindringen in feinste Risse und Poren. Anwendungsbeispiele Sehr gut geeignet zum kraftschl\u00fcssigen Verf\u00fcllen und Verschlie\u00dfen von Hohlstellen, Rissen und Haarrissen [&hellip;]<\/p>\n","protected":false},"featured_media":2819,"template":"","meta":[],"product_brand":[],"product_cat":[209],"product_tag":[210],"class_list":{"0":"post-2827","1":"product","2":"type-product","3":"status-publish","4":"has-post-thumbnail","6":"product_cat-fliesen-reparatur-set","7":"product_tag-fliesen-reparatur","9":"first","10":"instock","11":"taxable","12":"shipping-taxable","13":"purchasable","14":"product-type-simple"},"tiered_pricing_type":"percentage","tiered_pricing_fixed_rules":[],"tiered_pricing_product_settings":{"layout":"default","base_unit_name":{"singular":null,"plural":null},"default_variation":null},"tiered_pricing_minimum_quantity":null,"tiered_pricing_roles_data":[],"tiered_pricing_percentage_rules":{"5":5,"10":8},"tiered_pricing_maximum_quantity":null,"tiered_pricing_quantity_step":null,"_links":{"self":[{"href":"https:\/\/www.polymerpacker.de\/pl\/wp-json\/wp\/v2\/product\/2827","targetHints":{"allow":["GET"]}}],"collection":[{"href":"https:\/\/www.polymerpacker.de\/pl\/wp-json\/wp\/v2\/product"}],"about":[{"href":"https:\/\/www.polymerpacker.de\/pl\/wp-json\/wp\/v2\/types\/product"}],"wp:featuredmedia":[{"embeddable":true,"href":"https:\/\/www.polymerpacker.de\/pl\/wp-json\/wp\/v2\/media\/2819"}],"wp:attachment":[{"href":"https:\/\/www.polymerpacker.de\/pl\/wp-json\/wp\/v2\/media?parent=2827"}],"wp:term":[{"taxonomy":"product_brand","embeddable":true,"href":"https:\/\/www.polymerpacker.de\/pl\/wp-json\/wp\/v2\/product_brand?post=2827"},{"taxonomy":"product_cat","embeddable":true,"href":"https:\/\/www.polymerpacker.de\/pl\/wp-json\/wp\/v2\/product_cat?post=2827"},{"taxonomy":"product_tag","embeddable":true,"href":"https:\/\/www.polymerpacker.de\/pl\/wp-json\/wp\/v2\/product_tag?post=2827"}],"curies":[{"name":"wp","href":"https:\/\/api.w.org\/{rel}","templated":true}]}}