{"id":2820,"date":"2022-12-04T19:58:26","date_gmt":"2022-12-04T18:58:26","guid":{"rendered":"https:\/\/www.polymerpacker.de\/?post_type=product&#038;p=2820"},"modified":"2026-04-15T16:01:02","modified_gmt":"2026-04-15T14:01:02","slug":"zestaw-do-naprawy-plytek-bc-frs","status":"publish","type":"product","link":"https:\/\/www.polymerpacker.de\/pl\/produkt\/fliesen-reparatur-set-bc-frs\/","title":{"rendered":"Zestaw naprawczy do p\u0142ytek BC-FRS do ponownego mocowania p\u0142ytek"},"content":{"rendered":"<h2><strong>Zestaw do naprawy p\u0142ytek BC-FRS<\/strong><\/h2>\n<h2><strong>Montuj p\u0142ytki jak profesjonali\u015bci - to takie proste:<\/strong><\/h2>\n<h4><strong>1.\u00a0 <\/strong>Zlokalizuj pust\u0105 (lu\u017an\u0105) p\u0142ytk\u0119, stukaj\u0105c w ni\u0105.<\/h4>\n<p><img fetchpriority=\"high\" decoding=\"async\" class=\"alignnone size-medium wp-image-2811\" src=\"https:\/\/www.polymerpacker.de\/wp-content\/uploads\/2022\/12\/polymerpacker-fliesen-reperatur-set-bc-frs1a-320x400.jpg\" alt=\"\" width=\"320\" height=\"400\" srcset=\"https:\/\/www.polymerpacker.de\/wp-content\/uploads\/2022\/12\/polymerpacker-fliesen-reperatur-set-bc-frs1a-320x400.jpg 320w, https:\/\/www.polymerpacker.de\/wp-content\/uploads\/2022\/12\/polymerpacker-fliesen-reperatur-set-bc-frs1a-200x250.jpg 200w, https:\/\/www.polymerpacker.de\/wp-content\/uploads\/2022\/12\/polymerpacker-fliesen-reperatur-set-bc-frs1a-150x188.jpg 150w, https:\/\/www.polymerpacker.de\/wp-content\/uploads\/2022\/12\/polymerpacker-fliesen-reperatur-set-bc-frs1a-400x500.jpg 400w, https:\/\/www.polymerpacker.de\/wp-content\/uploads\/2022\/12\/polymerpacker-fliesen-reperatur-set-bc-frs1a-640x800.jpg 640w, https:\/\/www.polymerpacker.de\/wp-content\/uploads\/2022\/12\/polymerpacker-fliesen-reperatur-set-bc-frs1a-768x960.jpg 768w, https:\/\/www.polymerpacker.de\/wp-content\/uploads\/2022\/12\/polymerpacker-fliesen-reperatur-set-bc-frs1a-1229x1536.jpg 1229w, https:\/\/www.polymerpacker.de\/wp-content\/uploads\/2022\/12\/polymerpacker-fliesen-reperatur-set-bc-frs1a-1638x2048.jpg 1638w, https:\/\/www.polymerpacker.de\/wp-content\/uploads\/2022\/12\/polymerpacker-fliesen-reperatur-set-bc-frs1a.jpg 2000w\" sizes=\"(max-width: 320px) 100vw, 320px\" \/><\/p>\n<h4><strong>2.\u00a0 <\/strong>Wywierci\u0107 otwory iniekcyjne w po\u0142\u0105czeniach p\u0142ytek za pomoc\u0105 wiert\u0142a do kamienia \u00d8 3 mm.<\/h4>\n<p><img decoding=\"async\" class=\"alignnone size-medium wp-image-2816\" src=\"https:\/\/www.polymerpacker.de\/wp-content\/uploads\/2022\/12\/polymerpacker-fliesen-reperatur-set-bc-frs1b-320x400.jpg\" alt=\"\" width=\"320\" height=\"400\" srcset=\"https:\/\/www.polymerpacker.de\/wp-content\/uploads\/2022\/12\/polymerpacker-fliesen-reperatur-set-bc-frs1b-320x400.jpg 320w, https:\/\/www.polymerpacker.de\/wp-content\/uploads\/2022\/12\/polymerpacker-fliesen-reperatur-set-bc-frs1b-200x250.jpg 200w, https:\/\/www.polymerpacker.de\/wp-content\/uploads\/2022\/12\/polymerpacker-fliesen-reperatur-set-bc-frs1b-150x188.jpg 150w, https:\/\/www.polymerpacker.de\/wp-content\/uploads\/2022\/12\/polymerpacker-fliesen-reperatur-set-bc-frs1b-400x500.jpg 400w, https:\/\/www.polymerpacker.de\/wp-content\/uploads\/2022\/12\/polymerpacker-fliesen-reperatur-set-bc-frs1b-639x800.jpg 639w, https:\/\/www.polymerpacker.de\/wp-content\/uploads\/2022\/12\/polymerpacker-fliesen-reperatur-set-bc-frs1b-768x961.jpg 768w, https:\/\/www.polymerpacker.de\/wp-content\/uploads\/2022\/12\/polymerpacker-fliesen-reperatur-set-bc-frs1b-1228x1536.jpg 1228w, https:\/\/www.polymerpacker.de\/wp-content\/uploads\/2022\/12\/polymerpacker-fliesen-reperatur-set-bc-frs1b-1637x2048.jpg 1637w, https:\/\/www.polymerpacker.de\/wp-content\/uploads\/2022\/12\/polymerpacker-fliesen-reperatur-set-bc-frs1b.jpg 2000w\" sizes=\"(max-width: 320px) 100vw, 320px\" \/><\/p>\n<h4><strong>3.\u00a0 <\/strong>Odetnij ko\u0144c\u00f3wk\u0119 gumowej dyszy strzykawki iniekcyjnej.<\/h4>\n<p><img decoding=\"async\" class=\"alignnone size-medium wp-image-2817\" src=\"https:\/\/www.polymerpacker.de\/wp-content\/uploads\/2022\/12\/polymerpacker-fliesen-reperatur-set-bc-frs1c-320x400.jpg\" alt=\"\" width=\"320\" height=\"400\" srcset=\"https:\/\/www.polymerpacker.de\/wp-content\/uploads\/2022\/12\/polymerpacker-fliesen-reperatur-set-bc-frs1c-320x400.jpg 320w, https:\/\/www.polymerpacker.de\/wp-content\/uploads\/2022\/12\/polymerpacker-fliesen-reperatur-set-bc-frs1c-200x250.jpg 200w, https:\/\/www.polymerpacker.de\/wp-content\/uploads\/2022\/12\/polymerpacker-fliesen-reperatur-set-bc-frs1c-150x188.jpg 150w, https:\/\/www.polymerpacker.de\/wp-content\/uploads\/2022\/12\/polymerpacker-fliesen-reperatur-set-bc-frs1c-400x500.jpg 400w, https:\/\/www.polymerpacker.de\/wp-content\/uploads\/2022\/12\/polymerpacker-fliesen-reperatur-set-bc-frs1c-640x800.jpg 640w, https:\/\/www.polymerpacker.de\/wp-content\/uploads\/2022\/12\/polymerpacker-fliesen-reperatur-set-bc-frs1c-768x960.jpg 768w, https:\/\/www.polymerpacker.de\/wp-content\/uploads\/2022\/12\/polymerpacker-fliesen-reperatur-set-bc-frs1c-1229x1536.jpg 1229w, https:\/\/www.polymerpacker.de\/wp-content\/uploads\/2022\/12\/polymerpacker-fliesen-reperatur-set-bc-frs1c-1638x2048.jpg 1638w, https:\/\/www.polymerpacker.de\/wp-content\/uploads\/2022\/12\/polymerpacker-fliesen-reperatur-set-bc-frs1c.jpg 2000w\" sizes=\"(max-width: 320px) 100vw, 320px\" \/><\/p>\n<h4><strong>4.\u00a0 <\/strong>W\u0142o\u017cy\u0107 strzykawk\u0119 iniekcyjn\u0105 z gumow\u0105 dysz\u0105 do otworu iniekcyjnego, mocno docisn\u0105\u0107 i ostro\u017cnie wstrzykn\u0105\u0107 klej akrylowo-polimerowy.<\/h4>\n<p><img loading=\"lazy\" decoding=\"async\" class=\"alignnone size-medium wp-image-2818\" src=\"https:\/\/www.polymerpacker.de\/wp-content\/uploads\/2022\/12\/polymerpacker-fliesen-reperatur-set-bc-frs1d-320x400.jpg\" alt=\"\" width=\"320\" height=\"400\" srcset=\"https:\/\/www.polymerpacker.de\/wp-content\/uploads\/2022\/12\/polymerpacker-fliesen-reperatur-set-bc-frs1d-320x400.jpg 320w, https:\/\/www.polymerpacker.de\/wp-content\/uploads\/2022\/12\/polymerpacker-fliesen-reperatur-set-bc-frs1d-200x250.jpg 200w, https:\/\/www.polymerpacker.de\/wp-content\/uploads\/2022\/12\/polymerpacker-fliesen-reperatur-set-bc-frs1d-150x188.jpg 150w, https:\/\/www.polymerpacker.de\/wp-content\/uploads\/2022\/12\/polymerpacker-fliesen-reperatur-set-bc-frs1d-400x500.jpg 400w, https:\/\/www.polymerpacker.de\/wp-content\/uploads\/2022\/12\/polymerpacker-fliesen-reperatur-set-bc-frs1d-640x800.jpg 640w, https:\/\/www.polymerpacker.de\/wp-content\/uploads\/2022\/12\/polymerpacker-fliesen-reperatur-set-bc-frs1d-768x960.jpg 768w, https:\/\/www.polymerpacker.de\/wp-content\/uploads\/2022\/12\/polymerpacker-fliesen-reperatur-set-bc-frs1d-1229x1536.jpg 1229w, https:\/\/www.polymerpacker.de\/wp-content\/uploads\/2022\/12\/polymerpacker-fliesen-reperatur-set-bc-frs1d-1638x2048.jpg 1638w, https:\/\/www.polymerpacker.de\/wp-content\/uploads\/2022\/12\/polymerpacker-fliesen-reperatur-set-bc-frs1d.jpg 2000w\" sizes=\"(max-width: 320px) 100vw, 320px\" \/><\/p>\n<h4><b>Aby uzyska\u0107 wi\u0119cej informacji i instrukcji dotycz\u0105cych bezpiecze\u0144stwa, mo\u017cna pobra\u0107 kart\u0119 danych technicznych tego produktu tutaj <\/b><\/h4>\n<p><a href=\"https:\/\/www.polymerpacker.de\/wp-content\/uploads\/2022\/12\/Polymerpacker-TM-Fliesen-Rep-Set.pdf\"><img loading=\"lazy\" decoding=\"async\" class=\"size-medium wp-image-1504\" src=\"https:\/\/www.polymerpacker.de\/wp-content\/uploads\/2020\/08\/PDF-DOWNLOAD-250x400.jpg\" alt=\"Kliknij, aby pobra\u0107 plik pdf\" width=\"250\" height=\"400\" srcset=\"https:\/\/www.polymerpacker.de\/wp-content\/uploads\/2020\/08\/PDF-DOWNLOAD-250x400.jpg 250w, https:\/\/www.polymerpacker.de\/wp-content\/uploads\/2020\/08\/PDF-DOWNLOAD-200x320.jpg 200w, https:\/\/www.polymerpacker.de\/wp-content\/uploads\/2020\/08\/PDF-DOWNLOAD-scaled-150x240.jpg 150w, https:\/\/www.polymerpacker.de\/wp-content\/uploads\/2020\/08\/PDF-DOWNLOAD-400x640.jpg 400w, https:\/\/www.polymerpacker.de\/wp-content\/uploads\/2020\/08\/PDF-DOWNLOAD-500x800.jpg 500w, https:\/\/www.polymerpacker.de\/wp-content\/uploads\/2020\/08\/PDF-DOWNLOAD-768x1228.jpg 768w, https:\/\/www.polymerpacker.de\/wp-content\/uploads\/2020\/08\/PDF-DOWNLOAD-961x1536.jpg 961w, https:\/\/www.polymerpacker.de\/wp-content\/uploads\/2020\/08\/PDF-DOWNLOAD-1281x2048.jpg 1281w, https:\/\/www.polymerpacker.de\/wp-content\/uploads\/2020\/08\/PDF-DOWNLOAD-scaled.jpg 1601w\" sizes=\"(max-width: 250px) 100vw, 250px\" \/><\/a><\/p>","protected":false},"excerpt":{"rendered":"<h3><strong>Zestaw do naprawy p\u0142ytek BC-FRS<\/strong><\/h3>\n<h4><strong>do ponownego mocowania pustych i lu\u017anych p\u0142ytek<\/strong><\/h4>\n<h4><strong>Sk\u0142ada si\u0119 z:<\/strong><\/h4>\n<p><strong>1 strzykawka iniekcyjna wype\u0142niona 30 ml kleju akrylowo-polimerowego Polymerpacker<\/strong><\/p>\n<p><strong>1 wiert\u0142o do ska\u0142 \u00d8 3 mm do wiercenia otwor\u00f3w wtryskowych.<\/strong><\/p>\n<p><strong>1 wymienna gumowa dysza do strzykawki iniekcyjnej<\/strong><\/p>","protected":false},"featured_media":2810,"template":"","meta":[],"product_brand":[],"product_cat":[209],"product_tag":[210],"class_list":{"0":"post-2820","1":"product","2":"type-product","3":"status-publish","4":"has-post-thumbnail","6":"product_cat-fliesen-reparatur-set","7":"product_tag-fliesen-reparatur","9":"first","10":"instock","11":"taxable","12":"shipping-taxable","13":"purchasable","14":"product-type-simple"},"tiered_pricing_type":"percentage","tiered_pricing_fixed_rules":[],"tiered_pricing_product_settings":{"layout":"default","base_unit_name":{"singular":null,"plural":null},"default_variation":null},"tiered_pricing_minimum_quantity":null,"tiered_pricing_roles_data":[],"tiered_pricing_percentage_rules":{"5":5,"10":8},"tiered_pricing_maximum_quantity":null,"tiered_pricing_quantity_step":null,"_links":{"self":[{"href":"https:\/\/www.polymerpacker.de\/pl\/wp-json\/wp\/v2\/product\/2820","targetHints":{"allow":["GET"]}}],"collection":[{"href":"https:\/\/www.polymerpacker.de\/pl\/wp-json\/wp\/v2\/product"}],"about":[{"href":"https:\/\/www.polymerpacker.de\/pl\/wp-json\/wp\/v2\/types\/product"}],"wp:featuredmedia":[{"embeddable":true,"href":"https:\/\/www.polymerpacker.de\/pl\/wp-json\/wp\/v2\/media\/2810"}],"wp:attachment":[{"href":"https:\/\/www.polymerpacker.de\/pl\/wp-json\/wp\/v2\/media?parent=2820"}],"wp:term":[{"taxonomy":"product_brand","embeddable":true,"href":"https:\/\/www.polymerpacker.de\/pl\/wp-json\/wp\/v2\/product_brand?post=2820"},{"taxonomy":"product_cat","embeddable":true,"href":"https:\/\/www.polymerpacker.de\/pl\/wp-json\/wp\/v2\/product_cat?post=2820"},{"taxonomy":"product_tag","embeddable":true,"href":"https:\/\/www.polymerpacker.de\/pl\/wp-json\/wp\/v2\/product_tag?post=2820"}],"curies":[{"name":"wp","href":"https:\/\/api.w.org\/{rel}","templated":true}]}}