{"id":275,"date":"2019-04-15T16:05:34","date_gmt":"2019-04-15T16:05:34","guid":{"rendered":"http:\/\/b38jwy.myraidbox.de\/?post_type=product&#038;p=275"},"modified":"2026-04-21T10:10:24","modified_gmt":"2026-04-21T08:10:24","slug":"crack-monitor-rma-do-dokumentowania-pekniec","status":"publish","type":"product","link":"https:\/\/www.polymerpacker.de\/pl\/produkt\/rissmonitor-rma-zum-dokumentieren-von-rissen\/","title":{"rendered":"Monitor p\u0119kni\u0119\u0107 RMA do dokumentowania p\u0119kni\u0119\u0107"},"content":{"rendered":"<h2>Monitor p\u0119kni\u0119\u0107 RMA do dokumentowania p\u0119kni\u0119\u0107<\/h2>\n<p><span style=\"color: #000000; font-size: 100%;\">Monitor p\u0119kni\u0119\u0107 do analogowego, numerycznego rejestrowania zmian szeroko\u015bci p\u0119kni\u0119\u0107 i spoin na budynkach za pomoc\u0105 pomiaru r\u00f3\u017cnicowego. Rozmieszczenie krzy\u017cyka (czerwony) nad skal\u0105 liniow\u0105 (czarny) oznacza, \u017ce zmiany mog\u0105 by\u0107 odczytywane bezpo\u015brednio. Monitor p\u0119kni\u0119\u0107 mo\u017cna szybko i \u0142atwo zamontowa\u0107, nawet na szerokich p\u0119kni\u0119ciach lub regularnych po\u0142\u0105czeniach konstrukcyjnych, za pomoc\u0105 odpowiedniego kleju lub do\u0142\u0105czonych \u015brub ze stali nierdzewnej z ko\u0142kami. <\/span><span style=\"color: #000000; font-size: 100%;\">Zmiany szeroko\u015bci p\u0119kni\u0119\u0107 i spoin mo\u017cna \u0142atwo, szybko i dok\u0142adnie udokumentowa\u0107, wykonuj\u0105c regularne zdj\u0119cia z celownikiem umieszczonym nad skal\u0105 liniow\u0105. <\/span><\/p>\n<p><span style=\"color: #000000; font-size: 100%;\">Zestaw monitora p\u0119kni\u0119\u0107 sk\u0142ada si\u0119 z 1 monitora p\u0119kni\u0119\u0107 o solidnej konstrukcji zewn\u0119trznej, 4 \u015brub ze stali nierdzewnej DIN 7981 4,2 x 32 mm, 4 podk\u0142adek 4 x 12 mm, 4 za\u015blepek Fischer UX 6 mm.<\/span><\/p>\n<p><span style=\"color: #000000; font-size: 100%;\"><span style=\"font-family: Arial, sans-serif;\"><b><span style=\"color: #282828;\"><span style=\"color: #000000;\">Aby uzyska\u0107 wi\u0119cej informacji i instrukcji dotycz\u0105cych bezpiecze\u0144stwa, mo\u017cna pobra\u0107 arkusz danych technicznych tego produktu tutaj.<\/span> <\/span> <\/b><\/span><\/span><\/p>\n<p><a href=\"https:\/\/www.polymerpacker.de\/wp-content\/uploads\/2022\/02\/Polymerpacker-TM-RMA-DE-EN-FR-ES-IT-NL.pdf\"><img fetchpriority=\"high\" decoding=\"async\" class=\"alignnone wp-image-1504 size-medium\" src=\"https:\/\/www.polymerpacker.de\/wp-content\/uploads\/2020\/08\/PDF-DOWNLOAD-250x400.jpg\" alt=\"\" width=\"250\" height=\"400\" srcset=\"https:\/\/www.polymerpacker.de\/wp-content\/uploads\/2020\/08\/PDF-DOWNLOAD-250x400.jpg 250w, https:\/\/www.polymerpacker.de\/wp-content\/uploads\/2020\/08\/PDF-DOWNLOAD-200x320.jpg 200w, https:\/\/www.polymerpacker.de\/wp-content\/uploads\/2020\/08\/PDF-DOWNLOAD-scaled-150x240.jpg 150w, https:\/\/www.polymerpacker.de\/wp-content\/uploads\/2020\/08\/PDF-DOWNLOAD-400x640.jpg 400w, https:\/\/www.polymerpacker.de\/wp-content\/uploads\/2020\/08\/PDF-DOWNLOAD-500x800.jpg 500w, https:\/\/www.polymerpacker.de\/wp-content\/uploads\/2020\/08\/PDF-DOWNLOAD-768x1228.jpg 768w, https:\/\/www.polymerpacker.de\/wp-content\/uploads\/2020\/08\/PDF-DOWNLOAD-961x1536.jpg 961w, https:\/\/www.polymerpacker.de\/wp-content\/uploads\/2020\/08\/PDF-DOWNLOAD-1281x2048.jpg 1281w, https:\/\/www.polymerpacker.de\/wp-content\/uploads\/2020\/08\/PDF-DOWNLOAD-scaled.jpg 1601w\" sizes=\"(max-width: 250px) 100vw, 250px\" \/><\/a><\/p>","protected":false},"excerpt":{"rendered":"<h3><span style=\"color: #000000;\">Monitor p\u0119kni\u0119\u0107 RMA do dokumentowania p\u0119kni\u0119\u0107<\/span><\/h3>\n<p><span style=\"color: #000000;\">do przykr\u0119cenia lub przyklejenia, <\/span><span style=\"color: #000000;\">Solidna konstrukcja zewn\u0119trzna, <\/span><span style=\"color: #000000;\"><strong>W zestawie zestaw \u015brub mocuj\u0105cych ze stali nierdzewnej.<\/strong><\/span><\/p>","protected":false},"featured_media":1376,"template":"","meta":[],"product_brand":[],"product_cat":[82],"product_tag":[86],"class_list":{"0":"post-275","1":"product","2":"type-product","3":"status-publish","4":"has-post-thumbnail","6":"product_cat-rissmonitor","7":"product_tag-rissmonitor","9":"first","10":"instock","11":"taxable","12":"shipping-taxable","13":"purchasable","14":"product-type-simple"},"tiered_pricing_type":"percentage","tiered_pricing_fixed_rules":{"5":15.75,"10":14.5,"25":13.7},"tiered_pricing_product_settings":{"layout":"table","base_unit_name":{"singular":null,"plural":null},"default_variation":null},"tiered_pricing_minimum_quantity":null,"tiered_pricing_roles_data":[],"tiered_pricing_percentage_rules":{"5":5,"10":8},"tiered_pricing_maximum_quantity":null,"tiered_pricing_quantity_step":null,"_links":{"self":[{"href":"https:\/\/www.polymerpacker.de\/pl\/wp-json\/wp\/v2\/product\/275","targetHints":{"allow":["GET"]}}],"collection":[{"href":"https:\/\/www.polymerpacker.de\/pl\/wp-json\/wp\/v2\/product"}],"about":[{"href":"https:\/\/www.polymerpacker.de\/pl\/wp-json\/wp\/v2\/types\/product"}],"wp:featuredmedia":[{"embeddable":true,"href":"https:\/\/www.polymerpacker.de\/pl\/wp-json\/wp\/v2\/media\/1376"}],"wp:attachment":[{"href":"https:\/\/www.polymerpacker.de\/pl\/wp-json\/wp\/v2\/media?parent=275"}],"wp:term":[{"taxonomy":"product_brand","embeddable":true,"href":"https:\/\/www.polymerpacker.de\/pl\/wp-json\/wp\/v2\/product_brand?post=275"},{"taxonomy":"product_cat","embeddable":true,"href":"https:\/\/www.polymerpacker.de\/pl\/wp-json\/wp\/v2\/product_cat?post=275"},{"taxonomy":"product_tag","embeddable":true,"href":"https:\/\/www.polymerpacker.de\/pl\/wp-json\/wp\/v2\/product_tag?post=275"}],"curies":[{"name":"wp","href":"https:\/\/api.w.org\/{rel}","templated":true}]}}