{"id":2694,"date":"2022-09-29T17:49:18","date_gmt":"2022-09-29T15:49:18","guid":{"rendered":"https:\/\/www.polymerpacker.de\/?post_type=product&#038;p=2694"},"modified":"2026-04-15T16:01:02","modified_gmt":"2026-04-15T14:01:02","slug":"paker-iniekcyjny-lsp14dlnv-z-zaworem-do-otworow-14-mm","status":"publish","type":"product","link":"https:\/\/www.polymerpacker.de\/pl\/produkt\/injektionspacker-lsp14dlnv-mit-ventil-fuer-bohrloch-14-mm\/","title":{"rendered":"Paker iniekcyjny LSP14DLNV z zaworem do otwor\u00f3w o \u015brednicy 14 mm"},"content":{"rendered":"<h3><strong>Paker iniekcyjny LSP14DLNV z zaworem do otwor\u00f3w o \u015brednicy 14 mm<\/strong><\/h3>\n<p><strong><span style=\"color: #000000;\">Lamelowy paker udarowy wykonany z wysokowydajnego tworzywa sztucznego<\/span><\/strong><span style=\"color: #000000;\"> do stosowania w niskoci\u015bnieniowym fugowaniu p\u0119kni\u0119\u0107 i ubytk\u00f3w lub impregnacji ci\u015bnieniowej \u017cywic\u0105 epoksydow\u0105, \u017cywic\u0105 poliuretanow\u0105, emulsj\u0105 silikonow\u0105, kremem silikatowym, mikroemulsj\u0105, roztworami wodnymi, \u015brodkami krzemionkuj\u0105cymi, \u015brodkami przeciwgrzybiczymi. We wszystkich popularnych materia\u0142ach budowlanych, takich jak beton, pustak, ceg\u0142a, piaskowiec, ceg\u0142a wapienno-piaskowa, pumeks, glina. Do stosowania w precyzyjnych otworach w litych materia\u0142ach budowlanych, odpowiedni do maksymalnego ci\u015bnienia wtrysku do 30 bar\u00f3w.<\/span><\/p>\n<p><span style=\"color: #000000;\"><strong>Aby uzyska\u0107 wi\u0119cej informacji i instrukcji dotycz\u0105cych bezpiecze\u0144stwa, mo\u017cna pobra\u0107 arkusz danych technicznych tego produktu tutaj.<\/strong> <\/span><\/p>\n<p><a href=\"https:\/\/www.polymerpacker.de\/wp-content\/uploads\/2022\/09\/Polymerpacker-TM-LSP14DLNV-DE-EN.pdf\"><img fetchpriority=\"high\" decoding=\"async\" class=\"alignnone wp-image-1504 size-medium\" src=\"https:\/\/www.polymerpacker.de\/wp-content\/uploads\/2020\/08\/PDF-DOWNLOAD-250x400.jpg\" alt=\"\" width=\"250\" height=\"400\" srcset=\"https:\/\/www.polymerpacker.de\/wp-content\/uploads\/2020\/08\/PDF-DOWNLOAD-250x400.jpg 250w, https:\/\/www.polymerpacker.de\/wp-content\/uploads\/2020\/08\/PDF-DOWNLOAD-200x320.jpg 200w, https:\/\/www.polymerpacker.de\/wp-content\/uploads\/2020\/08\/PDF-DOWNLOAD-scaled-150x240.jpg 150w, https:\/\/www.polymerpacker.de\/wp-content\/uploads\/2020\/08\/PDF-DOWNLOAD-400x640.jpg 400w, https:\/\/www.polymerpacker.de\/wp-content\/uploads\/2020\/08\/PDF-DOWNLOAD-500x800.jpg 500w, https:\/\/www.polymerpacker.de\/wp-content\/uploads\/2020\/08\/PDF-DOWNLOAD-768x1228.jpg 768w, https:\/\/www.polymerpacker.de\/wp-content\/uploads\/2020\/08\/PDF-DOWNLOAD-961x1536.jpg 961w, https:\/\/www.polymerpacker.de\/wp-content\/uploads\/2020\/08\/PDF-DOWNLOAD-1281x2048.jpg 1281w, https:\/\/www.polymerpacker.de\/wp-content\/uploads\/2020\/08\/PDF-DOWNLOAD-scaled.jpg 1601w\" sizes=\"(max-width: 250px) 100vw, 250px\" \/><\/a><\/p>","protected":false},"excerpt":{"rendered":"<h3><strong>Paker iniekcyjny LSP14DLNV z zaworem do otwor\u00f3w o \u015brednicy 14 mm<\/strong><\/h3>\n<p><strong>Plastikowy paker udarowy o d\u0142ugo\u015bci 100 mm.<\/strong><\/p>\n<h4>Po\u0142\u0105czenie: <strong>Euroz\u0142\u0105czka spr\u0119\u017conego powietrza DIN 14152, szeroko\u015b\u0107 nominalna 7 mm<\/strong> z <strong>wbudowany zaw\u00f3r zwrotny<\/strong>, ci\u015bnienie otwarcia ok. <strong>1 bar<\/strong>.<\/h4>\n<p><strong>Bezp\u0142atne narz\u0119dzie do owijania w ka\u017cdym opakowaniu<\/strong><\/p>","protected":false},"featured_media":2433,"template":"","meta":[],"product_brand":[],"product_cat":[42,109],"product_tag":[110,132,197],"class_list":{"0":"post-2694","1":"product","2":"type-product","3":"status-publish","4":"has-post-thumbnail","6":"product_cat-injektion-packer-pumpen","7":"product_cat-injektionspacker-14-mm","8":"product_tag-injektionspacker-fuer-bohrung-14-mm","9":"product_tag-injektionspacker-fuer-zement","10":"product_tag-injektionspacker-mit-druckluftnippel","12":"first","13":"instock","14":"taxable","15":"shipping-taxable","16":"purchasable","17":"product-type-simple"},"tiered_pricing_type":"percentage","tiered_pricing_fixed_rules":[],"tiered_pricing_product_settings":{"layout":"default","base_unit_name":{"singular":null,"plural":null},"default_variation":null},"tiered_pricing_minimum_quantity":10,"tiered_pricing_roles_data":[],"tiered_pricing_percentage_rules":{"100":5,"1000":8},"tiered_pricing_maximum_quantity":null,"tiered_pricing_quantity_step":null,"_links":{"self":[{"href":"https:\/\/www.polymerpacker.de\/pl\/wp-json\/wp\/v2\/product\/2694","targetHints":{"allow":["GET"]}}],"collection":[{"href":"https:\/\/www.polymerpacker.de\/pl\/wp-json\/wp\/v2\/product"}],"about":[{"href":"https:\/\/www.polymerpacker.de\/pl\/wp-json\/wp\/v2\/types\/product"}],"wp:featuredmedia":[{"embeddable":true,"href":"https:\/\/www.polymerpacker.de\/pl\/wp-json\/wp\/v2\/media\/2433"}],"wp:attachment":[{"href":"https:\/\/www.polymerpacker.de\/pl\/wp-json\/wp\/v2\/media?parent=2694"}],"wp:term":[{"taxonomy":"product_brand","embeddable":true,"href":"https:\/\/www.polymerpacker.de\/pl\/wp-json\/wp\/v2\/product_brand?post=2694"},{"taxonomy":"product_cat","embeddable":true,"href":"https:\/\/www.polymerpacker.de\/pl\/wp-json\/wp\/v2\/product_cat?post=2694"},{"taxonomy":"product_tag","embeddable":true,"href":"https:\/\/www.polymerpacker.de\/pl\/wp-json\/wp\/v2\/product_tag?post=2694"}],"curies":[{"name":"wp","href":"https:\/\/api.w.org\/{rel}","templated":true}]}}