{"id":2683,"date":"2022-09-25T20:13:23","date_gmt":"2022-09-25T18:13:23","guid":{"rendered":"https:\/\/www.polymerpacker.de\/?post_type=product&#038;p=2683"},"modified":"2026-04-15T16:00:59","modified_gmt":"2026-04-15T14:00:59","slug":"klejarka-katowa-wtryskowa-kpwr14m6","status":"publish","type":"product","link":"https:\/\/www.polymerpacker.de\/pl\/produkt\/injektions-winkel-klebepacker-kpwr14m6\/","title":{"rendered":"Klejarka k\u0105towa KPWR14M6"},"content":{"rendered":"<h2><span style=\"color: #000000;\"><strong>Klejarka k\u0105towa KPWR14M6<\/strong><\/span><\/h2>\n<p><span style=\"color: #000000;\"> do klejenia do powierzchni element\u00f3w budowlanych, w kt\u00f3rych wiercenie otwor\u00f3w do spoinowania p\u0119kni\u0119\u0107 jest niepo\u017c\u0105dane lub niedozwolone <strong>(ZTV-RIS).<\/strong><\/span><\/p>\n<p><span style=\"color: #000000;\"><strong>Przyk\u0142ady u\u017cycia: <\/strong>Iniekcja rys na elementach konstrukcyjnych wykonanych z betonu spr\u0119\u017conego, betonu z g\u0119stym zbrojeniem lub ods\u0142oni\u0119tych element\u00f3w betonowych. Mo\u017ce by\u0107 stosowany do iniekcji \u017cywicy epoksydowej, poliuretanowej i poliestrowej.<\/span><\/p>\n<p><span style=\"color: #000000;\"><strong>Polymerpacker Pakowarka z klejem iniekcyjnym<\/strong><\/span><\/p>\n<p><span style=\"color: #000000;\">- Wykonane z wysoce przyczepnego tworzywa sztucznego o wysokiej wydajno\u015bci.<\/span><\/p>\n<p><span style=\"color: #000000;\">- Powierzchnia klej\u0105ca o strukturze powierzchni zoptymalizowanej pod k\u0105tem klejenia.<\/span><\/p>\n<p><span style=\"color: #000000;\">- Mo\u017ce by\u0107 stosowany przy maksymalnym ci\u015bnieniu wtrysku do 60 bar\u00f3w podczas \u0142\u0105czenia z powierzchniami sta\u0142ymi za pomoc\u0105 wysokiej jako\u015bci klej\u00f3w.<\/span><\/p>\n<p><span style=\"color: #000000;\"><strong>Polymerpacker Pakowarka do kleju iniekcyjnego. Oryginalny, wypr\u00f3bowany i przetestowany produkt, produkowany przez nas od 1993 roku.<\/strong><\/span><\/p>","protected":false},"excerpt":{"rendered":"<h3><span style=\"color: #000000;\"><strong>Klejarka k\u0105towa do wtrysku KPWR14M6 - <\/strong><strong>Plastikowa podk\u0142adka samoprzylepna (wzmocniona w\u0142\u00f3knem szklanym) do iniekcji p\u0119kni\u0119\u0107 w naro\u017cnikach.<\/strong><\/span><\/h3>\n<p><span style=\"color: #000000;\">Wykonany z tworzywa sztucznego wzmocnionego w\u0142\u00f3knem szklanym - bardzo wytrzyma\u0142y.<\/span><\/p>\n<h3><span style=\"color: #000000;\">Po\u0142\u0105czenie: gwint zewn\u0119trzny <strong>R1\/4\u201c <\/strong>+ gwint wewn\u0119trzny<strong> M6,<\/strong> swobodne przej\u015bcie \u00d8<strong> 5 mm.<\/strong><\/span><\/h3>","protected":false},"featured_media":2663,"template":"","meta":[],"product_brand":[],"product_cat":[42,205],"product_tag":[206],"class_list":{"0":"post-2683","1":"product","2":"type-product","3":"status-publish","4":"has-post-thumbnail","6":"product_cat-injektion-packer-pumpen","7":"product_cat-injektions-klebepacker","8":"product_tag-klebepacker","10":"first","11":"instock","12":"taxable","13":"shipping-taxable","14":"purchasable","15":"product-type-simple"},"tiered_pricing_type":"percentage","tiered_pricing_fixed_rules":[],"tiered_pricing_product_settings":{"layout":"default","base_unit_name":{"singular":null,"plural":null},"default_variation":null},"tiered_pricing_minimum_quantity":10,"tiered_pricing_roles_data":[],"tiered_pricing_percentage_rules":{"100":5,"1000":8,"2000":10},"tiered_pricing_maximum_quantity":null,"tiered_pricing_quantity_step":null,"_links":{"self":[{"href":"https:\/\/www.polymerpacker.de\/pl\/wp-json\/wp\/v2\/product\/2683","targetHints":{"allow":["GET"]}}],"collection":[{"href":"https:\/\/www.polymerpacker.de\/pl\/wp-json\/wp\/v2\/product"}],"about":[{"href":"https:\/\/www.polymerpacker.de\/pl\/wp-json\/wp\/v2\/types\/product"}],"wp:featuredmedia":[{"embeddable":true,"href":"https:\/\/www.polymerpacker.de\/pl\/wp-json\/wp\/v2\/media\/2663"}],"wp:attachment":[{"href":"https:\/\/www.polymerpacker.de\/pl\/wp-json\/wp\/v2\/media?parent=2683"}],"wp:term":[{"taxonomy":"product_brand","embeddable":true,"href":"https:\/\/www.polymerpacker.de\/pl\/wp-json\/wp\/v2\/product_brand?post=2683"},{"taxonomy":"product_cat","embeddable":true,"href":"https:\/\/www.polymerpacker.de\/pl\/wp-json\/wp\/v2\/product_cat?post=2683"},{"taxonomy":"product_tag","embeddable":true,"href":"https:\/\/www.polymerpacker.de\/pl\/wp-json\/wp\/v2\/product_tag?post=2683"}],"curies":[{"name":"wp","href":"https:\/\/api.w.org\/{rel}","templated":true}]}}