{"id":2676,"date":"2022-09-25T16:12:54","date_gmt":"2022-09-25T14:12:54","guid":{"rendered":"https:\/\/www.polymerpacker.de\/?post_type=product&#038;p=2676"},"modified":"2026-04-15T16:01:02","modified_gmt":"2026-04-15T14:01:02","slug":"klejarka-wtryskowa-kp50tkn","status":"publish","type":"product","link":"https:\/\/www.polymerpacker.de\/pl\/produkt\/injektions-klebepacker-kp50tkn\/","title":{"rendered":"Pakowarka iniekcyjna KP50TKN"},"content":{"rendered":"<h2><span style=\"color: #000000;\"><strong>Pakowarka iniekcyjna KP50TKN<\/strong><\/span><\/h2>\n<p><span style=\"color: #000000;\"> do klejenia do powierzchni element\u00f3w budowlanych, w kt\u00f3rych wiercenie otwor\u00f3w do spoinowania p\u0119kni\u0119\u0107 jest niepo\u017c\u0105dane lub niedozwolone <strong>(ZTV-RIS).<\/strong><\/span><\/p>\n<p><span style=\"color: #000000;\"><strong>Przyk\u0142ady u\u017cycia: <\/strong>Iniekcja rys na elementach konstrukcyjnych wykonanych z betonu spr\u0119\u017conego, betonu z g\u0119stym zbrojeniem lub ods\u0142oni\u0119tych element\u00f3w betonowych. Mo\u017ce by\u0107 stosowany do iniekcji \u017cywicy epoksydowej, poliuretanowej i poliestrowej.<\/span><\/p>\n<p><span style=\"color: #000000;\"><strong>Polymerpacker Pakowarka z klejem iniekcyjnym<\/strong><\/span><\/p>\n<p><span style=\"color: #000000;\">- Wykonane z wysoce przyczepnego tworzywa sztucznego o wysokiej wydajno\u015bci.<\/span><\/p>\n<p><span style=\"color: #000000;\">- Powierzchnia klej\u0105ca o strukturze powierzchni zoptymalizowanej pod k\u0105tem klejenia.<\/span><\/p>\n<p><span style=\"color: #000000;\">- Mo\u017ce by\u0107 stosowany przy maksymalnym ci\u015bnieniu wtrysku do 60 bar\u00f3w podczas \u0142\u0105czenia z powierzchniami sta\u0142ymi za pomoc\u0105 wysokiej jako\u015bci klej\u00f3w.<\/span><\/p>\n<p><span style=\"color: #000000;\"><strong>Polymerpacker Pakowarka do kleju iniekcyjnego. Oryginalny, wypr\u00f3bowany i przetestowany produkt, produkowany przez nas od 1993 roku.<\/strong><\/span><\/p>\n<p><strong>Iniekcja rysy zgodnie z ZTV-RIS na betonowym elemencie konstrukcyjnym, s<\/strong><strong>wi\u0119c to takie proste:<\/strong><\/p>\n<p><strong>1. <\/strong>Oczy\u015bci\u0107 p\u0119kni\u0119cie przez piaskowanie lub szczotkowanie druciane i w razie potrzeby osuszy\u0107 gor\u0105cym powietrzem.<\/p>\n<p><img fetchpriority=\"high\" decoding=\"async\" class=\"size-medium wp-image-3590\" src=\"https:\/\/www.polymerpacker.de\/wp-content\/uploads\/2023\/10\/kp50ia1-400x400.jpg\" alt=\"U\u017cywany paker samoprzylepny Obraz 1 z 9\" width=\"400\" height=\"400\" srcset=\"https:\/\/www.polymerpacker.de\/wp-content\/uploads\/2023\/10\/kp50ia1-400x400.jpg 400w, https:\/\/www.polymerpacker.de\/wp-content\/uploads\/2023\/10\/kp50ia1-200x200.jpg 200w, https:\/\/www.polymerpacker.de\/wp-content\/uploads\/2023\/10\/kp50ia1-150x150.jpg 150w, https:\/\/www.polymerpacker.de\/wp-content\/uploads\/2023\/10\/kp50ia1-800x800.jpg 800w, https:\/\/www.polymerpacker.de\/wp-content\/uploads\/2023\/10\/kp50ia1-280x280.jpg 280w, https:\/\/www.polymerpacker.de\/wp-content\/uploads\/2023\/10\/kp50ia1-768x768.jpg 768w, https:\/\/www.polymerpacker.de\/wp-content\/uploads\/2023\/10\/kp50ia1-1536x1536.jpg 1536w, https:\/\/www.polymerpacker.de\/wp-content\/uploads\/2023\/10\/kp50ia1.jpg 2000w\" sizes=\"(max-width: 400px) 100vw, 400px\" \/><\/p>\n<p><strong>2. <\/strong>Aby przygotowa\u0107 kana\u0142y iniekcyjne, nale\u017cy wbi\u0107 stalowe gwo\u017adzie na g\u0142\u0119boko\u015b\u0107 co najmniej ok. 5 mm w szczelin\u0119 w odst\u0119pach ok. 20 cm.<\/p>\n<p><img decoding=\"async\" class=\"size-medium wp-image-3591\" src=\"https:\/\/www.polymerpacker.de\/wp-content\/uploads\/2023\/10\/kp50ia2-400x400.jpg\" alt=\"U\u017cywany paker samoprzylepny Obraz 2 z 9\" width=\"400\" height=\"400\" srcset=\"https:\/\/www.polymerpacker.de\/wp-content\/uploads\/2023\/10\/kp50ia2-400x400.jpg 400w, https:\/\/www.polymerpacker.de\/wp-content\/uploads\/2023\/10\/kp50ia2-200x200.jpg 200w, https:\/\/www.polymerpacker.de\/wp-content\/uploads\/2023\/10\/kp50ia2-150x150.jpg 150w, https:\/\/www.polymerpacker.de\/wp-content\/uploads\/2023\/10\/kp50ia2-800x800.jpg 800w, https:\/\/www.polymerpacker.de\/wp-content\/uploads\/2023\/10\/kp50ia2-280x280.jpg 280w, https:\/\/www.polymerpacker.de\/wp-content\/uploads\/2023\/10\/kp50ia2-768x768.jpg 768w, https:\/\/www.polymerpacker.de\/wp-content\/uploads\/2023\/10\/kp50ia2-1536x1536.jpg 1536w, https:\/\/www.polymerpacker.de\/wp-content\/uploads\/2023\/10\/kp50ia2.jpg 2000w\" sizes=\"(max-width: 400px) 100vw, 400px\" \/><\/p>\n<p><img decoding=\"async\" class=\"size-medium wp-image-3592\" src=\"https:\/\/www.polymerpacker.de\/wp-content\/uploads\/2023\/10\/kp50ia3-400x400.jpg\" alt=\"U\u017cywany paker samoprzylepny Obraz 3 z 9\" width=\"400\" height=\"400\" srcset=\"https:\/\/www.polymerpacker.de\/wp-content\/uploads\/2023\/10\/kp50ia3-400x400.jpg 400w, https:\/\/www.polymerpacker.de\/wp-content\/uploads\/2023\/10\/kp50ia3-200x200.jpg 200w, https:\/\/www.polymerpacker.de\/wp-content\/uploads\/2023\/10\/kp50ia3-150x150.jpg 150w, https:\/\/www.polymerpacker.de\/wp-content\/uploads\/2023\/10\/kp50ia3-800x800.jpg 800w, https:\/\/www.polymerpacker.de\/wp-content\/uploads\/2023\/10\/kp50ia3-280x280.jpg 280w, https:\/\/www.polymerpacker.de\/wp-content\/uploads\/2023\/10\/kp50ia3-768x768.jpg 768w, https:\/\/www.polymerpacker.de\/wp-content\/uploads\/2023\/10\/kp50ia3-1536x1536.jpg 1536w, https:\/\/www.polymerpacker.de\/wp-content\/uploads\/2023\/10\/kp50ia3.jpg 2000w\" sizes=\"(max-width: 400px) 100vw, 400px\" \/><\/p>\n<p><strong>3.<\/strong> Na\u0142o\u017cy\u0107 odpowiedni klej na powierzchni\u0119 samoprzylepn\u0105 podk\u0142adek samoprzylepnych i docisn\u0105\u0107 podk\u0142adki samoprzylepne nad stalowymi gwo\u017adziami do powierzchni elementu betonowego. Klej powinien wyp\u0142ywa\u0107 z otwor\u00f3w z ty\u0142u powierzchni klej\u0105cych, aby utworzy\u0107 jak najmocniejsze i najbezpieczniejsze po\u0142\u0105czenie klejowe. Wbijane stalowe gwo\u017adzie zapobiegaj\u0105 blokowaniu kana\u0142\u00f3w wtryskowych przez klej.<\/p>\n<p><img loading=\"lazy\" decoding=\"async\" class=\"size-medium wp-image-3593\" src=\"https:\/\/www.polymerpacker.de\/wp-content\/uploads\/2023\/10\/kp50ia4-400x400.jpg\" alt=\"U\u017cywany paker samoprzylepny Obraz 4 z 9\" width=\"400\" height=\"400\" srcset=\"https:\/\/www.polymerpacker.de\/wp-content\/uploads\/2023\/10\/kp50ia4-400x400.jpg 400w, https:\/\/www.polymerpacker.de\/wp-content\/uploads\/2023\/10\/kp50ia4-200x200.jpg 200w, https:\/\/www.polymerpacker.de\/wp-content\/uploads\/2023\/10\/kp50ia4-150x150.jpg 150w, https:\/\/www.polymerpacker.de\/wp-content\/uploads\/2023\/10\/kp50ia4-800x800.jpg 800w, https:\/\/www.polymerpacker.de\/wp-content\/uploads\/2023\/10\/kp50ia4-280x280.jpg 280w, https:\/\/www.polymerpacker.de\/wp-content\/uploads\/2023\/10\/kp50ia4-768x768.jpg 768w, https:\/\/www.polymerpacker.de\/wp-content\/uploads\/2023\/10\/kp50ia4-1536x1536.jpg 1536w, https:\/\/www.polymerpacker.de\/wp-content\/uploads\/2023\/10\/kp50ia4.jpg 2000w\" sizes=\"(max-width: 400px) 100vw, 400px\" \/><\/p>\n<p><img loading=\"lazy\" decoding=\"async\" class=\"size-medium wp-image-3594\" src=\"https:\/\/www.polymerpacker.de\/wp-content\/uploads\/2023\/10\/kp50ia5-400x400.jpg\" alt=\"U\u017cywany paker samoprzylepny Zdj\u0119cie 5 z 9\" width=\"400\" height=\"400\" srcset=\"https:\/\/www.polymerpacker.de\/wp-content\/uploads\/2023\/10\/kp50ia5-400x400.jpg 400w, https:\/\/www.polymerpacker.de\/wp-content\/uploads\/2023\/10\/kp50ia5-200x200.jpg 200w, https:\/\/www.polymerpacker.de\/wp-content\/uploads\/2023\/10\/kp50ia5-150x150.jpg 150w, https:\/\/www.polymerpacker.de\/wp-content\/uploads\/2023\/10\/kp50ia5-800x800.jpg 800w, https:\/\/www.polymerpacker.de\/wp-content\/uploads\/2023\/10\/kp50ia5-280x280.jpg 280w, https:\/\/www.polymerpacker.de\/wp-content\/uploads\/2023\/10\/kp50ia5-768x768.jpg 768w, https:\/\/www.polymerpacker.de\/wp-content\/uploads\/2023\/10\/kp50ia5-1536x1536.jpg 1536w, https:\/\/www.polymerpacker.de\/wp-content\/uploads\/2023\/10\/kp50ia5.jpg 2000w\" sizes=\"(max-width: 400px) 100vw, 400px\" \/><\/p>\n<p><img loading=\"lazy\" decoding=\"async\" class=\"size-medium wp-image-3595\" src=\"https:\/\/www.polymerpacker.de\/wp-content\/uploads\/2023\/10\/kp50ia6-400x400.jpg\" alt=\"U\u017cywany paker samoprzylepny Obraz 6 z 9\" width=\"400\" height=\"400\" srcset=\"https:\/\/www.polymerpacker.de\/wp-content\/uploads\/2023\/10\/kp50ia6-400x400.jpg 400w, https:\/\/www.polymerpacker.de\/wp-content\/uploads\/2023\/10\/kp50ia6-200x200.jpg 200w, https:\/\/www.polymerpacker.de\/wp-content\/uploads\/2023\/10\/kp50ia6-150x150.jpg 150w, https:\/\/www.polymerpacker.de\/wp-content\/uploads\/2023\/10\/kp50ia6-800x800.jpg 800w, https:\/\/www.polymerpacker.de\/wp-content\/uploads\/2023\/10\/kp50ia6-280x280.jpg 280w, https:\/\/www.polymerpacker.de\/wp-content\/uploads\/2023\/10\/kp50ia6-768x768.jpg 768w, https:\/\/www.polymerpacker.de\/wp-content\/uploads\/2023\/10\/kp50ia6-1536x1536.jpg 1536w, https:\/\/www.polymerpacker.de\/wp-content\/uploads\/2023\/10\/kp50ia6.jpg 2000w\" sizes=\"(max-width: 400px) 100vw, 400px\" \/><\/p>\n<p><strong>4.<\/strong> Uszczelnij p\u0119kni\u0119cie klejem, wyci\u0105gnij stalowe gwo\u017adzie po stwardnieniu kleju i wkr\u0119\u0107 sto\u017ckowe z\u0142\u0105czki w gwintowane otwory, ale jeszcze ich nie dokr\u0119caj.<\/p>\n<p><img loading=\"lazy\" decoding=\"async\" class=\"size-medium wp-image-3597\" src=\"https:\/\/www.polymerpacker.de\/wp-content\/uploads\/2023\/10\/kp50iA8-400x400.jpg\" alt=\"U\u017cywany paker samoprzylepny Zdj\u0119cie 8 z 9\" width=\"400\" height=\"400\" srcset=\"https:\/\/www.polymerpacker.de\/wp-content\/uploads\/2023\/10\/kp50iA8-400x400.jpg 400w, https:\/\/www.polymerpacker.de\/wp-content\/uploads\/2023\/10\/kp50iA8-200x200.jpg 200w, https:\/\/www.polymerpacker.de\/wp-content\/uploads\/2023\/10\/kp50iA8-150x150.jpg 150w, https:\/\/www.polymerpacker.de\/wp-content\/uploads\/2023\/10\/kp50iA8-800x800.jpg 800w, https:\/\/www.polymerpacker.de\/wp-content\/uploads\/2023\/10\/kp50iA8-280x280.jpg 280w, https:\/\/www.polymerpacker.de\/wp-content\/uploads\/2023\/10\/kp50iA8-768x768.jpg 768w, https:\/\/www.polymerpacker.de\/wp-content\/uploads\/2023\/10\/kp50iA8-1536x1536.jpg 1536w, https:\/\/www.polymerpacker.de\/wp-content\/uploads\/2023\/10\/kp50iA8.jpg 2000w\" sizes=\"(max-width: 400px) 100vw, 400px\" \/><\/p>\n<p><strong>5.<\/strong> Zaczynaj\u0105c od pocz\u0105tku p\u0119kni\u0119cia na pierwszym pakerze samoprzylepnym, dokr\u0119\u0107 sto\u017ckowy nypel i wstrzykuj \u017cywic\u0119, a\u017c \u017cywica bez piany wy\u0142oni si\u0119 z drugiego pakera samoprzylepnego mi\u0119dzy gwintem pakera samoprzylepnego a sto\u017ckowym nyplem. Teraz r\u00f3wnie\u017c dokr\u0119\u0107 sto\u017ckowy nypel na drugim pakerze samoprzylepnym i wstrzykuj \u017cywic\u0119, a\u017c \u017cywica pozbawiona piany wydostanie si\u0119 z trzeciego pakera samoprzylepnego mi\u0119dzy gwintem pakera samoprzylepnego a sto\u017ckowym nyplem. Kontynuuj w tej kolejno\u015bci, a\u017c \u017cywica zostanie wstrzykni\u0119ta do wszystkich paker\u00f3w kleju. Nast\u0119pnie wstrzyknij wi\u0119cej \u017cywicy do wszystkich paker\u00f3w kleju. Procedura ta powinna systematycznie wyciska\u0107 powietrze ze szczeliny i zapobiega\u0107 powstawaniu kieszeni powietrznych.<\/p>\n<p><img loading=\"lazy\" decoding=\"async\" class=\"size-medium wp-image-3598\" src=\"https:\/\/www.polymerpacker.de\/wp-content\/uploads\/2023\/10\/kp50ia9-400x400.jpg\" alt=\"U\u017cywany paker samoprzylepny Obraz 9 z 9\" width=\"400\" height=\"400\" srcset=\"https:\/\/www.polymerpacker.de\/wp-content\/uploads\/2023\/10\/kp50ia9-400x400.jpg 400w, https:\/\/www.polymerpacker.de\/wp-content\/uploads\/2023\/10\/kp50ia9-200x200.jpg 200w, https:\/\/www.polymerpacker.de\/wp-content\/uploads\/2023\/10\/kp50ia9-150x150.jpg 150w, https:\/\/www.polymerpacker.de\/wp-content\/uploads\/2023\/10\/kp50ia9-800x800.jpg 800w, https:\/\/www.polymerpacker.de\/wp-content\/uploads\/2023\/10\/kp50ia9-280x280.jpg 280w, https:\/\/www.polymerpacker.de\/wp-content\/uploads\/2023\/10\/kp50ia9-768x768.jpg 768w, https:\/\/www.polymerpacker.de\/wp-content\/uploads\/2023\/10\/kp50ia9-1536x1536.jpg 1536w, https:\/\/www.polymerpacker.de\/wp-content\/uploads\/2023\/10\/kp50ia9.jpg 2000w\" sizes=\"(max-width: 400px) 100vw, 400px\" \/><\/p>\n<p><strong>Nasza rekomendacja:<\/strong><\/p>\n<p><strong>Do wstrzykiwania p\u0119kni\u0119\u0107 <\/strong><strong>Najni\u017csza mo\u017cliwa lepko\u015b\u0107<\/strong> <strong>Stosowa\u0107 \u017cywice epoksydowe, poliuretanowe lub poliestrowe przy maksymalnym ci\u015bnieniu wtrysku ok. 20 bar\u00f3w.<\/strong><strong> Dwusk\u0142adnikowa poliestrowa zaprawa kompozytowa (klej kotwi\u0105cy) okaza\u0142a si\u0119 bardzo skuteczna do \u0142\u0105czenia iniekcyjnych podk\u0142adek samoprzylepnych z powierzchniami betonowymi.<\/strong><\/p>","protected":false},"excerpt":{"rendered":"<h3><span style=\"color: #000000;\"><strong>Pakowarka iniekcyjna KP50TKN - <\/strong><strong>Plastikowa podk\u0142adka samoprzylepna (przezroczysta) do uszczelniania p\u0119kni\u0119\u0107.<\/strong><\/span><\/h3>\n<p><span style=\"color: #000000;\">Wykonany z przezroczystego tworzywa sztucznego - przep\u0142yw \u017cywicy mo\u017cna \u0142atwo obserwowa\u0107, powierzchnia klej\u0105ca \u00d8 50 mm.<\/span><\/p>\n<h4><span style=\"color: #000000;\">Przy\u0142\u0105cze: Wkr\u0119cany stalowy nypel sto\u017ckowy DIN 71412 z zaworem zwrotnym. Ci\u015bnienie otwarcia ok. 10 bar.<\/span><\/h4>","protected":false},"featured_media":2655,"template":"","meta":[],"product_brand":[],"product_cat":[42,205],"product_tag":[206],"class_list":{"0":"post-2676","1":"product","2":"type-product","3":"status-publish","4":"has-post-thumbnail","6":"product_cat-injektion-packer-pumpen","7":"product_cat-injektions-klebepacker","8":"product_tag-klebepacker","10":"first","11":"instock","12":"taxable","13":"shipping-taxable","14":"purchasable","15":"product-type-simple"},"tiered_pricing_type":"percentage","tiered_pricing_fixed_rules":[],"tiered_pricing_product_settings":{"layout":"default","base_unit_name":{"singular":null,"plural":null},"default_variation":null},"tiered_pricing_minimum_quantity":10,"tiered_pricing_roles_data":[],"tiered_pricing_percentage_rules":{"100":5,"1000":8,"2000":10},"tiered_pricing_maximum_quantity":null,"tiered_pricing_quantity_step":null,"_links":{"self":[{"href":"https:\/\/www.polymerpacker.de\/pl\/wp-json\/wp\/v2\/product\/2676","targetHints":{"allow":["GET"]}}],"collection":[{"href":"https:\/\/www.polymerpacker.de\/pl\/wp-json\/wp\/v2\/product"}],"about":[{"href":"https:\/\/www.polymerpacker.de\/pl\/wp-json\/wp\/v2\/types\/product"}],"wp:featuredmedia":[{"embeddable":true,"href":"https:\/\/www.polymerpacker.de\/pl\/wp-json\/wp\/v2\/media\/2655"}],"wp:attachment":[{"href":"https:\/\/www.polymerpacker.de\/pl\/wp-json\/wp\/v2\/media?parent=2676"}],"wp:term":[{"taxonomy":"product_brand","embeddable":true,"href":"https:\/\/www.polymerpacker.de\/pl\/wp-json\/wp\/v2\/product_brand?post=2676"},{"taxonomy":"product_cat","embeddable":true,"href":"https:\/\/www.polymerpacker.de\/pl\/wp-json\/wp\/v2\/product_cat?post=2676"},{"taxonomy":"product_tag","embeddable":true,"href":"https:\/\/www.polymerpacker.de\/pl\/wp-json\/wp\/v2\/product_tag?post=2676"}],"curies":[{"name":"wp","href":"https:\/\/api.w.org\/{rel}","templated":true}]}}