{"id":2672,"date":"2022-09-25T15:37:50","date_gmt":"2022-09-25T13:37:50","guid":{"rendered":"https:\/\/www.polymerpacker.de\/?post_type=product&#038;p=2672"},"modified":"2026-04-15T16:00:59","modified_gmt":"2026-04-15T14:00:59","slug":"zlaczka-stozkowa-m6","status":"publish","type":"product","link":"https:\/\/www.polymerpacker.de\/pl\/produkt\/kegelnippel-m6\/","title":{"rendered":"Nypel sto\u017ckowy M6"},"content":{"rendered":"<p><span style=\"color: #000000;\"><span style=\"font-family: Arial, sans-serif;\"><span style=\"font-size: medium;\"><b>Standardowy system po\u0142\u0105cze\u0144 dla paker\u00f3w wtryskowych.<\/b><\/span><\/span><\/span><\/p>\n<p><span style=\"color: #000000;\"><span style=\"font-family: Arial, sans-serif;\"><span style=\"font-size: medium;\">Mo\u017ce by\u0107 stosowany do wstrzykiwania \u017cywicy epoksydowej, \u017cywicy poliuretanowej, \u017celu akrylowego, emulsji silikonowej, kremu krzemianowego. <strong>Maksymalne ci\u015bnienie wtrysku do 250 bar.<\/strong> <\/span><\/span><\/span><\/p>","protected":false},"excerpt":{"rendered":"<h3><span style=\"color: #000000;\"><strong>Z\u0142\u0105czka sto\u017ckowa KNM6<\/strong><\/span><\/h3>\n<p><span style=\"color: #000000;\"><strong>Stalowy nypel sto\u017ckowy DIN 71412<\/strong> z zaworem zwrotnym. Ci\u015bnienie otwarcia ok. <strong>10 bar.<\/strong><\/span><\/p>\n<h4><span style=\"color: #000000;\">Po\u0142\u0105czenie: <strong>Gwint zewn\u0119trzny M6, <\/strong>D\u0142ugo\u015b\u0107 gwintu<strong> 5 mm, <\/strong>Szeroko\u015b\u0107 w poprzek mieszkania <strong>7 mm.<\/strong><\/span><\/h4>","protected":false},"featured_media":2631,"template":"","meta":[],"product_brand":[],"product_cat":[42,121],"product_tag":[122,206],"class_list":{"0":"post-2672","1":"product","2":"type-product","3":"status-publish","4":"has-post-thumbnail","6":"product_cat-injektion-packer-pumpen","7":"product_cat-injektionspacker-anschliessen","8":"product_tag-injektionspacker-an-pumpen-anschliessen","9":"product_tag-klebepacker","11":"first","12":"instock","13":"taxable","14":"shipping-taxable","15":"purchasable","16":"product-type-simple"},"tiered_pricing_type":"percentage","tiered_pricing_fixed_rules":{"100":5,"1000":10},"tiered_pricing_product_settings":{"layout":"default","base_unit_name":{"singular":null,"plural":null},"default_variation":null},"tiered_pricing_minimum_quantity":10,"tiered_pricing_roles_data":[],"tiered_pricing_percentage_rules":{"100":5,"1000":8},"tiered_pricing_maximum_quantity":null,"tiered_pricing_quantity_step":null,"_links":{"self":[{"href":"https:\/\/www.polymerpacker.de\/pl\/wp-json\/wp\/v2\/product\/2672","targetHints":{"allow":["GET"]}}],"collection":[{"href":"https:\/\/www.polymerpacker.de\/pl\/wp-json\/wp\/v2\/product"}],"about":[{"href":"https:\/\/www.polymerpacker.de\/pl\/wp-json\/wp\/v2\/types\/product"}],"wp:featuredmedia":[{"embeddable":true,"href":"https:\/\/www.polymerpacker.de\/pl\/wp-json\/wp\/v2\/media\/2631"}],"wp:attachment":[{"href":"https:\/\/www.polymerpacker.de\/pl\/wp-json\/wp\/v2\/media?parent=2672"}],"wp:term":[{"taxonomy":"product_brand","embeddable":true,"href":"https:\/\/www.polymerpacker.de\/pl\/wp-json\/wp\/v2\/product_brand?post=2672"},{"taxonomy":"product_cat","embeddable":true,"href":"https:\/\/www.polymerpacker.de\/pl\/wp-json\/wp\/v2\/product_cat?post=2672"},{"taxonomy":"product_tag","embeddable":true,"href":"https:\/\/www.polymerpacker.de\/pl\/wp-json\/wp\/v2\/product_tag?post=2672"}],"curies":[{"name":"wp","href":"https:\/\/api.w.org\/{rel}","templated":true}]}}