{"id":2415,"date":"2022-07-16T13:17:26","date_gmt":"2022-07-16T11:17:26","guid":{"rendered":"https:\/\/www.polymerpacker.de\/?post_type=product&#038;p=2415"},"modified":"2026-04-15T16:00:58","modified_gmt":"2026-04-15T14:00:58","slug":"paker-wtryskowy-lsp6r14m6-do-otworow-o-srednicy-6-mm","status":"publish","type":"product","link":"https:\/\/www.polymerpacker.de\/pl\/produkt\/injektionspacker-lsp6r14m6-fuer-bohrloch-6-mm\/","title":{"rendered":"Paker iniekcyjny LSP6R14M6 do otwor\u00f3w o \u015brednicy 6 mm"},"content":{"rendered":"<h2><span style=\"color: #000000;\"><span style=\"font-family: Arial, sans-serif;\"><span style=\"font-size: medium;\"><b>Paker wtryskowy LSP6R14M6 do otwor\u00f3w 6 mm (lamelowy paker udarowy) wykonany z wysokowydajnego tworzywa sztucznego do delikatnych prac wtryskowych.<\/b><\/span><\/span><\/span><\/h2>\n<p><span style=\"color: #000000;\"><span style=\"font-family: Arial, sans-serif;\"><span style=\"font-size: medium;\">Do stosowania podczas fugowania p\u0119kni\u0119\u0107 i ubytk\u00f3w w klinkierze i p\u0142ytkach na pod\u0142ogach i elewacjach. Mo\u017ce by\u0107 stosowany do wstrzykiwania dyspersji akrylowej, \u017cywicy epoksydowej, \u017cywicy poliuretanowej, zawiesiny cementowej. Bardzo dobrze nadaje si\u0119 do wbijania w drewno, do impregnacji ci\u015bnieniowej, ze \u015brodkami do konserwacji drewna lub z \u017cywic\u0105 epoksydow\u0105 do stabilizacji drewna. Mo\u017ce by\u0107 stosowany przy maksymalnym ci\u015bnieniu wtrysku do 30 bar\u00f3w, gdy jest u\u017cywany do wiercenia dok\u0142adnych wymiarowo otwor\u00f3w w litych materia\u0142ach budowlanych.<\/span><\/span><\/span><\/p>\n<p><span style=\"color: #000000;\"><span style=\"font-family: Arial, sans-serif;\"><span style=\"font-size: medium;\"><b>Aby uzyska\u0107 wi\u0119cej informacji i instrukcji dotycz\u0105cych bezpiecze\u0144stwa, mo\u017cna pobra\u0107 arkusz danych technicznych tego produktu tutaj. <\/b><\/span><\/span><\/span><\/p>\n<p><a href=\"https:\/\/www.polymerpacker.de\/wp-content\/uploads\/2022\/07\/Polymerpacker-TM-LSP6R14M6-DE-EN.pdf\"><img fetchpriority=\"high\" decoding=\"async\" class=\"alignnone wp-image-1504 size-medium\" src=\"https:\/\/www.polymerpacker.de\/wp-content\/uploads\/2020\/08\/PDF-DOWNLOAD-250x400.jpg\" alt=\"\" width=\"250\" height=\"400\" srcset=\"https:\/\/www.polymerpacker.de\/wp-content\/uploads\/2020\/08\/PDF-DOWNLOAD-250x400.jpg 250w, https:\/\/www.polymerpacker.de\/wp-content\/uploads\/2020\/08\/PDF-DOWNLOAD-200x320.jpg 200w, https:\/\/www.polymerpacker.de\/wp-content\/uploads\/2020\/08\/PDF-DOWNLOAD-scaled-150x240.jpg 150w, https:\/\/www.polymerpacker.de\/wp-content\/uploads\/2020\/08\/PDF-DOWNLOAD-400x640.jpg 400w, https:\/\/www.polymerpacker.de\/wp-content\/uploads\/2020\/08\/PDF-DOWNLOAD-500x800.jpg 500w, https:\/\/www.polymerpacker.de\/wp-content\/uploads\/2020\/08\/PDF-DOWNLOAD-768x1228.jpg 768w, https:\/\/www.polymerpacker.de\/wp-content\/uploads\/2020\/08\/PDF-DOWNLOAD-961x1536.jpg 961w, https:\/\/www.polymerpacker.de\/wp-content\/uploads\/2020\/08\/PDF-DOWNLOAD-1281x2048.jpg 1281w, https:\/\/www.polymerpacker.de\/wp-content\/uploads\/2020\/08\/PDF-DOWNLOAD-scaled.jpg 1601w\" sizes=\"(max-width: 250px) 100vw, 250px\" \/><\/a><\/p>","protected":false},"excerpt":{"rendered":"<h3><strong>Paker iniekcyjny LSP6R14M6 do otwor\u00f3w o \u015brednicy 6 mm<\/strong><\/h3>\n<p><strong>Plastikowy paker udarowy o d\u0142ugo\u015bci 45 mm.<\/strong><\/p>\n<h4>Po\u0142\u0105czenie: gwint zewn\u0119trzny <strong>R1\/4\u201c + <\/strong>Gwint wewn\u0119trzny<strong> M6,<\/strong> swobodne przej\u015bcie \u00d8<strong> 3 mm.<\/strong><\/h4>\n<p><strong>Bezp\u0142atne narz\u0119dzie do owijania w ka\u017cdym opakowaniu<\/strong><\/p>","protected":false},"featured_media":2399,"template":"","meta":[],"product_brand":[],"product_cat":[192,42],"product_tag":[129,132,193,196],"class_list":{"0":"post-2415","1":"product","2":"type-product","3":"status-publish","4":"has-post-thumbnail","6":"product_cat-injektionspacker-6-mm","7":"product_cat-injektion-packer-pumpen","8":"product_tag-injektionspacker-fuer-harz","9":"product_tag-injektionspacker-fuer-zement","10":"product_tag-injektionspacker-fuer-bohrung-6-mm","11":"product_tag-injektionspacker-fuer-holzschutzmittel","13":"first","14":"instock","15":"taxable","16":"shipping-taxable","17":"purchasable","18":"product-type-simple"},"tiered_pricing_type":"percentage","tiered_pricing_fixed_rules":[],"tiered_pricing_product_settings":{"layout":"default","base_unit_name":{"singular":null,"plural":null},"default_variation":null},"tiered_pricing_minimum_quantity":10,"tiered_pricing_roles_data":[],"tiered_pricing_percentage_rules":{"100":5,"1000":10},"tiered_pricing_maximum_quantity":null,"tiered_pricing_quantity_step":null,"_links":{"self":[{"href":"https:\/\/www.polymerpacker.de\/pl\/wp-json\/wp\/v2\/product\/2415","targetHints":{"allow":["GET"]}}],"collection":[{"href":"https:\/\/www.polymerpacker.de\/pl\/wp-json\/wp\/v2\/product"}],"about":[{"href":"https:\/\/www.polymerpacker.de\/pl\/wp-json\/wp\/v2\/types\/product"}],"wp:featuredmedia":[{"embeddable":true,"href":"https:\/\/www.polymerpacker.de\/pl\/wp-json\/wp\/v2\/media\/2399"}],"wp:attachment":[{"href":"https:\/\/www.polymerpacker.de\/pl\/wp-json\/wp\/v2\/media?parent=2415"}],"wp:term":[{"taxonomy":"product_brand","embeddable":true,"href":"https:\/\/www.polymerpacker.de\/pl\/wp-json\/wp\/v2\/product_brand?post=2415"},{"taxonomy":"product_cat","embeddable":true,"href":"https:\/\/www.polymerpacker.de\/pl\/wp-json\/wp\/v2\/product_cat?post=2415"},{"taxonomy":"product_tag","embeddable":true,"href":"https:\/\/www.polymerpacker.de\/pl\/wp-json\/wp\/v2\/product_tag?post=2415"}],"curies":[{"name":"wp","href":"https:\/\/api.w.org\/{rel}","templated":true}]}}