{"id":2388,"date":"2022-07-15T18:22:57","date_gmt":"2022-07-15T16:22:57","guid":{"rendered":"https:\/\/www.polymerpacker.de\/?post_type=product&#038;p=2388"},"modified":"2026-04-15T16:01:02","modified_gmt":"2026-04-15T14:01:02","slug":"paker-wtryskowy-psp10kn-do-otworow-10-mm","status":"publish","type":"product","link":"https:\/\/www.polymerpacker.de\/pl\/produkt\/injektionspacker-psp10kn-fuer-bohrloch-10-mm\/","title":{"rendered":"Paker iniekcyjny PSP10KN do otwor\u00f3w o \u015brednicy 10 mm"},"content":{"rendered":"<h2><span style=\"color: #000000;\"><span style=\"font-family: Arial, sans-serif;\"><span style=\"font-size: medium;\"><b>Paker iniekcyjny PSP10KN do otwor\u00f3w o \u015brednicy 10 mm (progresywny lamelarny paker udarowy) wykonany z wysokowydajnego tworzywa sztucznego. <\/b><\/span><\/span><\/span><\/h2>\n<p><span style=\"color: #000000;\"><span style=\"font-family: Arial, sans-serif;\"><span style=\"font-size: medium;\">Zoptymalizowany do stosowania podczas iniekcji p\u0119kni\u0119\u0107 w precyzyjnie wywierconych otworach w litych materia\u0142ach budowlanych, takich jak beton, granit, bazalt i piaskowiec. Mo\u017ce by\u0107 stosowany do wstrzykiwania \u017cywicy epoksydowej, poliuretanowej i emulsji silikonowej. Mo\u017ce by\u0107 stosowany do maksymalnego ci\u015bnienia wtrysku w precyzyjnych otworach w litych materia\u0142ach budowlanych. <\/span><\/span><\/span><span style=\"color: #000000;\"><span style=\"font-family: Arial, sans-serif;\"><span style=\"font-size: medium;\">do 150 bar\u00f3w.<\/span><\/span><\/span><\/p>\n<p><span style=\"color: #000000;\"><span style=\"font-family: Arial, sans-serif;\"><span style=\"font-size: medium;\"><b>Nasza progresywna pakowarka udarowa. Oryginalny, wypr\u00f3bowany i przetestowany produkt, produkowany przez nas od 2001 roku.<\/b><\/span><\/span><\/span><\/p>\n<p><span style=\"color: #000000;\"><span style=\"font-family: Arial, sans-serif;\"><span style=\"font-size: medium;\"><b>Aby uzyska\u0107 wi\u0119cej informacji i instrukcji dotycz\u0105cych bezpiecze\u0144stwa, mo\u017cna pobra\u0107 arkusz danych technicznych tego produktu tutaj. <\/b><\/span><\/span><\/span><\/p>\n<p><a href=\"https:\/\/www.polymerpacker.de\/wp-content\/uploads\/2024\/01\/Polymerpacker-TM-PSP10KN-DE-EN-IT.pdf\"><img fetchpriority=\"high\" decoding=\"async\" class=\"alignnone wp-image-1504 size-medium\" src=\"https:\/\/www.polymerpacker.de\/wp-content\/uploads\/2020\/08\/PDF-DOWNLOAD-250x400.jpg\" alt=\"\" width=\"250\" height=\"400\" srcset=\"https:\/\/www.polymerpacker.de\/wp-content\/uploads\/2020\/08\/PDF-DOWNLOAD-250x400.jpg 250w, https:\/\/www.polymerpacker.de\/wp-content\/uploads\/2020\/08\/PDF-DOWNLOAD-200x320.jpg 200w, https:\/\/www.polymerpacker.de\/wp-content\/uploads\/2020\/08\/PDF-DOWNLOAD-scaled-150x240.jpg 150w, https:\/\/www.polymerpacker.de\/wp-content\/uploads\/2020\/08\/PDF-DOWNLOAD-400x640.jpg 400w, https:\/\/www.polymerpacker.de\/wp-content\/uploads\/2020\/08\/PDF-DOWNLOAD-500x800.jpg 500w, https:\/\/www.polymerpacker.de\/wp-content\/uploads\/2020\/08\/PDF-DOWNLOAD-768x1228.jpg 768w, https:\/\/www.polymerpacker.de\/wp-content\/uploads\/2020\/08\/PDF-DOWNLOAD-961x1536.jpg 961w, https:\/\/www.polymerpacker.de\/wp-content\/uploads\/2020\/08\/PDF-DOWNLOAD-1281x2048.jpg 1281w, https:\/\/www.polymerpacker.de\/wp-content\/uploads\/2020\/08\/PDF-DOWNLOAD-scaled.jpg 1601w\" sizes=\"(max-width: 250px) 100vw, 250px\" \/><\/a><\/p>","protected":false},"excerpt":{"rendered":"<h3><strong>Paker iniekcyjny PSP10KN do otwor\u00f3w o \u015brednicy 10 mm<\/strong><\/h3>\n<p><strong>Progresywny plastikowy paker udarowy o d\u0142ugo\u015bci 77 mm.<\/strong><\/p>\n<h4>Po\u0142\u0105czenie: Wkr\u0119cane <strong>Stalowy nypel sto\u017ckowy DIN 71412<\/strong> z zaworem zwrotnym.  Ci\u015bnienie otwarcia ok. <strong>10 bar<\/strong>.<\/h4>\n<p><strong>Bezp\u0142atne narz\u0119dzie do owijania w ka\u017cdym opakowaniu<\/strong><\/p>","protected":false},"featured_media":2384,"template":"","meta":[],"product_brand":[],"product_cat":[42,83],"product_tag":[129,131,191,198,91],"class_list":{"0":"post-2388","1":"product","2":"type-product","3":"status-publish","4":"has-post-thumbnail","6":"product_cat-injektion-packer-pumpen","7":"product_cat-injektionspacker-10-mm","8":"product_tag-injektionspacker-fuer-harz","9":"product_tag-unsere-millionenfach-bewaehrten-produkte","10":"product_tag-progressiv-lamellenschlagpacker","11":"product_tag-injektionspacker-mit-kegelnippel","12":"product_tag-injektionspacker-fuer-bohrung-10-mm","14":"first","15":"instock","16":"taxable","17":"shipping-taxable","18":"purchasable","19":"product-type-simple"},"tiered_pricing_type":"percentage","tiered_pricing_fixed_rules":[],"tiered_pricing_product_settings":{"layout":"default","base_unit_name":{"singular":null,"plural":null},"default_variation":null},"tiered_pricing_minimum_quantity":10,"tiered_pricing_roles_data":[],"tiered_pricing_percentage_rules":{"100":5,"1000":10,"2000":15},"tiered_pricing_maximum_quantity":null,"tiered_pricing_quantity_step":null,"_links":{"self":[{"href":"https:\/\/www.polymerpacker.de\/pl\/wp-json\/wp\/v2\/product\/2388","targetHints":{"allow":["GET"]}}],"collection":[{"href":"https:\/\/www.polymerpacker.de\/pl\/wp-json\/wp\/v2\/product"}],"about":[{"href":"https:\/\/www.polymerpacker.de\/pl\/wp-json\/wp\/v2\/types\/product"}],"wp:featuredmedia":[{"embeddable":true,"href":"https:\/\/www.polymerpacker.de\/pl\/wp-json\/wp\/v2\/media\/2384"}],"wp:attachment":[{"href":"https:\/\/www.polymerpacker.de\/pl\/wp-json\/wp\/v2\/media?parent=2388"}],"wp:term":[{"taxonomy":"product_brand","embeddable":true,"href":"https:\/\/www.polymerpacker.de\/pl\/wp-json\/wp\/v2\/product_brand?post=2388"},{"taxonomy":"product_cat","embeddable":true,"href":"https:\/\/www.polymerpacker.de\/pl\/wp-json\/wp\/v2\/product_cat?post=2388"},{"taxonomy":"product_tag","embeddable":true,"href":"https:\/\/www.polymerpacker.de\/pl\/wp-json\/wp\/v2\/product_tag?post=2388"}],"curies":[{"name":"wp","href":"https:\/\/api.w.org\/{rel}","templated":true}]}}