{"id":1926,"date":"2021-05-11T19:38:59","date_gmt":"2021-05-11T17:38:59","guid":{"rendered":"https:\/\/www.polymerpacker.de\/?post_type=product&#038;p=1926"},"modified":"2026-04-18T12:57:01","modified_gmt":"2026-04-18T10:57:01","slug":"gniazdo-pakera-wtryskowego-8-mm","status":"publish","type":"product","link":"https:\/\/www.polymerpacker.de\/pl\/produkt\/injektionspacker-steckschluessel-8-mm\/","title":{"rendered":"Klucz nasadowy do paker\u00f3w wtryskowych 8 mm"},"content":{"rendered":"<h3><span style=\"color: #000000;\"><strong>Klucz nasadowy do paker\u00f3w wtryskowych 8 mm<\/strong><\/span><\/h3>\n<p><span style=\"color: #000000;\">Specjalny klucz sze\u015bciok\u0105tny <strong>8 mm<\/strong>, idealnie nadaje si\u0119 do wszystkich pakowarek wtryskowych (stalowych pakowarek \u015brubowych) z <strong>Sze\u015bciok\u0105tna nakr\u0119tka zaciskowa 8 mm<\/strong> z zamontowanym <strong>Z\u0142\u0105czka sto\u017ckowa DIN 71412<\/strong>. Specjalnie zaprojektowany luz w kluczu nasadowym niezawodnie zapobiega uszkodzeniu sto\u017ckowej z\u0142\u0105czki podczas dokr\u0119cania nakr\u0119tki zaciskowej.<\/span><\/p>\n<h3><span style=\"color: #000000;\"><strong>Poniewa\u017c dobra praca zaczyna si\u0119 od dobrych narz\u0119dzi<span style=\"font-family: 'Arial', sans-serif;\">.<\/span><\/strong><\/span><\/h3>","protected":false},"excerpt":{"rendered":"<h3><strong>Pakowarka wtryskowa Klucz nasadowy sze\u015bciok\u0105tny 8 mm<\/strong><\/h3>\n<h4>dla sze\u015bciok\u0105tnej nakr\u0119tki zaciskowej z zamontowanym nyplem sto\u017ckowym DIN 71412<\/h4>","protected":false},"featured_media":1919,"template":"","meta":[],"product_brand":[],"product_cat":[42,199],"product_tag":[141],"class_list":{"0":"post-1926","1":"product","2":"type-product","3":"status-publish","4":"has-post-thumbnail","6":"product_cat-injektion-packer-pumpen","7":"product_cat-injektionspacker-montagewerkzeuge","8":"product_tag-steckschluessel-fuer-injektionspacker","10":"first","11":"instock","12":"taxable","13":"shipping-taxable","14":"purchasable","15":"product-type-simple"},"tiered_pricing_type":"fixed","tiered_pricing_fixed_rules":[],"tiered_pricing_product_settings":{"layout":"default","base_unit_name":{"singular":null,"plural":null},"default_variation":null},"tiered_pricing_minimum_quantity":null,"tiered_pricing_roles_data":[],"tiered_pricing_percentage_rules":[],"tiered_pricing_maximum_quantity":null,"tiered_pricing_quantity_step":null,"_links":{"self":[{"href":"https:\/\/www.polymerpacker.de\/pl\/wp-json\/wp\/v2\/product\/1926","targetHints":{"allow":["GET"]}}],"collection":[{"href":"https:\/\/www.polymerpacker.de\/pl\/wp-json\/wp\/v2\/product"}],"about":[{"href":"https:\/\/www.polymerpacker.de\/pl\/wp-json\/wp\/v2\/types\/product"}],"wp:featuredmedia":[{"embeddable":true,"href":"https:\/\/www.polymerpacker.de\/pl\/wp-json\/wp\/v2\/media\/1919"}],"wp:attachment":[{"href":"https:\/\/www.polymerpacker.de\/pl\/wp-json\/wp\/v2\/media?parent=1926"}],"wp:term":[{"taxonomy":"product_brand","embeddable":true,"href":"https:\/\/www.polymerpacker.de\/pl\/wp-json\/wp\/v2\/product_brand?post=1926"},{"taxonomy":"product_cat","embeddable":true,"href":"https:\/\/www.polymerpacker.de\/pl\/wp-json\/wp\/v2\/product_cat?post=1926"},{"taxonomy":"product_tag","embeddable":true,"href":"https:\/\/www.polymerpacker.de\/pl\/wp-json\/wp\/v2\/product_tag?post=1926"}],"curies":[{"name":"wp","href":"https:\/\/api.w.org\/{rel}","templated":true}]}}