{"id":1068,"date":"2020-05-04T18:08:15","date_gmt":"2020-05-04T16:08:15","guid":{"rendered":"http:\/\/b38jwy.myraidbox.de\/?post_type=product&#038;p=1068"},"modified":"2026-04-18T18:03:12","modified_gmt":"2026-04-18T16:03:12","slug":"paker-wtryskowy-sps12100-do-otworow-12-mm","status":"publish","type":"product","link":"https:\/\/www.polymerpacker.de\/pl\/produkt\/injektionspacker-sps12100-fuer-bohrloch-12-mm\/","title":{"rendered":"Pakowarka iniekcyjna SPS12100 do otwor\u00f3w o \u015brednicy 12 mm"},"content":{"rendered":"<h3><strong><span style=\"color: #000000;\"><span style=\"font-family: Arial, sans-serif;\"><span style=\"font-size: medium;\">Pakowarka iniekcyjna SPS12100 do otwor\u00f3w o \u015brednicy 12 mm<\/span><\/span><\/span><\/strong><\/h3>\n<p><span style=\"color: #000000;\"><span style=\"font-family: Arial, sans-serif;\"><span style=\"font-size: medium;\"><b>Stalowy paker \u015brubowy z rozszerzonym zakresem mocowania <\/b><\/span><\/span><\/span><span style=\"color: #000000;\"><span style=\"font-family: Arial, sans-serif;\"><span style=\"font-size: medium;\">Do stosowania w niedok\u0142adnych, ponadwymiarowych, postrz\u0119pionych lub nieokr\u0105g\u0142ych otworach we wszystkich popularnych materia\u0142ach budowlanych, takich jak beton, pustak, ceg\u0142a, piaskowiec. Mo\u017ce by\u0107 stosowany do wstrzykiwania \u017cywicy epoksydowej, poliuretanowej i emulsji silikonowej. Do stosowania w otworach o dok\u0142adnych wymiarach w litych materia\u0142ach budowlanych, takich jak beton, granit, bazalt, piaskowiec, odpowiednich do ci\u015bnienia wtrysku do 150 bar\u00f3w.<\/span><\/span><\/span><\/p>\n<p><span style=\"color: #000000;\"><span style=\"font-family: Arial, sans-serif;\"><span style=\"font-size: medium;\"><b>Aby uzyska\u0107 wi\u0119cej informacji i instrukcji dotycz\u0105cych bezpiecze\u0144stwa, mo\u017cna pobra\u0107 arkusz danych technicznych tego produktu tutaj. <\/b><\/span><\/span><\/span><\/p>\n<p><a href=\"https:\/\/www.polymerpacker.de\/wp-content\/uploads\/2023\/09\/Polymerpacker-TM-SPS12100-DE-EN.pdf\"><img fetchpriority=\"high\" decoding=\"async\" class=\"alignnone wp-image-1504 size-medium\" src=\"https:\/\/www.polymerpacker.de\/wp-content\/uploads\/2020\/08\/PDF-DOWNLOAD-250x400.jpg\" alt=\"\" width=\"250\" height=\"400\" srcset=\"https:\/\/www.polymerpacker.de\/wp-content\/uploads\/2020\/08\/PDF-DOWNLOAD-250x400.jpg 250w, https:\/\/www.polymerpacker.de\/wp-content\/uploads\/2020\/08\/PDF-DOWNLOAD-200x320.jpg 200w, https:\/\/www.polymerpacker.de\/wp-content\/uploads\/2020\/08\/PDF-DOWNLOAD-scaled-150x240.jpg 150w, https:\/\/www.polymerpacker.de\/wp-content\/uploads\/2020\/08\/PDF-DOWNLOAD-400x640.jpg 400w, https:\/\/www.polymerpacker.de\/wp-content\/uploads\/2020\/08\/PDF-DOWNLOAD-500x800.jpg 500w, https:\/\/www.polymerpacker.de\/wp-content\/uploads\/2020\/08\/PDF-DOWNLOAD-768x1228.jpg 768w, https:\/\/www.polymerpacker.de\/wp-content\/uploads\/2020\/08\/PDF-DOWNLOAD-961x1536.jpg 961w, https:\/\/www.polymerpacker.de\/wp-content\/uploads\/2020\/08\/PDF-DOWNLOAD-1281x2048.jpg 1281w, https:\/\/www.polymerpacker.de\/wp-content\/uploads\/2020\/08\/PDF-DOWNLOAD-scaled.jpg 1601w\" sizes=\"(max-width: 250px) 100vw, 250px\" \/><\/a><\/p>","protected":false},"excerpt":{"rendered":"<h3><strong>Pakowarka iniekcyjna SPS12100 do otwor\u00f3w o \u015brednicy 12 mm<\/strong><\/h3>\n<p><strong><b>Stalowy paker \u015brubowy z rozszerzonym zakresem mocowania<\/b>, d\u0142ugo\u015b\u0107 100 mm. <\/strong>Gumowa tuleja <strong>40 mm<\/strong> z pod\u0142u\u017cnymi rowkami zapobiegaj\u0105cymi obracaniu si\u0119 podczas zaciskania pakera w wierconym otworze.<span style=\"color: #00ccff;\"> <strong>Nakr\u0119tka mocuj\u0105ca z sze\u015bciok\u0105tem 8 mm.<\/strong><\/span><\/p>\n<h4>Po\u0142\u0105czenie: <strong>Stalowy nypel sto\u017ckowy DIN 71412<\/strong> z zaworem zwrotnym Ci\u015bnienie otwarcia ok. <strong>10 bar<\/strong>.<\/h4>","protected":false},"featured_media":3432,"template":"","meta":[],"product_brand":[],"product_cat":[42,84],"product_tag":[129,198,97],"class_list":{"0":"post-1068","1":"product","2":"type-product","3":"status-publish","4":"has-post-thumbnail","6":"product_cat-injektion-packer-pumpen","7":"product_cat-injektionspacker-12-mm","8":"product_tag-injektionspacker-fuer-harz","9":"product_tag-injektionspacker-mit-kegelnippel","10":"product_tag-injektionspacker-fuer-bohrung-12-mm","12":"first","13":"instock","14":"taxable","15":"shipping-taxable","16":"purchasable","17":"product-type-simple"},"tiered_pricing_type":"percentage","tiered_pricing_fixed_rules":[],"tiered_pricing_product_settings":{"layout":"default","base_unit_name":{"singular":null,"plural":null},"default_variation":null},"tiered_pricing_minimum_quantity":10,"tiered_pricing_roles_data":[],"tiered_pricing_percentage_rules":{"100":5,"1000":10},"tiered_pricing_maximum_quantity":null,"tiered_pricing_quantity_step":null,"_links":{"self":[{"href":"https:\/\/www.polymerpacker.de\/pl\/wp-json\/wp\/v2\/product\/1068","targetHints":{"allow":["GET"]}}],"collection":[{"href":"https:\/\/www.polymerpacker.de\/pl\/wp-json\/wp\/v2\/product"}],"about":[{"href":"https:\/\/www.polymerpacker.de\/pl\/wp-json\/wp\/v2\/types\/product"}],"wp:featuredmedia":[{"embeddable":true,"href":"https:\/\/www.polymerpacker.de\/pl\/wp-json\/wp\/v2\/media\/3432"}],"wp:attachment":[{"href":"https:\/\/www.polymerpacker.de\/pl\/wp-json\/wp\/v2\/media?parent=1068"}],"wp:term":[{"taxonomy":"product_brand","embeddable":true,"href":"https:\/\/www.polymerpacker.de\/pl\/wp-json\/wp\/v2\/product_brand?post=1068"},{"taxonomy":"product_cat","embeddable":true,"href":"https:\/\/www.polymerpacker.de\/pl\/wp-json\/wp\/v2\/product_cat?post=1068"},{"taxonomy":"product_tag","embeddable":true,"href":"https:\/\/www.polymerpacker.de\/pl\/wp-json\/wp\/v2\/product_tag?post=1068"}],"curies":[{"name":"wp","href":"https:\/\/api.w.org\/{rel}","templated":true}]}}