{"id":446,"date":"2019-04-16T18:39:35","date_gmt":"2019-04-16T18:39:35","guid":{"rendered":"http:\/\/b38jwy.myraidbox.de\/?page_id=446"},"modified":"2025-05-07T11:02:31","modified_gmt":"2025-05-07T09:02:31","slug":"o-nas","status":"publish","type":"page","link":"https:\/\/www.polymerpacker.de\/pl\/ueber-uns\/","title":{"rendered":"O nas"},"content":{"rendered":"<h3 class=\"wp-block-heading\" id=\"h-uber-uns\"><\/h3>\n\n\n\n<p><strong>Od 1993 r.<\/strong> W naszym zak\u0142adzie w centrum Niemiec opracowujemy i produkujemy narz\u0119dzia i sprz\u0119t wtryskowy do renowacji budynk\u00f3w. Nasze produkty od dziesi\u0119cioleci sprawdzaj\u0105 si\u0119 miliony razy na ca\u0142ym \u015bwiecie. <\/p>\n\n\n\n<p>Nasza sprzeda\u017c bezpo\u015brednia umo\u017cliwia<strong> Klient<\/strong> bezpo\u015bredni kontakt z producentem, kt\u00f3ry chcieliby\u015bmy wykorzysta\u0107, aby m\u00f3c zaoferowa\u0107 wi\u0119cej jako klient i u\u017cytkownik naszych produkt\u00f3w. Wi\u0119cej jako\u015bci, wi\u0119cej wydajno\u015bci, wi\u0119cej innowacji, wi\u0119cej us\u0142ug, wi\u0119cej korzy\u015bci cenowych. <\/p>\n\n\n\n<p class=\"has-medium-font-size\"><strong>Polymerpacker - poniewa\u017c dobra praca zaczyna si\u0119 od dobrych narz\u0119dzi.<\/strong><\/p>\n\n\n\n<h3 class=\"wp-block-heading\" id=\"h-unsere-qualitatsgarantie-an-sie\">Nasza gwarancja jako\u015bci<\/h3>\n\n\n\n<p>Nasza produkcja jest certyfikowana zgodnie z norm\u0105 DIN EN ISO 9001:2015 (T\u00dcV Hessen, certyfikat - numer rejestracyjny: 73 100 5871).<br>Projekt techniczny i testy bezpiecze\u0144stwa naszych tarcz szlifierskich z ziarnem w\u0119glikowym do szlifierek k\u0105towych opieraj\u0105 si\u0119 na normie DIN EN 13236:2010.<br>Zewn\u0119trzne testy bezpiecze\u0144stwa zosta\u0142y przeprowadzone przez MPA Hannover. (MPA - Certyfikaty Z-13760\/15, Z-13760-1\/16, Z-13761-1\/16, Z-13762-1\/16, Z-13763-1\/16)<\/p>\n\n\n\n<figure class=\"wp-block-image size-large is-resized\"><img fetchpriority=\"high\" decoding=\"async\" width=\"956\" height=\"800\" src=\"http:\/\/b38jwy.myraidbox.de\/wp-content\/uploads\/2020\/04\/T\u00dcV_WZ180401-956x800.jpg\" alt=\"\" class=\"wp-image-1015\" style=\"width:243px;height:203px\" srcset=\"https:\/\/www.polymerpacker.de\/wp-content\/uploads\/2020\/04\/T\u00dcV_WZ180401-956x800.jpg 956w, https:\/\/www.polymerpacker.de\/wp-content\/uploads\/2020\/04\/T\u00dcV_WZ180401-200x167.jpg 200w, https:\/\/www.polymerpacker.de\/wp-content\/uploads\/2020\/04\/T\u00dcV_WZ180401-150x125.jpg 150w, https:\/\/www.polymerpacker.de\/wp-content\/uploads\/2020\/04\/T\u00dcV_WZ180401-400x335.jpg 400w, https:\/\/www.polymerpacker.de\/wp-content\/uploads\/2020\/04\/T\u00dcV_WZ180401-478x400.jpg 478w, https:\/\/www.polymerpacker.de\/wp-content\/uploads\/2020\/04\/T\u00dcV_WZ180401-768x642.jpg 768w, https:\/\/www.polymerpacker.de\/wp-content\/uploads\/2020\/04\/T\u00dcV_WZ180401.jpg 1181w\" sizes=\"(max-width: 956px) 100vw, 956px\" \/><\/figure>\n\n\n\n<p><strong>Polymerpacker GmbH &amp; Co. KG<\/strong><br>Am Fuldaer Kreuz 9<br>DE 97786 Motten <br>Telefon +49 9748 863 99 20<br>E-mail: info@polymerpacker.de<\/p>","protected":false},"excerpt":{"rendered":"<p>Seit 1993 besch\u00e4ftigen wir uns an unserem Standort mitten in Deutschland mit der Entwicklung und der Herstellung von Werkzeugen und Injektionsausr\u00fcstung f\u00fcr die Bausanierung. Unsere Produkte haben sich \u00fcber Jahrzehnte millionenfach im weltweiten Einsatz bew\u00e4hrt. Unser Direktvertrieb erm\u00f6glicht Ihnen als Kunde den direkten Kontakt zum Hersteller, den wir nutzen m\u00f6chten, um Ihnen als Kunde und [&hellip;]<\/p>\n","protected":false},"author":1,"featured_media":0,"parent":0,"menu_order":0,"comment_status":"closed","ping_status":"closed","template":"","meta":{"footnotes":""},"class_list":["post-446","page","type-page","status-publish","hentry"],"_links":{"self":[{"href":"https:\/\/www.polymerpacker.de\/pl\/wp-json\/wp\/v2\/pages\/446","targetHints":{"allow":["GET"]}}],"collection":[{"href":"https:\/\/www.polymerpacker.de\/pl\/wp-json\/wp\/v2\/pages"}],"about":[{"href":"https:\/\/www.polymerpacker.de\/pl\/wp-json\/wp\/v2\/types\/page"}],"author":[{"embeddable":true,"href":"https:\/\/www.polymerpacker.de\/pl\/wp-json\/wp\/v2\/users\/1"}],"replies":[{"embeddable":true,"href":"https:\/\/www.polymerpacker.de\/pl\/wp-json\/wp\/v2\/comments?post=446"}],"version-history":[{"count":2,"href":"https:\/\/www.polymerpacker.de\/pl\/wp-json\/wp\/v2\/pages\/446\/revisions"}],"predecessor-version":[{"id":4640,"href":"https:\/\/www.polymerpacker.de\/pl\/wp-json\/wp\/v2\/pages\/446\/revisions\/4640"}],"wp:attachment":[{"href":"https:\/\/www.polymerpacker.de\/pl\/wp-json\/wp\/v2\/media?parent=446"}],"curies":[{"name":"wp","href":"https:\/\/api.w.org\/{rel}","templated":true}]}}