{"id":291,"date":"2019-04-16T08:45:56","date_gmt":"2019-04-16T08:45:56","guid":{"rendered":"http:\/\/b38jwy.myraidbox.de\/?page_id=291"},"modified":"2022-08-24T15:33:23","modified_gmt":"2022-08-24T13:33:23","slug":"odcisk","status":"publish","type":"page","link":"https:\/\/www.polymerpacker.de\/pl\/impressum\/","title":{"rendered":"Nadruk"},"content":{"rendered":"<h3 class=\"wp-block-heading\" id=\"h-polymerpacker-werkzeuge-fur-die-bausanierung\">Polymerpacker - Narz\u0119dzia do renowacji budynk\u00f3w<\/h3>\n\n\n\n<p><strong>Polymerpacker GmbH &amp; Co. KG<\/strong><br>Am Fuldaer Kreuz 9<br>DE 97786 Motten<br>Telefon +49 9748 863 99 20<br><a href=\"mailto:rmoeller@polymerpacker.de\">info@polymerpacker.de<\/a><\/p>\n\n\n\n<p>Osobi\u015bcie odpowiedzialny partner: Polymerpacker Beteiligungs GmbH<\/p>\n\n\n\n<p>S\u0105d rejestrowy: Schweinfurt HRA 9867 HRB 7602<\/p>\n\n\n\n<p>Dyrektor zarz\u0105dzaj\u0105cy: R\u00fcdiger M\u00f6ller (CEO)<\/p>\n\n\n\n<p>IDENTYFIKATOR VAT: DE 313477910<\/p>\n\n\n\n<p>Odpowiedzialny zgodnie z \u00a7 5 TMG i odpowiedzialny zgodnie z \u00a7 55 Abs. 2 RStV: R\u00fcdiger M\u00f6ller. &nbsp; <a href=\"https:\/\/www.polymerpacker.de\/pl\/\">www.polymerpacker.de<\/a><\/p>\n\n\n\n<p><strong>Zastrze\u017cenie:<\/strong><br>Prawa autorskie<br>Wszystkie artyku\u0142y i ilustracje opublikowane na tej stronie s\u0105 chronione prawem autorskim. Jakiekolwiek wykorzystanie wymaga uprzedniej zgody, w szczeg\u00f3lno\u015bci powielanie, edytowanie, przetwarzanie, przechowywanie, t\u0142umaczenie lub reprodukcja baz danych lub innych medi\u00f3w i system\u00f3w elektronicznych.<br>Fotokopie i pliki do pobrania mog\u0105 by\u0107 wykonywane wy\u0142\u0105cznie do u\u017cytku osobistego, prywatnego i niekomercyjnego.<\/p>\n\n\n\n<p><strong>e-mail:<\/strong><br>Komunikacja za po\u015brednictwem poczty elektronicznej mo\u017ce zawiera\u0107 luki w zabezpieczeniach. Je\u015bli u\u017cytkownik komunikuje si\u0119 z nami za po\u015brednictwem poczty elektronicznej, zak\u0142adamy, \u017ce mo\u017cemy r\u00f3wnie\u017c odpowiedzie\u0107 mu poczt\u0105 elektroniczn\u0105. Je\u015bli u\u017cytkownik sobie tego nie \u017cyczy, musi nas o tym poinformowa\u0107.<\/p>\n\n\n\n<p><strong>Linki zewn\u0119trzne:<\/strong><br>Tre\u015b\u0107 zewn\u0119trznych stron internetowych, do kt\u00f3rych odwo\u0142ujemy si\u0119 bezpo\u015brednio lub po\u015brednio na naszej stronie internetowej (poprzez \u201ehiper\u0142\u0105cza\u201c lub \u201eg\u0142\u0119bokie linki\u201c), znajduje si\u0119 poza naszym obszarem odpowiedzialno\u015bci i nie przyjmujemy jej jako w\u0142asnej. Mo\u017cemy jednak o\u015bwiadczy\u0107, \u017ce w momencie tworzenia link\u00f3w na stronach, do kt\u00f3rych one prowadz\u0105, nie by\u0142o \u017cadnych nielegalnych tre\u015bci. Nie mamy \u017cadnego wp\u0142ywu na obecny i przysz\u0142y wygl\u0105d, tre\u015b\u0107 lub autorstwo stron, do kt\u00f3rych prowadz\u0105 linki. W zwi\u0105zku z tym wyra\u017anie dystansujemy si\u0119 od wszelkich tre\u015bci na wszystkich powi\u0105zanych stronach, kt\u00f3re zosta\u0142y zmienione po utworzeniu linku. O\u015bwiadczenie to dotyczy wszystkich link\u00f3w i odno\u015bnik\u00f3w umieszczonych na naszej stronie internetowej. Wy\u0142\u0105czn\u0105 odpowiedzialno\u015b\u0107 za nielegalne, nieprawid\u0142owe lub niekompletne tre\u015bci, a w szczeg\u00f3lno\u015bci za szkody wynikaj\u0105ce z korzystania z informacji dost\u0119pnych na stronach, do kt\u00f3rych prowadz\u0105 linki, ponosi dostawca tych stron. Je\u015bli dowiemy si\u0119 o nielegalnych, niezgodnych z prawem lub nieprawid\u0142owych tre\u015bciach na stronach, do kt\u00f3rych prowadz\u0105 linki, usuniemy taki link.<\/p>\n\n\n\n<p><strong>Ochrona danych:<\/strong><\/p>\n\n\n\n<p><a href=\"\/pl\/ochrona-danych\/\">Kliknij tutaj, aby uzyska\u0107 informacje na temat ochrony danych.<\/a><\/p>\n\n\n<div class=\"woocommerce woocommerce-gzd woocommerce-gzd-complaints-shortcode\">\n\t\t\t<h3>Alternatywne metody rozwi\u0105zywania spor\u00f3w zgodnie z art. 14 (1) ODR-VO i \u00a7 36 VSBG:<\/h3>\n\t\nNie jeste\u015bmy zobowi\u0105zani ani ch\u0119tni do udzia\u0142u w post\u0119powaniu rozstrzygaj\u0105cym spory przed komisj\u0105 arbitra\u017cow\u0105 ds. konsument\u00f3w.<\/div>\n\n\n<p><\/p>","protected":false},"excerpt":{"rendered":"<p>Polymerpacker &#8211;&nbsp;Werkzeuge f\u00fcr die Bausanierung Polymerpacker GmbH &amp; Co. KGAm Fuldaer Kreuz 9DE 97786 MottenTel. +49 9748 863 99 20info@polymerpacker.de Pers\u00f6nlich haftende Gesellschafterin: Polymerpacker Beteiligungs GmbH Registriergericht: Schweinfurt&nbsp; HRA 9867&nbsp; HRB 7602 Gesch\u00e4ftsf\u00fchrer: R\u00fcdiger M\u00f6ller (CEO) Ust.ID: DE 313477910 Verantwortlicher nach \u00a75 TMG und Verantwortlicher i.S.d. \u00a7 55 Abs. 2 RStV:&nbsp; R\u00fcdiger M\u00f6ller. &nbsp; www.polymerpacker.de [&hellip;]<\/p>\n","protected":false},"author":1,"featured_media":0,"parent":0,"menu_order":0,"comment_status":"closed","ping_status":"closed","template":"","meta":{"footnotes":""},"class_list":["post-291","page","type-page","status-publish","hentry"],"_links":{"self":[{"href":"https:\/\/www.polymerpacker.de\/pl\/wp-json\/wp\/v2\/pages\/291","targetHints":{"allow":["GET"]}}],"collection":[{"href":"https:\/\/www.polymerpacker.de\/pl\/wp-json\/wp\/v2\/pages"}],"about":[{"href":"https:\/\/www.polymerpacker.de\/pl\/wp-json\/wp\/v2\/types\/page"}],"author":[{"embeddable":true,"href":"https:\/\/www.polymerpacker.de\/pl\/wp-json\/wp\/v2\/users\/1"}],"replies":[{"embeddable":true,"href":"https:\/\/www.polymerpacker.de\/pl\/wp-json\/wp\/v2\/comments?post=291"}],"version-history":[{"count":0,"href":"https:\/\/www.polymerpacker.de\/pl\/wp-json\/wp\/v2\/pages\/291\/revisions"}],"wp:attachment":[{"href":"https:\/\/www.polymerpacker.de\/pl\/wp-json\/wp\/v2\/media?parent=291"}],"curies":[{"name":"wp","href":"https:\/\/api.w.org\/{rel}","templated":true}]}}