{"id":2521,"date":"2022-08-16T16:15:04","date_gmt":"2022-08-16T14:15:04","guid":{"rendered":"https:\/\/www.polymerpacker.de\/?page_id=2521"},"modified":"2023-05-12T11:57:48","modified_gmt":"2023-05-12T09:57:48","slug":"platnosc-za-wysylke","status":"publish","type":"page","link":"https:\/\/www.polymerpacker.de\/pl\/versand-zahlung\/","title":{"rendered":"Wysy\u0142ka - P\u0142atno\u015b\u0107 - Zwroty"},"content":{"rendered":"<h3 class=\"wp-block-heading\"><\/h3>\n\n\n\n<p>Szanowny kliencie,<\/p>\n\n\n\n<p>Zam\u00f3wienia mo\u017cna sk\u0142ada\u0107 w naszym sklepie internetowym pod adresem<strong> \u201eWymeldowanie\u201c<\/strong> wprowadzaj\u0105c adres dostawy <strong>(Kraj)<\/strong> mog\u0105 by\u0107 dostarczane do wszystkich kraj\u00f3w UE.<\/p>\n\n\n\n<p>Austria, Belgia, Bu\u0142garia, Chorwacja, Cypr, Czechy, Dania, Estonia, Finlandia, Francja, Niemcy, Grecja, W\u0119gry, Irlandia, W\u0142ochy, \u0141otwa, Litwa, Luksemburg, Malta, Holandia, Polska, Rumunia, S\u0142owacja, S\u0142owenia, Hiszpania, Szwecja.<\/p>\n\n\n\n<p>Je\u015bli potrzebujesz dostawy do kraju spoza UE, skontaktuj si\u0119 z nami.<\/p>\n\n\n\n<h3 class=\"wp-block-heading\">Wysy\u0142ka<\/h3>\n\n\n\n<p>Wysy\u0142amy wy\u0142\u0105cznie za po\u015brednictwem UPS (United Parcel Service).<\/p>\n\n\n\n<p><strong>Aby zapewni\u0107 jak najsprawniejsz\u0105 dostaw\u0119 zam\u00f3wienia, prosimy o podanie podczas sk\u0142adania zam\u00f3wienia numeru telefonu, pod kt\u00f3rym kierowca UPS b\u0119dzie m\u00f3g\u0142 skontaktowa\u0107 si\u0119 z Tob\u0105 w przypadku problem\u00f3w z dostaw\u0105.<\/strong><\/p>\n\n\n\n<h3 class=\"wp-block-heading\">Koszty wysy\u0142ki<\/h3>\n\n\n\n<p>Jako koszty wysy\u0142ki naliczamy wy\u0142\u0105cznie koszty frachtu zafakturowane nam przez dostawc\u0119 us\u0142ug kurierskich (UPS). W przypadku ka\u017cdego zam\u00f3wienia koszty wysy\u0142ki dla kraju dostawy okre\u015blonego przez u\u017cytkownika s\u0105 obliczane automatycznie.<\/p>\n\n\n\n<h3 class=\"wp-block-heading\">Podatek od warto\u015bci dodanej<\/h3>\n\n\n\n<p>W przypadku ka\u017cdego zam\u00f3wienia automatycznie obliczany jest ustawowy podatek od warto\u015bci dodanej obowi\u0105zuj\u0105cy we wskazanym przez u\u017cytkownika kraju dostawy, zgodnie z przepisami UE.<\/p>\n\n\n\n<h4 class=\"wp-block-heading\">Aby uzyska\u0107 dostaw\u0119 eksportow\u0105 bez podatku VAT, nale\u017cy poda\u0107 sw\u00f3j numer identyfikacyjny VAT przy wymeldowaniu.<\/h4>\n\n\n\n<h3 class=\"wp-block-heading\">Czas dostawy<\/h3>\n\n\n\n<p>Wszystkie zam\u00f3wienia s\u0105 przetwarzane przez nas w ci\u0105gu jednego do dw\u00f3ch dni roboczych i przekazywane dostawcy us\u0142ug spedycyjnych (UPS).<\/p>\n\n\n\n<p>Gdy tylko przeka\u017cemy przesy\u0142k\u0119 dostawcy us\u0142ug spedycyjnych (UPS), otrzymasz od nas wiadomo\u015b\u0107 e-mail z nast\u0119puj\u0105cymi informacjami <strong>Numer monitorowania UPS.<\/strong><\/p>\n\n\n\n<p><strong>Je\u015bli chcesz \u015bledzi\u0107 post\u0119p przesy\u0142ki, kliknij \u0142\u0105cze w wiadomo\u015bci e-mail do strony internetowej UPS i wprowad\u017a numer przesy\u0142ki.<\/strong><\/p>\n\n\n\n<p><\/p>\n\n\n\n<h3 class=\"wp-block-heading\">Opcje p\u0142atno\u015bci<\/h3>\n\n\n\n<p>Dost\u0119pne s\u0105 nast\u0119puj\u0105ce opcje p\u0142atno\u015bci<\/p>\n\n\n\n<p><strong>Przedp\u0142ata przelewem bankowym<\/strong><\/p>\n\n\n\n<p><strong>P\u0142atno\u015b\u0107 przez PayPal<\/strong><br><br><strong>Przez Stripe<\/strong><br>P\u0142atno\u015b\u0107 kart\u0105 kredytow\u0105<br>P\u0142atno\u015b\u0107 przez Google Pay<\/p>\n\n\n\n<h3 class=\"wp-block-heading\">Zwroty (zwrot towar\u00f3w)<\/h3>\n\n\n\n<p>Je\u015bli chcesz zwr\u00f3ci\u0107 dostarczone przez nas towary, ode\u015blij je do nas op\u0142aconym transportem. Do zwrotu nale\u017cy do\u0142\u0105czy\u0107 kopi\u0119 dowodu dostawy z adnotacj\u0105 \u201eZwrot\u201c. Po otrzymaniu towar\u00f3w zwr\u00f3cimy cen\u0119 zakupu tak szybko, jak to mo\u017cliwe. Nale\u017cy pami\u0119ta\u0107, \u017ce przyjmujemy wy\u0142\u0105cznie zwroty nieu\u017cywanych towar\u00f3w w oryginalnym opakowaniu.<\/p>\n\n\n\n<p><strong>Dzi\u0119kujemy za zainteresowanie naszymi produktami<\/strong><\/p>\n\n\n\n<p><strong>Polymerpacker GmbH &amp; Co. KG<\/strong><br>Am Fuldaer Kreuz 9<br>DE 97786 Motten<br>Telefon +49 9748 863 99 20<br><a href=\"mailto:rmoeller@polymerpacker.de\">info@polymerpacker.de<\/a><\/p>","protected":false},"excerpt":{"rendered":"<p>Sehr geehrter Kunde, Ihre Bestellung in unserem Webshop k\u00f6nnen Sie beim \u201eCheck-out\u201c durch Eingabe der Lieferadresse (Land) in alle EU-L\u00e4nder ausliefern lassen. Belgien, Bulgarien, D\u00e4nemark, Deutschland, Estland, Finnland, Frankreich, Griechenland, Irland, Italien, Kroatien, Lettland, Litauen, Luxemburg, Malta, Niederlande, \u00d6sterreich, Polen, Rum\u00e4nien, Schweden, Slowakei, Slowenien, Spanien, Tschechien, Ungarn, Zypern. Wenn Sie eine Lieferung in ein nicht [&hellip;]<\/p>\n","protected":false},"author":1,"featured_media":0,"parent":0,"menu_order":0,"comment_status":"closed","ping_status":"closed","template":"","meta":{"footnotes":""},"class_list":["post-2521","page","type-page","status-publish","hentry"],"_links":{"self":[{"href":"https:\/\/www.polymerpacker.de\/pl\/wp-json\/wp\/v2\/pages\/2521","targetHints":{"allow":["GET"]}}],"collection":[{"href":"https:\/\/www.polymerpacker.de\/pl\/wp-json\/wp\/v2\/pages"}],"about":[{"href":"https:\/\/www.polymerpacker.de\/pl\/wp-json\/wp\/v2\/types\/page"}],"author":[{"embeddable":true,"href":"https:\/\/www.polymerpacker.de\/pl\/wp-json\/wp\/v2\/users\/1"}],"replies":[{"embeddable":true,"href":"https:\/\/www.polymerpacker.de\/pl\/wp-json\/wp\/v2\/comments?post=2521"}],"version-history":[{"count":0,"href":"https:\/\/www.polymerpacker.de\/pl\/wp-json\/wp\/v2\/pages\/2521\/revisions"}],"wp:attachment":[{"href":"https:\/\/www.polymerpacker.de\/pl\/wp-json\/wp\/v2\/media?parent=2521"}],"curies":[{"name":"wp","href":"https:\/\/api.w.org\/{rel}","templated":true}]}}