{"id":446,"date":"2019-04-16T18:39:35","date_gmt":"2019-04-16T18:39:35","guid":{"rendered":"http:\/\/b38jwy.myraidbox.de\/?page_id=446"},"modified":"2025-05-07T11:02:31","modified_gmt":"2025-05-07T09:02:31","slug":"over-ons","status":"publish","type":"page","link":"https:\/\/www.polymerpacker.de\/nl\/ueber-uns\/","title":{"rendered":"Over ons"},"content":{"rendered":"<h3 class=\"wp-block-heading\" id=\"h-uber-uns\"><\/h3>\n\n\n\n<p><strong>Sinds 1993<\/strong> ontwikkelen en produceren we gereedschappen en injectieapparatuur voor de renovatie van gebouwen in onze vestiging in het centrum van Duitsland. Onze producten hebben zich al tientallen jaren miljoenen keren bewezen in wereldwijd gebruik. <\/p>\n\n\n\n<p>Onze directe verkoop stelt jou als<strong> Klant<\/strong> direct contact met de fabrikant, dat we graag willen benutten om u als klant en gebruiker van onze producten meer te kunnen bieden. Meer kwaliteit, meer productiviteit, meer innovatie, meer service, meer prijsvoordelen. <\/p>\n\n\n\n<p class=\"has-medium-font-size\"><strong>Polymerpacker - omdat goed werk begint met goed gereedschap.<\/strong><\/p>\n\n\n\n<h3 class=\"wp-block-heading\" id=\"h-unsere-qualitatsgarantie-an-sie\">Onze kwaliteitsgarantie voor jou<\/h3>\n\n\n\n<p>Onze productie is gecertificeerd volgens DIN EN ISO 9001:2015 (T\u00dcV Hessen, certificaat - registratienummer: 73 100 5871).<br>Het technische ontwerp en de veiligheidstests van onze hardmetalen slijpschijven voor haakse slijpmachines zijn gebaseerd op DIN EN 13236:2010.<br>De externe veiligheidstests werden uitgevoerd door MPA Hannover. (MPA - Certificaten Z-13760\/15, Z-13760-1\/16, Z-13761-1\/16, Z-13762-1\/16, Z-13763-1\/16)<\/p>\n\n\n\n<figure class=\"wp-block-image size-large is-resized\"><img fetchpriority=\"high\" decoding=\"async\" width=\"956\" height=\"800\" src=\"http:\/\/b38jwy.myraidbox.de\/wp-content\/uploads\/2020\/04\/T\u00dcV_WZ180401-956x800.jpg\" alt=\"\" class=\"wp-image-1015\" style=\"width:243px;height:203px\" srcset=\"https:\/\/www.polymerpacker.de\/wp-content\/uploads\/2020\/04\/T\u00dcV_WZ180401-956x800.jpg 956w, https:\/\/www.polymerpacker.de\/wp-content\/uploads\/2020\/04\/T\u00dcV_WZ180401-200x167.jpg 200w, https:\/\/www.polymerpacker.de\/wp-content\/uploads\/2020\/04\/T\u00dcV_WZ180401-150x125.jpg 150w, https:\/\/www.polymerpacker.de\/wp-content\/uploads\/2020\/04\/T\u00dcV_WZ180401-400x335.jpg 400w, https:\/\/www.polymerpacker.de\/wp-content\/uploads\/2020\/04\/T\u00dcV_WZ180401-478x400.jpg 478w, https:\/\/www.polymerpacker.de\/wp-content\/uploads\/2020\/04\/T\u00dcV_WZ180401-768x642.jpg 768w, https:\/\/www.polymerpacker.de\/wp-content\/uploads\/2020\/04\/T\u00dcV_WZ180401.jpg 1181w\" sizes=\"(max-width: 956px) 100vw, 956px\" \/><\/figure>\n\n\n\n<p><strong>Polymerpacker GmbH &amp; Co. KG<\/strong><br>Am Fuldaer Kreuz 9<br>DE 97786 Motten <br>Telefoon +49 9748 863 99 20<br>E-mail: info@polymerpacker.de<\/p>","protected":false},"excerpt":{"rendered":"<p>Seit 1993 besch\u00e4ftigen wir uns an unserem Standort mitten in Deutschland mit der Entwicklung und der Herstellung von Werkzeugen und Injektionsausr\u00fcstung f\u00fcr die Bausanierung. Unsere Produkte haben sich \u00fcber Jahrzehnte millionenfach im weltweiten Einsatz bew\u00e4hrt. Unser Direktvertrieb erm\u00f6glicht Ihnen als Kunde den direkten Kontakt zum Hersteller, den wir nutzen m\u00f6chten, um Ihnen als Kunde und [&hellip;]<\/p>\n","protected":false},"author":1,"featured_media":0,"parent":0,"menu_order":0,"comment_status":"closed","ping_status":"closed","template":"","meta":{"footnotes":""},"class_list":["post-446","page","type-page","status-publish","hentry"],"_links":{"self":[{"href":"https:\/\/www.polymerpacker.de\/nl\/wp-json\/wp\/v2\/pages\/446","targetHints":{"allow":["GET"]}}],"collection":[{"href":"https:\/\/www.polymerpacker.de\/nl\/wp-json\/wp\/v2\/pages"}],"about":[{"href":"https:\/\/www.polymerpacker.de\/nl\/wp-json\/wp\/v2\/types\/page"}],"author":[{"embeddable":true,"href":"https:\/\/www.polymerpacker.de\/nl\/wp-json\/wp\/v2\/users\/1"}],"replies":[{"embeddable":true,"href":"https:\/\/www.polymerpacker.de\/nl\/wp-json\/wp\/v2\/comments?post=446"}],"version-history":[{"count":2,"href":"https:\/\/www.polymerpacker.de\/nl\/wp-json\/wp\/v2\/pages\/446\/revisions"}],"predecessor-version":[{"id":4640,"href":"https:\/\/www.polymerpacker.de\/nl\/wp-json\/wp\/v2\/pages\/446\/revisions\/4640"}],"wp:attachment":[{"href":"https:\/\/www.polymerpacker.de\/nl\/wp-json\/wp\/v2\/media?parent=446"}],"curies":[{"name":"wp","href":"https:\/\/api.w.org\/{rel}","templated":true}]}}