{"id":291,"date":"2019-04-16T08:45:56","date_gmt":"2019-04-16T08:45:56","guid":{"rendered":"http:\/\/b38jwy.myraidbox.de\/?page_id=291"},"modified":"2022-08-24T15:33:23","modified_gmt":"2022-08-24T13:33:23","slug":"opdruk","status":"publish","type":"page","link":"https:\/\/www.polymerpacker.de\/nl\/impressum\/","title":{"rendered":"Afdruk"},"content":{"rendered":"<h3 class=\"wp-block-heading\" id=\"h-polymerpacker-werkzeuge-fur-die-bausanierung\">Polymerpacker - Gereedschap voor renovatie van gebouwen<\/h3>\n\n\n\n<p><strong>Polymerpacker GmbH &amp; Co. KG<\/strong><br>Am Fuldaer Kreuz 9<br>DE 97786 Motten<br>Telefoon +49 9748 863 99 20<br><a href=\"mailto:rmoeller@polymerpacker.de\">info@polymerpacker.de<\/a><\/p>\n\n\n\n<p>Persoonlijk aansprakelijke partner: Polymerpacker Beteiligungs GmbH<\/p>\n\n\n\n<p>Registratiekantoor: Schweinfurt HRA 9867 HRB 7602<\/p>\n\n\n\n<p>Algemeen directeur: R\u00fcdiger M\u00f6ller (CEO)<\/p>\n\n\n\n<p>BTW-NUMMER: DE 313477910<\/p>\n\n\n\n<p>Verantwoordelijk volgens \u00a7 5 TMG en verantwoordelijk volgens \u00a7 55 Abs. 2 RStV: R\u00fcdiger M\u00f6ller. &nbsp; <a href=\"https:\/\/www.polymerpacker.de\/nl\/\">www.polymerpacker.de<\/a><\/p>\n\n\n\n<p><strong>Disclaimer:<\/strong><br>Copyright<br>Alle op deze website gepubliceerde artikelen en illustraties zijn auteursrechtelijk beschermd. Voor elk gebruik is voorafgaande toestemming vereist, in het bijzonder voor het dupliceren, bewerken, verwerken, opslaan, vertalen of reproduceren van databases of andere elektronische media en systemen.<br>Fotokopie\u00ebn en downloads mogen alleen worden gemaakt voor persoonlijk, priv\u00e9- en niet-commercieel gebruik.<\/p>\n\n\n\n<p><strong>e-mail:<\/strong><br>Communicatie via e-mail kan gaten in de beveiliging vertonen. Als u per e-mail met ons communiceert, gaan wij ervan uit dat wij u ook per e-mail kunnen antwoorden. Als u niet wilt dat wij dat doen, moet u ons dat laten weten.<\/p>\n\n\n\n<p><strong>Externe links:<\/strong><br>De inhoud van externe websites waarnaar wij op onze website direct of indirect verwijzen (via \u201ehyperlinks\u201c of \u201edeep links\u201c) valt buiten onze verantwoordelijkheid en nemen wij niet over als onze eigen inhoud. We kunnen echter verklaren dat er geen illegale inhoud herkenbaar was op de gelinkte websites op het moment dat de links werden gemaakt. Wij hebben geen enkele invloed op de huidige en toekomstige vormgeving, de inhoud of het auteurschap van de gelinkte websites. We distanti\u00ebren ons daarom uitdrukkelijk van alle inhoud op alle gelinkte websites die werd gewijzigd nadat de link werd gemaakt. Deze verklaring geldt voor alle links en verwijzingen op onze eigen homepage. Voor illegale, foutieve of onvolledige inhoud en in het bijzonder voor schade die voortvloeit uit het gebruik van de beschikbare informatie op de gelinkte websites, is uitsluitend de aanbieder van de gelinkte website aansprakelijk. Als we kennis nemen van illegale, onrechtmatige of onjuiste inhoud op websites waarnaar we linken, zullen we de link verwijderen.<\/p>\n\n\n\n<p><strong>Gegevensbescherming:<\/strong><\/p>\n\n\n\n<p><a href=\"\/nl\/gegevensbescherming\/\">Klik hier voor onze informatie over gegevensbescherming.<\/a><\/p>\n\n\n<div class=\"woocommerce woocommerce-gzd woocommerce-gzd-complaints-shortcode\">\n\t\t\t<h3>Alternatieve geschillenbeslechting in overeenstemming met Art. 14 (1) ODR-VO en \u00a7 36 VSBG:<\/h3>\n\t\nWe zijn niet verplicht of bereid om deel te nemen aan geschillenbeslechtingsprocedures voor een arbitragecommissie voor consumenten.<\/div>\n\n\n<p><\/p>","protected":false},"excerpt":{"rendered":"<p>Polymerpacker &#8211;&nbsp;Werkzeuge f\u00fcr die Bausanierung Polymerpacker GmbH &amp; Co. KGAm Fuldaer Kreuz 9DE 97786 MottenTel. +49 9748 863 99 20info@polymerpacker.de Pers\u00f6nlich haftende Gesellschafterin: Polymerpacker Beteiligungs GmbH Registriergericht: Schweinfurt&nbsp; HRA 9867&nbsp; HRB 7602 Gesch\u00e4ftsf\u00fchrer: R\u00fcdiger M\u00f6ller (CEO) Ust.ID: DE 313477910 Verantwortlicher nach \u00a75 TMG und Verantwortlicher i.S.d. \u00a7 55 Abs. 2 RStV:&nbsp; R\u00fcdiger M\u00f6ller. &nbsp; www.polymerpacker.de [&hellip;]<\/p>\n","protected":false},"author":1,"featured_media":0,"parent":0,"menu_order":0,"comment_status":"closed","ping_status":"closed","template":"","meta":{"footnotes":""},"class_list":["post-291","page","type-page","status-publish","hentry"],"_links":{"self":[{"href":"https:\/\/www.polymerpacker.de\/nl\/wp-json\/wp\/v2\/pages\/291","targetHints":{"allow":["GET"]}}],"collection":[{"href":"https:\/\/www.polymerpacker.de\/nl\/wp-json\/wp\/v2\/pages"}],"about":[{"href":"https:\/\/www.polymerpacker.de\/nl\/wp-json\/wp\/v2\/types\/page"}],"author":[{"embeddable":true,"href":"https:\/\/www.polymerpacker.de\/nl\/wp-json\/wp\/v2\/users\/1"}],"replies":[{"embeddable":true,"href":"https:\/\/www.polymerpacker.de\/nl\/wp-json\/wp\/v2\/comments?post=291"}],"version-history":[{"count":0,"href":"https:\/\/www.polymerpacker.de\/nl\/wp-json\/wp\/v2\/pages\/291\/revisions"}],"wp:attachment":[{"href":"https:\/\/www.polymerpacker.de\/nl\/wp-json\/wp\/v2\/media?parent=291"}],"curies":[{"name":"wp","href":"https:\/\/api.w.org\/{rel}","templated":true}]}}