{"id":2521,"date":"2022-08-16T16:15:04","date_gmt":"2022-08-16T14:15:04","guid":{"rendered":"https:\/\/www.polymerpacker.de\/?page_id=2521"},"modified":"2023-05-12T11:57:48","modified_gmt":"2023-05-12T09:57:48","slug":"betaling-verzending","status":"publish","type":"page","link":"https:\/\/www.polymerpacker.de\/nl\/versand-zahlung\/","title":{"rendered":"Verzending - Betaling - Retourneren"},"content":{"rendered":"<h3 class=\"wp-block-heading\"><\/h3>\n\n\n\n<p>Geachte klant,<\/p>\n\n\n\n<p>U kunt uw bestelling plaatsen in onze webshop op<strong> \u201eUitchecken\u201c.\u201c<\/strong> door het afleveradres in te voeren <strong>(Land)<\/strong> kan worden geleverd in alle EU-landen.<\/p>\n\n\n\n<p>Belgi\u00eb, Bulgarije, Cyprus, Denemarken, Duitsland, Estland, Finland, Frankrijk, Griekenland, Hongarije, Ierland, Itali\u00eb, Letland, Litouwen, Luxemburg, Malta, Nederland, Oostenrijk, Polen, Roemeni\u00eb, Sloveni\u00eb, Slowakije, Spanje, Tsjechi\u00eb, Zweden.<\/p>\n\n\n\n<p>Neem contact met ons op als je in een land buiten de EU wilt laten bezorgen.<\/p>\n\n\n\n<h3 class=\"wp-block-heading\">Verzending<\/h3>\n\n\n\n<p>We verzenden uitsluitend met UPS (United Parcel Service).<\/p>\n\n\n\n<p><strong>Om ervoor te zorgen dat je bestelling zo vlot mogelijk wordt geleverd, vragen we je om bij het uitchecken een telefoonnummer op te geven waarop de UPS pakketdienst je kan bereiken in geval van leveringsproblemen.<\/strong><\/p>\n\n\n\n<h3 class=\"wp-block-heading\">Verzendkosten<\/h3>\n\n\n\n<p>Wij brengen alleen de vrachtkosten in rekening die de pakketdienstverlener (UPS) ons als verzendkosten in rekening brengt. Voor elke bestelling worden automatisch de verzendkosten berekend voor het door jou opgegeven land van levering.<\/p>\n\n\n\n<h3 class=\"wp-block-heading\">Belasting toegevoegde waarde<\/h3>\n\n\n\n<p>Voor elke bestelling wordt automatisch de wettelijke btw van het door u opgegeven land van levering in rekening gebracht in overeenstemming met de EU-regelgeving.<\/p>\n\n\n\n<h4 class=\"wp-block-heading\">Voor een btw-vrije exportlevering voert u bij het afrekenen uw btw-identificatienummer in.<\/h4>\n\n\n\n<h3 class=\"wp-block-heading\">Levertijden<\/h3>\n\n\n\n<p>Alle bestellingen worden binnen \u00e9\u00e9n tot twee werkdagen door ons verwerkt en doorgegeven aan de verzenddienst (UPS).<\/p>\n\n\n\n<p>Zodra we je zending hebben overgedragen aan de verzenddienst (UPS), ontvang je van ons een e-mail met daarin <strong>Je UPS trackingnummer.<\/strong><\/p>\n\n\n\n<p><strong>Als u de voortgang van uw zending wilt volgen, klikt u op de link in de e-mail naar de UPS-website en voert u uw zendingsnummer in.<\/strong><\/p>\n\n\n\n<p><\/p>\n\n\n\n<h3 class=\"wp-block-heading\">Betaalmogelijkheden<\/h3>\n\n\n\n<p>Je kunt kiezen uit de volgende betalingsopties<\/p>\n\n\n\n<p><strong>Vooruitbetaling via bankoverschrijving<\/strong><\/p>\n\n\n\n<p><strong>Betaling via PayPal<\/strong><br><br><strong>Via Stripe<\/strong><br>Betaling met creditcard<br>Betaling via Google pay<\/p>\n\n\n\n<h3 class=\"wp-block-heading\">Retourzendingen (retourneren van goederen)<\/h3>\n\n\n\n<p>Als je door ons geleverde goederen wilt retourneren, stuur de goederen dan franco naar ons terug. Voeg een kopie van onze afleverbon bij uw retourzending met de vermelding \u201eRetourzending\u201c. Zodra we de goederen hebben ontvangen, betalen we het aankoopbedrag zo snel mogelijk terug. Houd er rekening mee dat we alleen ongebruikte goederen in de originele verpakking kunnen retourneren.<\/p>\n\n\n\n<p><strong>Bedankt voor uw interesse in onze producten<\/strong><\/p>\n\n\n\n<p><strong>Polymerpacker GmbH &amp; Co. KG<\/strong><br>Am Fuldaer Kreuz 9<br>DE 97786 Motten<br>Telefoon +49 9748 863 99 20<br><a href=\"mailto:rmoeller@polymerpacker.de\">info@polymerpacker.de<\/a><\/p>","protected":false},"excerpt":{"rendered":"<p>Sehr geehrter Kunde, Ihre Bestellung in unserem Webshop k\u00f6nnen Sie beim \u201eCheck-out\u201c durch Eingabe der Lieferadresse (Land) in alle EU-L\u00e4nder ausliefern lassen. Belgien, Bulgarien, D\u00e4nemark, Deutschland, Estland, Finnland, Frankreich, Griechenland, Irland, Italien, Kroatien, Lettland, Litauen, Luxemburg, Malta, Niederlande, \u00d6sterreich, Polen, Rum\u00e4nien, Schweden, Slowakei, Slowenien, Spanien, Tschechien, Ungarn, Zypern. Wenn Sie eine Lieferung in ein nicht [&hellip;]<\/p>\n","protected":false},"author":1,"featured_media":0,"parent":0,"menu_order":0,"comment_status":"closed","ping_status":"closed","template":"","meta":{"footnotes":""},"class_list":["post-2521","page","type-page","status-publish","hentry"],"_links":{"self":[{"href":"https:\/\/www.polymerpacker.de\/nl\/wp-json\/wp\/v2\/pages\/2521","targetHints":{"allow":["GET"]}}],"collection":[{"href":"https:\/\/www.polymerpacker.de\/nl\/wp-json\/wp\/v2\/pages"}],"about":[{"href":"https:\/\/www.polymerpacker.de\/nl\/wp-json\/wp\/v2\/types\/page"}],"author":[{"embeddable":true,"href":"https:\/\/www.polymerpacker.de\/nl\/wp-json\/wp\/v2\/users\/1"}],"replies":[{"embeddable":true,"href":"https:\/\/www.polymerpacker.de\/nl\/wp-json\/wp\/v2\/comments?post=2521"}],"version-history":[{"count":0,"href":"https:\/\/www.polymerpacker.de\/nl\/wp-json\/wp\/v2\/pages\/2521\/revisions"}],"wp:attachment":[{"href":"https:\/\/www.polymerpacker.de\/nl\/wp-json\/wp\/v2\/media?parent=2521"}],"curies":[{"name":"wp","href":"https:\/\/api.w.org\/{rel}","templated":true}]}}