{"id":3191,"date":"2023-04-28T19:58:59","date_gmt":"2023-04-28T17:58:59","guid":{"rendered":"https:\/\/www.polymerpacker.de\/?post_type=product&#038;p=3191"},"modified":"2026-04-29T20:08:46","modified_gmt":"2026-04-29T18:08:46","slug":"dissolutore-150-mm-con-albero-in-acciaio-600-mm-con-raccordo","status":"publish","type":"product","link":"https:\/\/www.polymerpacker.de\/it\/produkt\/dissolver-150-mm-mit-stahlwelle-600-mm-mit-zapfen\/","title":{"rendered":"Dissolutore 150 mm con albero in acciaio 600 mm con raccordo"},"content":{"rendered":"<p lang=\"zxx\"><span style=\"color: #000000;\"><b>Polymerpacker Dissolutore <\/b>(agitatori a disco) sono strumenti molto efficaci con eccellenti propriet\u00e0 di miscelazione per produrre consistenze molto omogenee. La bassa formazione di schizzi, il basso trascinamento di aria nella miscela (formazione di bolle) e la facilit\u00e0 di smontaggio consentono di lavorare in modo efficace e pulito con un'elevata produttivit\u00e0.<strong> Polymerpacker - perch\u00e9 un buon lavoro inizia con buoni strumenti.<\/strong><\/span><\/p>\n<p lang=\"zxx\"><span style=\"color: #000000;\"><b>Esempi di applicazione: <\/b> Miscelazione, agitazione e dispersione di liquidi e sospensioni (paste) come pitture, vernici, adesivi, miscele di resine sintetiche, vari composti livellanti, intonaci, intonaci di calce, cemento o argilla. Miscelazione di polveri secche e scorrevoli, granulati e sabbie a media densit\u00e0.<\/span><\/p>\n<p><span style=\"color: #000000;\"><b>Polymerpacker Dissolutore<\/b> sono disponibili con dischi dissolutori di diametro 45, 75, 100 e 150 mm. Ciascuno di essi pu\u00f2 essere abbinato a un'ampia scelta di alberi resolver diversi per coprire innumerevoli aree di applicazione. Il disco dissolutore pu\u00f2 essere collegato e rimosso in modo rapido e semplice dall'albero dissolutore corrispondente. I trapani disponibili in commercio sono ideali come macchine motrici.<\/span><\/p>","protected":false},"excerpt":{"rendered":"<h3><span style=\"color: #000000;\"><strong>Dissolutore 150 mm con albero in acciaio 600 mm con raccordo<\/strong><\/span><\/h3>\n<p><span style=\"color: #000000;\"><strong>Albero dissaldatore lungo 600 mm, in acciaio esagonale da 14 mm (rivestito anticorrosione) con attacco da 13 mm per l'utilizzo in mandrini da trapano fino a max. 10 mm (3\/8\u2033)<br \/>\n<\/strong><\/span><\/p>","protected":false},"featured_media":3073,"template":"","meta":[],"product_brand":[],"product_cat":[223],"product_tag":[127],"class_list":{"0":"post-3191","1":"product","2":"type-product","3":"status-publish","4":"has-post-thumbnail","6":"product_cat-dissolver-150-mm-mit-stahlwelle","7":"product_tag-dissolver","9":"first","10":"instock","11":"taxable","12":"shipping-taxable","13":"purchasable","14":"product-type-simple"},"tiered_pricing_type":"percentage","tiered_pricing_fixed_rules":[],"tiered_pricing_product_settings":{"layout":"default","base_unit_name":{"singular":null,"plural":null},"default_variation":null},"tiered_pricing_minimum_quantity":null,"tiered_pricing_roles_data":[],"tiered_pricing_percentage_rules":{"5":3,"10":5,"25":8},"tiered_pricing_maximum_quantity":null,"tiered_pricing_quantity_step":null,"_links":{"self":[{"href":"https:\/\/www.polymerpacker.de\/it\/wp-json\/wp\/v2\/product\/3191","targetHints":{"allow":["GET"]}}],"collection":[{"href":"https:\/\/www.polymerpacker.de\/it\/wp-json\/wp\/v2\/product"}],"about":[{"href":"https:\/\/www.polymerpacker.de\/it\/wp-json\/wp\/v2\/types\/product"}],"wp:featuredmedia":[{"embeddable":true,"href":"https:\/\/www.polymerpacker.de\/it\/wp-json\/wp\/v2\/media\/3073"}],"wp:attachment":[{"href":"https:\/\/www.polymerpacker.de\/it\/wp-json\/wp\/v2\/media?parent=3191"}],"wp:term":[{"taxonomy":"product_brand","embeddable":true,"href":"https:\/\/www.polymerpacker.de\/it\/wp-json\/wp\/v2\/product_brand?post=3191"},{"taxonomy":"product_cat","embeddable":true,"href":"https:\/\/www.polymerpacker.de\/it\/wp-json\/wp\/v2\/product_cat?post=3191"},{"taxonomy":"product_tag","embeddable":true,"href":"https:\/\/www.polymerpacker.de\/it\/wp-json\/wp\/v2\/product_tag?post=3191"}],"curies":[{"name":"wp","href":"https:\/\/api.w.org\/{rel}","templated":true}]}}