{"id":3126,"date":"2023-04-25T14:19:27","date_gmt":"2023-04-25T12:19:27","guid":{"rendered":"https:\/\/www.polymerpacker.de\/?post_type=product&#038;p=3126"},"modified":"2026-04-29T20:08:46","modified_gmt":"2026-04-29T18:08:46","slug":"dissolutore-75-mm-per-tecnologia-alimentare-e-medica-con-albero-in-acciaio-inox-300-mm","status":"publish","type":"product","link":"https:\/\/www.polymerpacker.de\/it\/produkt\/dissolver-75-mm-fuer-lebensmittel-und-medizintechnik-mit-edelstahlwelle-300-mm\/","title":{"rendered":"Dissolutore 75 mm per tecnologia alimentare e medica con albero in acciaio inox 300 mm"},"content":{"rendered":"<p><span style=\"color: #000000;\"><strong>Polymerpacker Dissolutore<\/strong> sono strumenti molto efficaci con eccellenti propriet\u00e0 di miscelazione per produrre consistenze molto omogenee. La bassa formazione di spruzzi, il ridotto ingresso di aria nell'impasto (formazione di bolle) e la facilit\u00e0 di smontaggio consentono di lavorare in modo efficace e pulito con un'elevata produttivit\u00e0. <strong>Polymerpacker, perch\u00e9 un buon lavoro inizia con buoni strumenti<\/strong>.<\/span><\/p>\n<p><span style=\"color: #000000;\">Con il modello Polymerpacker <strong>Dissolutori per la tecnologia alimentare e medica<\/strong> i dischi dissolutori sono realizzati in poliammide conforme alle specifiche FDA (US - Food and Drug Administration) e UE n. 10\/2011. Gli alberi del dissolutore sono in acciaio inossidabile (materiale: 1.4305). Gli alberi del dissolutore in acciaio inossidabile (materiale: 1.4404 \/ 316L) sono disponibili su richiesta. I certificati di prova dei materiali utilizzati sono disponibili gratuitamente su richiesta.<\/span><\/p>\n<p><span style=\"color: #000000;\"><strong>Esempi di applicazioni alimentari<\/strong>Miscelazione, agitazione e dispersione di liquidi e sospensioni (creme, paste, salse). Molto adatto per prodotti a base di pasta, impasti di salsicce, prodotti lattiero-caseari, produzione di bevande.<\/span><\/p>\n<p><span style=\"color: #000000;\"><strong>Esempi di applicazioni mediche<\/strong>Miscelazione, agitazione e dispersione di liquidi e sospensioni (creme, unguenti, paste, lozioni, emulsioni) come disinfettanti, prodotti per la cura della pelle, prodotti per la cura dei capelli, farmaci liquidi o in polvere e integratori alimentari.<\/span><\/p>","protected":false},"excerpt":{"rendered":"<h3><span style=\"color: #000000;\"><strong>Dissolutore 75 mm per tecnologia alimentare e medica con albero in acciaio inox 300 mm<\/strong><\/span><\/h3>\n<p><span style=\"color: #000000;\">Albero del dissolutore lungo 300 mm, in acciaio inox esagonale da 8 mm.<\/span><\/p>","protected":false},"featured_media":3099,"template":"","meta":[],"product_brand":[],"product_cat":[135,214],"product_tag":[127],"class_list":{"0":"post-3126","1":"product","2":"type-product","3":"status-publish","4":"has-post-thumbnail","6":"product_cat-dissolver-fuer-lebensmittel-und-medizintechnik","7":"product_cat-dissolver-75-mm-fuer-lebensmittel-und-medizintechnik","8":"product_tag-dissolver","10":"first","11":"instock","12":"taxable","13":"shipping-taxable","14":"purchasable","15":"product-type-simple"},"tiered_pricing_type":"percentage","tiered_pricing_fixed_rules":[],"tiered_pricing_product_settings":{"layout":"table","base_unit_name":{"singular":null,"plural":null},"default_variation":null},"tiered_pricing_minimum_quantity":null,"tiered_pricing_roles_data":[],"tiered_pricing_percentage_rules":{"5":3,"10":5,"25":8},"tiered_pricing_maximum_quantity":null,"tiered_pricing_quantity_step":null,"_links":{"self":[{"href":"https:\/\/www.polymerpacker.de\/it\/wp-json\/wp\/v2\/product\/3126","targetHints":{"allow":["GET"]}}],"collection":[{"href":"https:\/\/www.polymerpacker.de\/it\/wp-json\/wp\/v2\/product"}],"about":[{"href":"https:\/\/www.polymerpacker.de\/it\/wp-json\/wp\/v2\/types\/product"}],"wp:featuredmedia":[{"embeddable":true,"href":"https:\/\/www.polymerpacker.de\/it\/wp-json\/wp\/v2\/media\/3099"}],"wp:attachment":[{"href":"https:\/\/www.polymerpacker.de\/it\/wp-json\/wp\/v2\/media?parent=3126"}],"wp:term":[{"taxonomy":"product_brand","embeddable":true,"href":"https:\/\/www.polymerpacker.de\/it\/wp-json\/wp\/v2\/product_brand?post=3126"},{"taxonomy":"product_cat","embeddable":true,"href":"https:\/\/www.polymerpacker.de\/it\/wp-json\/wp\/v2\/product_cat?post=3126"},{"taxonomy":"product_tag","embeddable":true,"href":"https:\/\/www.polymerpacker.de\/it\/wp-json\/wp\/v2\/product_tag?post=3126"}],"curies":[{"name":"wp","href":"https:\/\/api.w.org\/{rel}","templated":true}]}}